{"id":1950,"date":"2022-10-07T11:45:10","date_gmt":"2022-10-07T11:45:10","guid":{"rendered":"https:\/\/fidepartners.com\/tom-allegaert\/"},"modified":"2025-05-08T17:10:24","modified_gmt":"2025-05-08T17:10:24","slug":"tom-allegaert","status":"publish","type":"page","link":"https:\/\/fidepartners.com\/es\/tom-allegaert\/","title":{"rendered":"Tom Allegaert"},"content":{"rendered":"<section class=\"l-section wpb_row us_custom_38d68270 height_auto\"><div class=\"l-section-h i-cf\"><div class=\"g-cols vc_row via_grid cols_3-2 laptops-cols_inherit tablets-cols_1 mobiles-cols_1 valign_middle type_default stacking_default\" style=\"--gap:calc(3rem + 1rem);\"><div class=\"wpb_column vc_column_container us_custom_d5301246\"><div class=\"vc_column-inner\"><div class=\"w-separator size_custom\" style=\"height:50px\" id=\"i55b\"><style>@media(max-width:1024px){ #i55b{height:100px!important}}@media(max-width:600px){ #i55b{height:100px!important}}<\/style><\/div><h1 class=\"w-text\"><span class=\"w-text-h\"><span class=\"w-text-value\"><strong>Equipo<\/strong><\/span><\/span><\/h1><div class=\"w-separator size_custom\" style=\"height:50px\" id=\"g746\"><style>@media(max-width:1024px){ #g746{height:100px!important}}@media(max-width:600px){ #g746{height:100px!important}}<\/style><\/div><\/div><\/div><div class=\"wpb_column vc_column_container us_custom_ef2df852\"><div class=\"vc_column-inner\"><\/div><\/div><\/div><\/div><\/section><section class=\"l-section wpb_row height_small\"><div class=\"l-section-h i-cf\"><div class=\"g-cols vc_row via_grid cols_1 laptops-cols_inherit tablets-cols_inherit mobiles-cols_1 valign_top type_default stacking_default\"><div class=\"wpb_column vc_column_container\"><div class=\"vc_column-inner\"><div class=\"w-separator size_custom\" style=\"height:50px\" id=\"ndea\"><style>@media(max-width:1024px){ #ndea{height:100px!important}}@media(max-width:600px){ #ndea{height:100px!important}}<\/style><\/div><div class=\"g-cols wpb_row via_grid cols_2 laptops-cols_inherit tablets-cols_inherit mobiles-cols_1 valign_top type_default stacking_default\" style=\"--gap:3rem;\"><div class=\"wpb_column vc_column_container\"><div class=\"vc_column-inner\"><div class=\"w-image us_custom_7e20fa79 us_animate_this align_center\"><div class=\"w-image-h\"><img decoding=\"async\" width=\"800\" height=\"800\" src=\"https:\/\/fidepartners.com\/wp-content\/uploads\/2022\/12\/Tom-Allegaert.jpg\" class=\"attachment-full size-full\" alt=\"Tom Allegaert\" loading=\"lazy\" srcset=\"https:\/\/fidepartners.com\/wp-content\/uploads\/2022\/12\/Tom-Allegaert.jpg 800w, https:\/\/fidepartners.com\/wp-content\/uploads\/2022\/12\/Tom-Allegaert-300x300.jpg 300w, https:\/\/fidepartners.com\/wp-content\/uploads\/2022\/12\/Tom-Allegaert-150x150.jpg 150w\" sizes=\"auto, (max-width: 800px) 100vw, 800px\" \/><\/div><\/div><\/div><\/div><div class=\"wpb_column vc_column_container\"><div class=\"vc_column-inner\"><div class=\"wpb_text_column\"><div class=\"wpb_wrapper\"><h2>Tom Allegaert<\/h2>\n<p>Tom es uno de los socios fundadores de Fide Partners y Managing Director de nuestras operaciones en las Am\u00e9ricas. Divide su tiempo entre Madrid, Ciudad de M\u00e9xico y Bogot\u00e1.<\/p>\n<p>Tom cuenta con m\u00e1s de 19 a\u00f1os de experiencia en el sector TMT, y ha respaldado a clientes tanto en el mercado p\u00fablico como en el privado. Su amplia trayectoria le ha llevado a trabajar en cuatro continentes, asesorando a CEOs y juntas directivas de operadores de telecomunicaciones, fondos de inversi\u00f3n y autoridades regulatorias.<\/p>\n<p>Las \u00e1reas de especializaci\u00f3n de Tom incluyen la estrategia corporativa y planes de expansi\u00f3n, fusiones y adquisiciones, proyectos de estrategia, gesti\u00f3n financiera y revisi\u00f3n e implementaci\u00f3n de iniciativas regulatorias. Despu\u00e9s de haber apoyado a varios operadores globales y regionales, Tom ahora enfoca sus esfuerzos en ayudar a jugadores del sector TMT a expandirse a nuevos mercados. El objetivo de Tom es ayudar a estos operadores a apalancarse en sus activos y posicionamiento mediante asesoramiento estrat\u00e9gico y financiero.<\/p>\n<p>Antes de fundar Fide Partners, Tom fue un Principal en Delta Partners, donde ayud\u00f3 a lanzar la oficina en Bogot\u00e1. Previamente, fue Manager para Analysys Mason en Madrid. Tom tiene un m\u00e1ster en Econom\u00eda Aplicada de la Universidad de Lovaina (B\u00e9lgica) y un posgrado de la EM Lyon (Francia). Habla con fluidez ingl\u00e9s, holand\u00e9s, espa\u00f1ol y franc\u00e9s.<\/p>\n<\/div><\/div><\/div><\/div><\/div><div class=\"w-separator size_huge\"><\/div><\/div><\/div><\/div><\/div><\/section>\n","protected":false},"excerpt":{"rendered":"EquipoTom Allegaert Tom es uno de los socios fundadores de Fide Partners y Managing Director de nuestras operaciones en las Am\u00e9ricas. Divide su tiempo entre Madrid, Ciudad de M\u00e9xico y Bogot\u00e1. Tom cuenta con m\u00e1s de 19 a\u00f1os de experiencia en el sector TMT, y ha respaldado a clientes tanto en el mercado p\u00fablico como...","protected":false},"author":1,"featured_media":0,"parent":0,"menu_order":0,"comment_status":"closed","ping_status":"closed","template":"","meta":{"inline_featured_image":false,"footnotes":""},"class_list":["post-1950","page","type-page","status-publish","hentry"],"yoast_head":"<!-- This site is optimized with the Yoast SEO plugin v23.9 - https:\/\/yoast.com\/wordpress\/plugins\/seo\/ -->\n<title>Tom Allegaert - Firma de consultor\u00eda estrat\u00e9gica y de gesti\u00f3n\u00a0<\/title>\n<meta name=\"robots\" content=\"index, follow, max-snippet:-1, max-image-preview:large, max-video-preview:-1\" \/>\n<link rel=\"canonical\" href=\"https:\/\/fidepartners.com\/es\/tom-allegaert\/\" \/>\n<meta property=\"og:locale\" content=\"es_ES\" \/>\n<meta property=\"og:type\" content=\"article\" \/>\n<meta property=\"og:title\" content=\"Tom Allegaert - Firma de consultor\u00eda estrat\u00e9gica y de gesti\u00f3n\u00a0\" \/>\n<meta property=\"og:url\" content=\"https:\/\/fidepartners.com\/es\/tom-allegaert\/\" \/>\n<meta property=\"og:site_name\" content=\"Firma de consultor\u00eda estrat\u00e9gica y de gesti\u00f3n\u00a0\" \/>\n<meta property=\"article:modified_time\" content=\"2025-05-08T17:10:24+00:00\" \/>\n<meta name=\"twitter:card\" content=\"summary_large_image\" \/>\n<meta name=\"twitter:label1\" content=\"Tiempo de lectura\" \/>\n\t<meta name=\"twitter:data1\" content=\"2 minutos\" \/>\n<script type=\"application\/ld+json\" class=\"yoast-schema-graph\">{\"@context\":\"https:\/\/schema.org\",\"@graph\":[{\"@type\":\"WebPage\",\"@id\":\"https:\/\/fidepartners.com\/es\/tom-allegaert\/\",\"url\":\"https:\/\/fidepartners.com\/es\/tom-allegaert\/\",\"name\":\"Tom Allegaert - Firma de consultor\u00eda estrat\u00e9gica y de gesti\u00f3n\u00a0\",\"isPartOf\":{\"@id\":\"https:\/\/fidepartners.com\/es\/#website\"},\"datePublished\":\"2022-10-07T11:45:10+00:00\",\"dateModified\":\"2025-05-08T17:10:24+00:00\",\"breadcrumb\":{\"@id\":\"https:\/\/fidepartners.com\/es\/tom-allegaert\/#breadcrumb\"},\"inLanguage\":\"es\",\"potentialAction\":[{\"@type\":\"ReadAction\",\"target\":[\"https:\/\/fidepartners.com\/es\/tom-allegaert\/\"]}]},{\"@type\":\"BreadcrumbList\",\"@id\":\"https:\/\/fidepartners.com\/es\/tom-allegaert\/#breadcrumb\",\"itemListElement\":[{\"@type\":\"ListItem\",\"position\":1,\"name\":\"Portada\",\"item\":\"https:\/\/fidepartners.com\/es\/\"},{\"@type\":\"ListItem\",\"position\":2,\"name\":\"Tom Allegaert\"}]},{\"@type\":\"WebSite\",\"@id\":\"https:\/\/fidepartners.com\/es\/#website\",\"url\":\"https:\/\/fidepartners.com\/es\/\",\"name\":\"Firma de consultor\u00eda estrat\u00e9gica y de gesti\u00f3n\u00a0\",\"description\":\"Aportamos y comprometemos nuestra s\u00f3lida experiencia para apoyar a todos los actores de la cadena de valor de las TMT y del ecosistema digital\",\"potentialAction\":[{\"@type\":\"SearchAction\",\"target\":{\"@type\":\"EntryPoint\",\"urlTemplate\":\"https:\/\/fidepartners.com\/es\/?s={search_term_string}\"},\"query-input\":{\"@type\":\"PropertyValueSpecification\",\"valueRequired\":true,\"valueName\":\"search_term_string\"}}],\"inLanguage\":\"es\"}]}<\/script>\n<!-- \/ Yoast SEO plugin. -->","yoast_head_json":{"title":"Tom Allegaert - Firma de consultor\u00eda estrat\u00e9gica y de gesti\u00f3n\u00a0","robots":{"index":"index","follow":"follow","max-snippet":"max-snippet:-1","max-image-preview":"max-image-preview:large","max-video-preview":"max-video-preview:-1"},"canonical":"https:\/\/fidepartners.com\/es\/tom-allegaert\/","og_locale":"es_ES","og_type":"article","og_title":"Tom Allegaert - Firma de consultor\u00eda estrat\u00e9gica y de gesti\u00f3n\u00a0","og_url":"https:\/\/fidepartners.com\/es\/tom-allegaert\/","og_site_name":"Firma de consultor\u00eda estrat\u00e9gica y de gesti\u00f3n\u00a0","article_modified_time":"2025-05-08T17:10:24+00:00","twitter_card":"summary_large_image","twitter_misc":{"Tiempo de lectura":"2 minutos"},"schema":{"@context":"https:\/\/schema.org","@graph":[{"@type":"WebPage","@id":"https:\/\/fidepartners.com\/es\/tom-allegaert\/","url":"https:\/\/fidepartners.com\/es\/tom-allegaert\/","name":"Tom Allegaert - Firma de consultor\u00eda estrat\u00e9gica y de gesti\u00f3n\u00a0","isPartOf":{"@id":"https:\/\/fidepartners.com\/es\/#website"},"datePublished":"2022-10-07T11:45:10+00:00","dateModified":"2025-05-08T17:10:24+00:00","breadcrumb":{"@id":"https:\/\/fidepartners.com\/es\/tom-allegaert\/#breadcrumb"},"inLanguage":"es","potentialAction":[{"@type":"ReadAction","target":["https:\/\/fidepartners.com\/es\/tom-allegaert\/"]}]},{"@type":"BreadcrumbList","@id":"https:\/\/fidepartners.com\/es\/tom-allegaert\/#breadcrumb","itemListElement":[{"@type":"ListItem","position":1,"name":"Portada","item":"https:\/\/fidepartners.com\/es\/"},{"@type":"ListItem","position":2,"name":"Tom Allegaert"}]},{"@type":"WebSite","@id":"https:\/\/fidepartners.com\/es\/#website","url":"https:\/\/fidepartners.com\/es\/","name":"Firma de consultor\u00eda estrat\u00e9gica y de gesti\u00f3n\u00a0","description":"Aportamos y comprometemos nuestra s\u00f3lida experiencia para apoyar a todos los actores de la cadena de valor de las TMT y del ecosistema digital","potentialAction":[{"@type":"SearchAction","target":{"@type":"EntryPoint","urlTemplate":"https:\/\/fidepartners.com\/es\/?s={search_term_string}"},"query-input":{"@type":"PropertyValueSpecification","valueRequired":true,"valueName":"search_term_string"}}],"inLanguage":"es"}]}},"_links":{"self":[{"href":"https:\/\/fidepartners.com\/es\/wp-json\/wp\/v2\/pages\/1950","targetHints":{"allow":["GET"]}}],"collection":[{"href":"https:\/\/fidepartners.com\/es\/wp-json\/wp\/v2\/pages"}],"about":[{"href":"https:\/\/fidepartners.com\/es\/wp-json\/wp\/v2\/types\/page"}],"author":[{"embeddable":true,"href":"https:\/\/fidepartners.com\/es\/wp-json\/wp\/v2\/users\/1"}],"replies":[{"embeddable":true,"href":"https:\/\/fidepartners.com\/es\/wp-json\/wp\/v2\/comments?post=1950"}],"version-history":[{"count":1,"href":"https:\/\/fidepartners.com\/es\/wp-json\/wp\/v2\/pages\/1950\/revisions"}],"predecessor-version":[{"id":4062,"href":"https:\/\/fidepartners.com\/es\/wp-json\/wp\/v2\/pages\/1950\/revisions\/4062"}],"wp:attachment":[{"href":"https:\/\/fidepartners.com\/es\/wp-json\/wp\/v2\/media?parent=1950"}],"curies":[{"name":"wp","href":"https:\/\/api.w.org\/{rel}","templated":true}]}}