{"id":1956,"date":"2022-10-11T14:36:35","date_gmt":"2022-10-11T14:36:35","guid":{"rendered":"https:\/\/fidepartners.com\/guillermo-fernandez\/"},"modified":"2025-05-08T17:21:38","modified_gmt":"2025-05-08T17:21:38","slug":"guillermo-fernandez","status":"publish","type":"page","link":"https:\/\/fidepartners.com\/es\/guillermo-fernandez\/","title":{"rendered":"Guillermo Fern\u00e1ndez"},"content":{"rendered":"<section class=\"l-section wpb_row us_custom_38d68270 height_auto\"><div class=\"l-section-h i-cf\"><div class=\"g-cols vc_row via_grid cols_3-2 laptops-cols_inherit tablets-cols_1 mobiles-cols_1 valign_middle type_default stacking_default\" style=\"--columns-gap:calc(3rem + 1rem);\"><div class=\"wpb_column vc_column_container us_custom_d5301246\"><div class=\"vc_column-inner\"><div class=\"w-separator size_custom\" style=\"height:50px\" id=\"s195\"><style>@media(max-width:1024px){ #s195{height:100px!important}}@media(max-width:600px){ #s195{height:100px!important}}<\/style><\/div><h1 class=\"w-text\"><span class=\"w-text-h\"><span class=\"w-text-value\"><strong>Equipo<\/strong><\/span><\/span><\/h1><div class=\"w-separator size_custom\" style=\"height:50px\" id=\"j4bf\"><style>@media(max-width:1024px){ #j4bf{height:100px!important}}@media(max-width:600px){ #j4bf{height:100px!important}}<\/style><\/div><\/div><\/div><div class=\"wpb_column vc_column_container us_custom_ef2df852\"><div class=\"vc_column-inner\"><\/div><\/div><\/div><\/div><\/section><section class=\"l-section wpb_row height_small\"><div class=\"l-section-h i-cf\"><div class=\"g-cols vc_row via_grid cols_1 laptops-cols_inherit tablets-cols_inherit mobiles-cols_1 valign_top type_default stacking_default\"><div class=\"wpb_column vc_column_container\"><div class=\"vc_column-inner\"><div class=\"w-separator size_custom\" style=\"height:50px\" id=\"n51e\"><style>@media(max-width:1024px){ #n51e{height:100px!important}}@media(max-width:600px){ #n51e{height:100px!important}}<\/style><\/div><div class=\"g-cols wpb_row via_grid cols_2 laptops-cols_inherit tablets-cols_inherit mobiles-cols_1 valign_top type_default stacking_default\" style=\"--columns-gap:3rem;\"><div class=\"wpb_column vc_column_container\"><div class=\"vc_column-inner\"><div class=\"w-image us_custom_7e20fa79 us_animate_this align_center\"><div class=\"w-image-h\"><img decoding=\"async\" width=\"800\" height=\"800\" src=\"https:\/\/fidepartners.com\/wp-content\/uploads\/2022\/12\/Guillermo-Ferna\u0301ndez-Castellanos.jpg\" class=\"attachment-full size-full\" alt=\"Guillermo Ferna\u0301ndez Castellanos\" loading=\"lazy\" srcset=\"https:\/\/fidepartners.com\/wp-content\/uploads\/2022\/12\/Guillermo-Ferna\u0301ndez-Castellanos.jpg 800w, https:\/\/fidepartners.com\/wp-content\/uploads\/2022\/12\/Guillermo-Ferna\u0301ndez-Castellanos-300x300.jpg 300w, https:\/\/fidepartners.com\/wp-content\/uploads\/2022\/12\/Guillermo-Ferna\u0301ndez-Castellanos-150x150.jpg 150w\" sizes=\"auto, (max-width: 800px) 100vw, 800px\" \/><\/div><\/div><\/div><\/div><div class=\"wpb_column vc_column_container\"><div class=\"vc_column-inner\"><div class=\"wpb_text_column\"><div class=\"wpb_wrapper\"><h2>Guillermo Fern\u00e1ndez<\/h2>\n<p>Guillermo ha dedicado m\u00e1s de 20 a\u00f1os a trabajar como consultor aportando valor a los clientes del mercado TMT. Ha trabajado en seis continentes, con especial foco en Europa y Am\u00e9rica, donde ha participado en m\u00e1s de 100 proyectos que abarcan debida diligencia, proyectos de estrategia, asistencia jur\u00eddica y regulaci\u00f3n, entre otros. Se ha centrado en diversas \u00e1reas dentro del sector TMT, incluida la infraestructura m\u00f3vil y de radiodifusi\u00f3n (incluyendo DAS y <em style=\"color: #333333 !important;\">small cells<\/em>), fibra de acceso y core, cables submarinos, sat\u00e9lites, centros de datos, servicios en la nube\/SaaS, proveedores de contenido e integradores de sistemas. Ha asesorado a clientes en procesos complejos como escisiones de infraestructura y revisiones de estrategias comerciales y t\u00e9cnicas. Guillermo supervisa la oficina de Madrid y ha sido un elemento activo en el crecimiento humano y estructural de Fide Partners desde su incorporaci\u00f3n.<\/p>\n<p>Antes de entrar en Fide Partners, Guillermo trabaj\u00f3 diez a\u00f1os como Manager de Analysys Mason, tres a\u00f1os en PwC Espa\u00f1a y un a\u00f1o en Toshiba en Kawasaki.<\/p>\n<p>Tiene un m\u00e1ster en Ingenier\u00eda de Telecomunicaciones y habla con fluidez espa\u00f1ol, ingl\u00e9s y franc\u00e9s.<\/p>\n<\/div><\/div><\/div><\/div><\/div><div class=\"w-separator size_huge\"><\/div><\/div><\/div><\/div><\/div><\/section>\n","protected":false},"excerpt":{"rendered":"EquipoGuillermo Fern\u00e1ndez Guillermo ha dedicado m\u00e1s de 20 a\u00f1os a trabajar como consultor aportando valor a los clientes del mercado TMT. Ha trabajado en seis continentes, con especial foco en Europa y Am\u00e9rica, donde ha participado en m\u00e1s de 100 proyectos que abarcan debida diligencia, proyectos de estrategia, asistencia jur\u00eddica y regulaci\u00f3n, entre otros. Se...","protected":false},"author":1,"featured_media":0,"parent":0,"menu_order":0,"comment_status":"closed","ping_status":"closed","template":"","meta":{"inline_featured_image":false,"footnotes":""},"class_list":["post-1956","page","type-page","status-publish","hentry"],"yoast_head":"<!-- This site is optimized with the Yoast SEO plugin v27.5 - https:\/\/yoast.com\/product\/yoast-seo-wordpress\/ -->\n<title>Guillermo Fern\u00e1ndez - Firma de consultor\u00eda estrat\u00e9gica y de gesti\u00f3n\u00a0<\/title>\n<meta name=\"robots\" content=\"index, follow, max-snippet:-1, max-image-preview:large, max-video-preview:-1\" \/>\n<link rel=\"canonical\" href=\"https:\/\/fidepartners.com\/es\/guillermo-fernandez\/\" \/>\n<meta property=\"og:locale\" content=\"es_ES\" \/>\n<meta property=\"og:type\" content=\"article\" \/>\n<meta property=\"og:title\" content=\"Guillermo Fern\u00e1ndez - Firma de consultor\u00eda estrat\u00e9gica y de gesti\u00f3n\u00a0\" \/>\n<meta property=\"og:url\" content=\"https:\/\/fidepartners.com\/es\/guillermo-fernandez\/\" \/>\n<meta property=\"og:site_name\" content=\"Firma de consultor\u00eda estrat\u00e9gica y de gesti\u00f3n\u00a0\" \/>\n<meta property=\"article:modified_time\" content=\"2025-05-08T17:21:38+00:00\" \/>\n<meta name=\"twitter:card\" content=\"summary_large_image\" \/>\n<meta name=\"twitter:label1\" content=\"Tiempo de lectura\" \/>\n\t<meta name=\"twitter:data1\" content=\"1 minuto\" \/>\n<script type=\"application\/ld+json\" class=\"yoast-schema-graph\">{\"@context\":\"https:\\\/\\\/schema.org\",\"@graph\":[{\"@type\":\"WebPage\",\"@id\":\"https:\\\/\\\/fidepartners.com\\\/es\\\/guillermo-fernandez\\\/\",\"url\":\"https:\\\/\\\/fidepartners.com\\\/es\\\/guillermo-fernandez\\\/\",\"name\":\"Guillermo Fern\u00e1ndez - Firma de consultor\u00eda estrat\u00e9gica y de gesti\u00f3n\u00a0\",\"isPartOf\":{\"@id\":\"https:\\\/\\\/fidepartners.com\\\/es\\\/#website\"},\"datePublished\":\"2022-10-11T14:36:35+00:00\",\"dateModified\":\"2025-05-08T17:21:38+00:00\",\"breadcrumb\":{\"@id\":\"https:\\\/\\\/fidepartners.com\\\/es\\\/guillermo-fernandez\\\/#breadcrumb\"},\"inLanguage\":\"es\",\"potentialAction\":[{\"@type\":\"ReadAction\",\"target\":[\"https:\\\/\\\/fidepartners.com\\\/es\\\/guillermo-fernandez\\\/\"]}]},{\"@type\":\"BreadcrumbList\",\"@id\":\"https:\\\/\\\/fidepartners.com\\\/es\\\/guillermo-fernandez\\\/#breadcrumb\",\"itemListElement\":[{\"@type\":\"ListItem\",\"position\":1,\"name\":\"Portada\",\"item\":\"https:\\\/\\\/fidepartners.com\\\/es\\\/\"},{\"@type\":\"ListItem\",\"position\":2,\"name\":\"Guillermo Fern\u00e1ndez\"}]},{\"@type\":\"WebSite\",\"@id\":\"https:\\\/\\\/fidepartners.com\\\/es\\\/#website\",\"url\":\"https:\\\/\\\/fidepartners.com\\\/es\\\/\",\"name\":\"Firma de consultor\u00eda estrat\u00e9gica y de gesti\u00f3n\u00a0\",\"description\":\"Aportamos y comprometemos nuestra s\u00f3lida experiencia para apoyar a todos los actores de la cadena de valor de las TMT y del ecosistema digital\",\"potentialAction\":[{\"@type\":\"SearchAction\",\"target\":{\"@type\":\"EntryPoint\",\"urlTemplate\":\"https:\\\/\\\/fidepartners.com\\\/es\\\/?s={search_term_string}\"},\"query-input\":{\"@type\":\"PropertyValueSpecification\",\"valueRequired\":true,\"valueName\":\"search_term_string\"}}],\"inLanguage\":\"es\"}]}<\/script>\n<!-- \/ Yoast SEO plugin. -->","yoast_head_json":{"title":"Guillermo Fern\u00e1ndez - Firma de consultor\u00eda estrat\u00e9gica y de gesti\u00f3n\u00a0","robots":{"index":"index","follow":"follow","max-snippet":"max-snippet:-1","max-image-preview":"max-image-preview:large","max-video-preview":"max-video-preview:-1"},"canonical":"https:\/\/fidepartners.com\/es\/guillermo-fernandez\/","og_locale":"es_ES","og_type":"article","og_title":"Guillermo Fern\u00e1ndez - Firma de consultor\u00eda estrat\u00e9gica y de gesti\u00f3n\u00a0","og_url":"https:\/\/fidepartners.com\/es\/guillermo-fernandez\/","og_site_name":"Firma de consultor\u00eda estrat\u00e9gica y de gesti\u00f3n\u00a0","article_modified_time":"2025-05-08T17:21:38+00:00","twitter_card":"summary_large_image","twitter_misc":{"Tiempo de lectura":"1 minuto"},"schema":{"@context":"https:\/\/schema.org","@graph":[{"@type":"WebPage","@id":"https:\/\/fidepartners.com\/es\/guillermo-fernandez\/","url":"https:\/\/fidepartners.com\/es\/guillermo-fernandez\/","name":"Guillermo Fern\u00e1ndez - Firma de consultor\u00eda estrat\u00e9gica y de gesti\u00f3n\u00a0","isPartOf":{"@id":"https:\/\/fidepartners.com\/es\/#website"},"datePublished":"2022-10-11T14:36:35+00:00","dateModified":"2025-05-08T17:21:38+00:00","breadcrumb":{"@id":"https:\/\/fidepartners.com\/es\/guillermo-fernandez\/#breadcrumb"},"inLanguage":"es","potentialAction":[{"@type":"ReadAction","target":["https:\/\/fidepartners.com\/es\/guillermo-fernandez\/"]}]},{"@type":"BreadcrumbList","@id":"https:\/\/fidepartners.com\/es\/guillermo-fernandez\/#breadcrumb","itemListElement":[{"@type":"ListItem","position":1,"name":"Portada","item":"https:\/\/fidepartners.com\/es\/"},{"@type":"ListItem","position":2,"name":"Guillermo Fern\u00e1ndez"}]},{"@type":"WebSite","@id":"https:\/\/fidepartners.com\/es\/#website","url":"https:\/\/fidepartners.com\/es\/","name":"Firma de consultor\u00eda estrat\u00e9gica y de gesti\u00f3n\u00a0","description":"Aportamos y comprometemos nuestra s\u00f3lida experiencia para apoyar a todos los actores de la cadena de valor de las TMT y del ecosistema digital","potentialAction":[{"@type":"SearchAction","target":{"@type":"EntryPoint","urlTemplate":"https:\/\/fidepartners.com\/es\/?s={search_term_string}"},"query-input":{"@type":"PropertyValueSpecification","valueRequired":true,"valueName":"search_term_string"}}],"inLanguage":"es"}]}},"_links":{"self":[{"href":"https:\/\/fidepartners.com\/es\/wp-json\/wp\/v2\/pages\/1956","targetHints":{"allow":["GET"]}}],"collection":[{"href":"https:\/\/fidepartners.com\/es\/wp-json\/wp\/v2\/pages"}],"about":[{"href":"https:\/\/fidepartners.com\/es\/wp-json\/wp\/v2\/types\/page"}],"author":[{"embeddable":true,"href":"https:\/\/fidepartners.com\/es\/wp-json\/wp\/v2\/users\/1"}],"replies":[{"embeddable":true,"href":"https:\/\/fidepartners.com\/es\/wp-json\/wp\/v2\/comments?post=1956"}],"version-history":[{"count":0,"href":"https:\/\/fidepartners.com\/es\/wp-json\/wp\/v2\/pages\/1956\/revisions"}],"wp:attachment":[{"href":"https:\/\/fidepartners.com\/es\/wp-json\/wp\/v2\/media?parent=1956"}],"curies":[{"name":"wp","href":"https:\/\/api.w.org\/{rel}","templated":true}]}}