{"id":1962,"date":"2022-10-07T11:46:58","date_gmt":"2022-10-07T11:46:58","guid":{"rendered":"https:\/\/fidepartners.com\/alejandro-cardenas\/"},"modified":"2025-05-08T17:32:20","modified_gmt":"2025-05-08T17:32:20","slug":"alejandro-cardenas","status":"publish","type":"page","link":"https:\/\/fidepartners.com\/es\/alejandro-cardenas\/","title":{"rendered":"Alejandro C\u00e1rdenas"},"content":{"rendered":"<section class=\"l-section wpb_row us_custom_38d68270 height_auto\"><div class=\"l-section-h i-cf\"><div class=\"g-cols vc_row via_grid cols_3-2 laptops-cols_inherit tablets-cols_1 mobiles-cols_1 valign_middle type_default stacking_default\" style=\"--gap:calc(3rem + 1rem);\"><div class=\"wpb_column vc_column_container us_custom_d5301246\"><div class=\"vc_column-inner\"><div class=\"w-separator size_custom\" style=\"height:50px\" id=\"b635\"><style>@media(max-width:1024px){ #b635{height:100px!important}}@media(max-width:600px){ #b635{height:100px!important}}<\/style><\/div><h1 class=\"w-text\"><span class=\"w-text-h\"><span class=\"w-text-value\"><strong>Equipo<\/strong><\/span><\/span><\/h1><div class=\"w-separator size_custom\" style=\"height:50px\" id=\"h868\"><style>@media(max-width:1024px){ #h868{height:100px!important}}@media(max-width:600px){ #h868{height:100px!important}}<\/style><\/div><\/div><\/div><div class=\"wpb_column vc_column_container us_custom_ef2df852\"><div class=\"vc_column-inner\"><\/div><\/div><\/div><\/div><\/section><section class=\"l-section wpb_row height_small\"><div class=\"l-section-h i-cf\"><div class=\"g-cols vc_row via_grid cols_1 laptops-cols_inherit tablets-cols_inherit mobiles-cols_1 valign_top type_default stacking_default\"><div class=\"wpb_column vc_column_container\"><div class=\"vc_column-inner\"><div class=\"w-separator size_custom\" style=\"height:50px\" id=\"h087\"><style>@media(max-width:1024px){ #h087{height:100px!important}}@media(max-width:600px){ #h087{height:100px!important}}<\/style><\/div><div class=\"g-cols wpb_row via_grid cols_2 laptops-cols_inherit tablets-cols_inherit mobiles-cols_1 valign_top type_default stacking_default\" style=\"--gap:3rem;\"><div class=\"wpb_column vc_column_container\"><div class=\"vc_column-inner\"><div class=\"w-image us_custom_7e20fa79 us_animate_this align_center\"><div class=\"w-image-h\"><img decoding=\"async\" width=\"800\" height=\"800\" src=\"https:\/\/fidepartners.com\/wp-content\/uploads\/2022\/12\/Alejandro-Ca\u0301rdenas.jpg\" class=\"attachment-full size-full\" alt=\"Alejandro Ca\u0301rdenas\" loading=\"lazy\" srcset=\"https:\/\/fidepartners.com\/wp-content\/uploads\/2022\/12\/Alejandro-Ca\u0301rdenas.jpg 800w, https:\/\/fidepartners.com\/wp-content\/uploads\/2022\/12\/Alejandro-Ca\u0301rdenas-300x300.jpg 300w, https:\/\/fidepartners.com\/wp-content\/uploads\/2022\/12\/Alejandro-Ca\u0301rdenas-150x150.jpg 150w\" sizes=\"auto, (max-width: 800px) 100vw, 800px\" \/><\/div><\/div><\/div><\/div><div class=\"wpb_column vc_column_container\"><div class=\"vc_column-inner\"><div class=\"wpb_text_column\"><div class=\"wpb_wrapper\"><h2>Alejandro C\u00e1rdenas<\/h2>\n<p>Alejandro es ingeniero electr\u00f3nico y especialista en telecomunicaciones, tambi\u00e9n certificado como Project Management Professional\u00ae (PMP) desde 2011. Habla con fluidez espa\u00f1ol e ingl\u00e9s.<\/p>\n<p>Alejandro tiene 17 a\u00f1os de experiencia laboral en pa\u00edses como Estados Unidos, M\u00e9xico, Brasil, Panam\u00e1 y Colombia con equipos multidisciplinarios y multiculturales en diversos sectores, que incluyen consultor\u00eda, gesti\u00f3n de proyectos y desarrollo de proyectos de telecomunicaciones a diferentes escalas.<\/p>\n<p>Lleva m\u00e1s de 13 a\u00f1os trabajando en consultor\u00eda, y los \u00faltimos 7 ha trabajado espec\u00edficamente en el sector de TMT, donde ha desarrollado una experiencia significativa aportando valor a los clientes. En los \u00faltimos a\u00f1os, ha participado en m\u00e1s de 75 proyectos que abarcan debida diligencia, estrategia y asistencia regulatoria, entre otros. En el sector de TMT, ha trabajado en varios proyectos relacionados con redes de fibra \u00f3ptica minoristas y mayoristas, centros de datos, carteras de torres, IaaS, televisi\u00f3n abierta, sat\u00e9lite e IPTV. Alejandro ha liderado m\u00faltiples proyectos siendo su sello distintivo no solo el cumplir con las expectativas de los clientes, sino superarlas.<\/p>\n<p>Actualmente, Alejandro supervisa la oficina de Londres, y su enfoque principal es crear l\u00edderes en la pr\u00e1ctica de consultor\u00eda estrat\u00e9gica con un alto enfoque humano.<\/p>\n<\/div><\/div><\/div><\/div><\/div><div class=\"w-separator size_huge\"><\/div><\/div><\/div><\/div><\/div><\/section>\n","protected":false},"excerpt":{"rendered":"EquipoAlejandro C\u00e1rdenas Alejandro es ingeniero electr\u00f3nico y especialista en telecomunicaciones, tambi\u00e9n certificado como Project Management Professional\u00ae (PMP) desde 2011. Habla con fluidez espa\u00f1ol e ingl\u00e9s. Alejandro tiene 17 a\u00f1os de experiencia laboral en pa\u00edses como Estados Unidos, M\u00e9xico, Brasil, Panam\u00e1 y Colombia con equipos multidisciplinarios y multiculturales en diversos sectores, que incluyen consultor\u00eda, gesti\u00f3n de...","protected":false},"author":1,"featured_media":0,"parent":0,"menu_order":0,"comment_status":"closed","ping_status":"closed","template":"","meta":{"inline_featured_image":false,"footnotes":""},"class_list":["post-1962","page","type-page","status-publish","hentry"],"yoast_head":"<!-- This site is optimized with the Yoast SEO plugin v23.9 - https:\/\/yoast.com\/wordpress\/plugins\/seo\/ -->\n<title>Alejandro C\u00e1rdenas - Firma de consultor\u00eda estrat\u00e9gica y de gesti\u00f3n\u00a0<\/title>\n<meta name=\"robots\" content=\"index, follow, max-snippet:-1, max-image-preview:large, max-video-preview:-1\" \/>\n<link rel=\"canonical\" href=\"https:\/\/fidepartners.com\/es\/alejandro-cardenas\/\" \/>\n<meta property=\"og:locale\" content=\"es_ES\" \/>\n<meta property=\"og:type\" content=\"article\" \/>\n<meta property=\"og:title\" content=\"Alejandro C\u00e1rdenas - Firma de consultor\u00eda estrat\u00e9gica y de gesti\u00f3n\u00a0\" \/>\n<meta property=\"og:url\" content=\"https:\/\/fidepartners.com\/es\/alejandro-cardenas\/\" \/>\n<meta property=\"og:site_name\" content=\"Firma de consultor\u00eda estrat\u00e9gica y de gesti\u00f3n\u00a0\" \/>\n<meta property=\"article:modified_time\" content=\"2025-05-08T17:32:20+00:00\" \/>\n<meta name=\"twitter:card\" content=\"summary_large_image\" \/>\n<meta name=\"twitter:label1\" content=\"Tiempo de lectura\" \/>\n\t<meta name=\"twitter:data1\" content=\"2 minutos\" \/>\n<script type=\"application\/ld+json\" class=\"yoast-schema-graph\">{\"@context\":\"https:\/\/schema.org\",\"@graph\":[{\"@type\":\"WebPage\",\"@id\":\"https:\/\/fidepartners.com\/es\/alejandro-cardenas\/\",\"url\":\"https:\/\/fidepartners.com\/es\/alejandro-cardenas\/\",\"name\":\"Alejandro C\u00e1rdenas - Firma de consultor\u00eda estrat\u00e9gica y de gesti\u00f3n\u00a0\",\"isPartOf\":{\"@id\":\"https:\/\/fidepartners.com\/es\/#website\"},\"datePublished\":\"2022-10-07T11:46:58+00:00\",\"dateModified\":\"2025-05-08T17:32:20+00:00\",\"breadcrumb\":{\"@id\":\"https:\/\/fidepartners.com\/es\/alejandro-cardenas\/#breadcrumb\"},\"inLanguage\":\"es\",\"potentialAction\":[{\"@type\":\"ReadAction\",\"target\":[\"https:\/\/fidepartners.com\/es\/alejandro-cardenas\/\"]}]},{\"@type\":\"BreadcrumbList\",\"@id\":\"https:\/\/fidepartners.com\/es\/alejandro-cardenas\/#breadcrumb\",\"itemListElement\":[{\"@type\":\"ListItem\",\"position\":1,\"name\":\"Portada\",\"item\":\"https:\/\/fidepartners.com\/es\/\"},{\"@type\":\"ListItem\",\"position\":2,\"name\":\"Alejandro C\u00e1rdenas\"}]},{\"@type\":\"WebSite\",\"@id\":\"https:\/\/fidepartners.com\/es\/#website\",\"url\":\"https:\/\/fidepartners.com\/es\/\",\"name\":\"Firma de consultor\u00eda estrat\u00e9gica y de gesti\u00f3n\u00a0\",\"description\":\"Aportamos y comprometemos nuestra s\u00f3lida experiencia para apoyar a todos los actores de la cadena de valor de las TMT y del ecosistema digital\",\"potentialAction\":[{\"@type\":\"SearchAction\",\"target\":{\"@type\":\"EntryPoint\",\"urlTemplate\":\"https:\/\/fidepartners.com\/es\/?s={search_term_string}\"},\"query-input\":{\"@type\":\"PropertyValueSpecification\",\"valueRequired\":true,\"valueName\":\"search_term_string\"}}],\"inLanguage\":\"es\"}]}<\/script>\n<!-- \/ Yoast SEO plugin. -->","yoast_head_json":{"title":"Alejandro C\u00e1rdenas - Firma de consultor\u00eda estrat\u00e9gica y de gesti\u00f3n\u00a0","robots":{"index":"index","follow":"follow","max-snippet":"max-snippet:-1","max-image-preview":"max-image-preview:large","max-video-preview":"max-video-preview:-1"},"canonical":"https:\/\/fidepartners.com\/es\/alejandro-cardenas\/","og_locale":"es_ES","og_type":"article","og_title":"Alejandro C\u00e1rdenas - Firma de consultor\u00eda estrat\u00e9gica y de gesti\u00f3n\u00a0","og_url":"https:\/\/fidepartners.com\/es\/alejandro-cardenas\/","og_site_name":"Firma de consultor\u00eda estrat\u00e9gica y de gesti\u00f3n\u00a0","article_modified_time":"2025-05-08T17:32:20+00:00","twitter_card":"summary_large_image","twitter_misc":{"Tiempo de lectura":"2 minutos"},"schema":{"@context":"https:\/\/schema.org","@graph":[{"@type":"WebPage","@id":"https:\/\/fidepartners.com\/es\/alejandro-cardenas\/","url":"https:\/\/fidepartners.com\/es\/alejandro-cardenas\/","name":"Alejandro C\u00e1rdenas - Firma de consultor\u00eda estrat\u00e9gica y de gesti\u00f3n\u00a0","isPartOf":{"@id":"https:\/\/fidepartners.com\/es\/#website"},"datePublished":"2022-10-07T11:46:58+00:00","dateModified":"2025-05-08T17:32:20+00:00","breadcrumb":{"@id":"https:\/\/fidepartners.com\/es\/alejandro-cardenas\/#breadcrumb"},"inLanguage":"es","potentialAction":[{"@type":"ReadAction","target":["https:\/\/fidepartners.com\/es\/alejandro-cardenas\/"]}]},{"@type":"BreadcrumbList","@id":"https:\/\/fidepartners.com\/es\/alejandro-cardenas\/#breadcrumb","itemListElement":[{"@type":"ListItem","position":1,"name":"Portada","item":"https:\/\/fidepartners.com\/es\/"},{"@type":"ListItem","position":2,"name":"Alejandro C\u00e1rdenas"}]},{"@type":"WebSite","@id":"https:\/\/fidepartners.com\/es\/#website","url":"https:\/\/fidepartners.com\/es\/","name":"Firma de consultor\u00eda estrat\u00e9gica y de gesti\u00f3n\u00a0","description":"Aportamos y comprometemos nuestra s\u00f3lida experiencia para apoyar a todos los actores de la cadena de valor de las TMT y del ecosistema digital","potentialAction":[{"@type":"SearchAction","target":{"@type":"EntryPoint","urlTemplate":"https:\/\/fidepartners.com\/es\/?s={search_term_string}"},"query-input":{"@type":"PropertyValueSpecification","valueRequired":true,"valueName":"search_term_string"}}],"inLanguage":"es"}]}},"_links":{"self":[{"href":"https:\/\/fidepartners.com\/es\/wp-json\/wp\/v2\/pages\/1962","targetHints":{"allow":["GET"]}}],"collection":[{"href":"https:\/\/fidepartners.com\/es\/wp-json\/wp\/v2\/pages"}],"about":[{"href":"https:\/\/fidepartners.com\/es\/wp-json\/wp\/v2\/types\/page"}],"author":[{"embeddable":true,"href":"https:\/\/fidepartners.com\/es\/wp-json\/wp\/v2\/users\/1"}],"replies":[{"embeddable":true,"href":"https:\/\/fidepartners.com\/es\/wp-json\/wp\/v2\/comments?post=1962"}],"version-history":[{"count":2,"href":"https:\/\/fidepartners.com\/es\/wp-json\/wp\/v2\/pages\/1962\/revisions"}],"predecessor-version":[{"id":4069,"href":"https:\/\/fidepartners.com\/es\/wp-json\/wp\/v2\/pages\/1962\/revisions\/4069"}],"wp:attachment":[{"href":"https:\/\/fidepartners.com\/es\/wp-json\/wp\/v2\/media?parent=1962"}],"curies":[{"name":"wp","href":"https:\/\/api.w.org\/{rel}","templated":true}]}}