{"id":1965,"date":"2022-10-11T14:43:14","date_gmt":"2022-10-11T14:43:14","guid":{"rendered":"https:\/\/fidepartners.com\/hans-heinsohn\/"},"modified":"2025-05-08T17:37:30","modified_gmt":"2025-05-08T17:37:30","slug":"hans-heinsohn","status":"publish","type":"page","link":"https:\/\/fidepartners.com\/es\/hans-heinsohn\/","title":{"rendered":"Hans Heinsohn"},"content":{"rendered":"<section class=\"l-section wpb_row us_custom_38d68270 height_auto\"><div class=\"l-section-h i-cf\"><div class=\"g-cols vc_row via_grid cols_3-2 laptops-cols_inherit tablets-cols_1 mobiles-cols_1 valign_middle type_default stacking_default\" style=\"--gap:calc(3rem + 1rem);\"><div class=\"wpb_column vc_column_container us_custom_d5301246\"><div class=\"vc_column-inner\"><div class=\"w-separator size_custom\" style=\"height:50px\" id=\"v04c\"><style>@media(max-width:1024px){ #v04c{height:100px!important}}@media(max-width:600px){ #v04c{height:100px!important}}<\/style><\/div><h1 class=\"w-text\"><span class=\"w-text-h\"><span class=\"w-text-value\"><strong>Equipo<\/strong><\/span><\/span><\/h1><div class=\"w-separator size_custom\" style=\"height:50px\" id=\"b3ed\"><style>@media(max-width:1024px){ #b3ed{height:100px!important}}@media(max-width:600px){ #b3ed{height:100px!important}}<\/style><\/div><\/div><\/div><div class=\"wpb_column vc_column_container us_custom_ef2df852\"><div class=\"vc_column-inner\"><\/div><\/div><\/div><\/div><\/section><section class=\"l-section wpb_row height_small\"><div class=\"l-section-h i-cf\"><div class=\"g-cols vc_row via_grid cols_1 laptops-cols_inherit tablets-cols_inherit mobiles-cols_1 valign_top type_default stacking_default\"><div class=\"wpb_column vc_column_container\"><div class=\"vc_column-inner\"><div class=\"w-separator size_custom\" style=\"height:50px\" id=\"n1d1\"><style>@media(max-width:1024px){ #n1d1{height:100px!important}}@media(max-width:600px){ #n1d1{height:100px!important}}<\/style><\/div><div class=\"g-cols wpb_row via_grid cols_2 laptops-cols_inherit tablets-cols_inherit mobiles-cols_1 valign_top type_default stacking_default\" style=\"--gap:3rem;\"><div class=\"wpb_column vc_column_container\"><div class=\"vc_column-inner\"><div class=\"w-image us_custom_7e20fa79 us_animate_this align_center\"><div class=\"w-image-h\"><img decoding=\"async\" width=\"800\" height=\"800\" src=\"https:\/\/fidepartners.com\/wp-content\/uploads\/2022\/12\/Hans-Heinsohn.jpg\" class=\"attachment-full size-full\" alt=\"Hans Heinsohn\" loading=\"lazy\" srcset=\"https:\/\/fidepartners.com\/wp-content\/uploads\/2022\/12\/Hans-Heinsohn.jpg 800w, https:\/\/fidepartners.com\/wp-content\/uploads\/2022\/12\/Hans-Heinsohn-300x300.jpg 300w, https:\/\/fidepartners.com\/wp-content\/uploads\/2022\/12\/Hans-Heinsohn-150x150.jpg 150w\" sizes=\"auto, (max-width: 800px) 100vw, 800px\" \/><\/div><\/div><\/div><\/div><div class=\"wpb_column vc_column_container\"><div class=\"vc_column-inner\"><div class=\"wpb_text_column\"><div class=\"wpb_wrapper\"><h2>Hans Heinsohn<\/h2>\n<p>Con m\u00e1s de 15 a\u00f1os de experiencia en consultor\u00eda estrat\u00e9gica y de gesti\u00f3n, banca, derivados financieros y estrategia comercial, Hans ha trabajado en Latinoam\u00e9rica y Europa en empresas l\u00edderes. Ha adquirido una amplia experiencia en operaciones de fusiones y adquisiciones (M&amp;A), investigaci\u00f3n econ\u00f3mica, desarrollo de planes de negocios desde la estructuraci\u00f3n hasta el lanzamiento al mercado y competencia econ\u00f3mica.<\/p>\n<p>En los \u00faltimos 9 a\u00f1os se ha especializado en el sector de telecomunicaciones, medios y tecnolog\u00eda (TMT), particularmente en las \u00e1reas de regulaci\u00f3n econ\u00f3mica, competencia, planificaci\u00f3n estrat\u00e9gica, econom\u00eda digital y la ejecuci\u00f3n de procesos de debida diligencia para inversores privados asociados a activos de fibra \u00f3ptica, radiodifusi\u00f3n, sitios m\u00f3viles, centros de datos, cables submarinos y operadores de TI. Hans ha participado en m\u00e1s de 65 proyectos internacionales de consultor\u00eda estrat\u00e9gica y de gesti\u00f3n como gerente de proyecto y consultor s\u00e9nior del equipo liderando equipos de entre dos y ocho consultores, t\u00e9cnicos expertos y equipos legales.<\/p>\n<p>Tambi\u00e9n cuenta con experiencia en procesos de b\u00fasqueda de talento y reclutamiento en todos los niveles organizacionales, as\u00ed como en el liderazgo de equipos multidisciplinarios e internacionales.<\/p>\n<p>Hans es economista de la Universidad de los Andes en Colombia y posee un m\u00e1ster en Finanzas Corporativas de la EADA Business School y otro en Direcci\u00f3n de Empresas de la Universidad Central de Catalu\u00f1a. Habla con fluidez ingl\u00e9s y espa\u00f1ol.<\/p>\n<\/div><\/div><\/div><\/div><\/div><div class=\"w-separator size_huge\"><\/div><\/div><\/div><\/div><\/div><\/section>\n","protected":false},"excerpt":{"rendered":"EquipoHans Heinsohn Con m\u00e1s de 15 a\u00f1os de experiencia en consultor\u00eda estrat\u00e9gica y de gesti\u00f3n, banca, derivados financieros y estrategia comercial, Hans ha trabajado en Latinoam\u00e9rica y Europa en empresas l\u00edderes. Ha adquirido una amplia experiencia en operaciones de fusiones y adquisiciones (M&amp;A), investigaci\u00f3n econ\u00f3mica, desarrollo de planes de negocios desde la estructuraci\u00f3n hasta el...","protected":false},"author":1,"featured_media":0,"parent":0,"menu_order":0,"comment_status":"closed","ping_status":"closed","template":"","meta":{"inline_featured_image":false,"footnotes":""},"class_list":["post-1965","page","type-page","status-publish","hentry"],"yoast_head":"<!-- This site is optimized with the Yoast SEO plugin v23.9 - https:\/\/yoast.com\/wordpress\/plugins\/seo\/ -->\n<title>Hans Heinsohn - Firma de consultor\u00eda estrat\u00e9gica y de gesti\u00f3n\u00a0<\/title>\n<meta name=\"robots\" content=\"index, follow, max-snippet:-1, max-image-preview:large, max-video-preview:-1\" \/>\n<link rel=\"canonical\" href=\"https:\/\/fidepartners.com\/es\/hans-heinsohn\/\" \/>\n<meta property=\"og:locale\" content=\"es_ES\" \/>\n<meta property=\"og:type\" content=\"article\" \/>\n<meta property=\"og:title\" content=\"Hans Heinsohn - Firma de consultor\u00eda estrat\u00e9gica y de gesti\u00f3n\u00a0\" \/>\n<meta property=\"og:url\" content=\"https:\/\/fidepartners.com\/es\/hans-heinsohn\/\" \/>\n<meta property=\"og:site_name\" content=\"Firma de consultor\u00eda estrat\u00e9gica y de gesti\u00f3n\u00a0\" \/>\n<meta property=\"article:modified_time\" content=\"2025-05-08T17:37:30+00:00\" \/>\n<meta name=\"twitter:card\" content=\"summary_large_image\" \/>\n<meta name=\"twitter:label1\" content=\"Tiempo de lectura\" \/>\n\t<meta name=\"twitter:data1\" content=\"2 minutos\" \/>\n<script type=\"application\/ld+json\" class=\"yoast-schema-graph\">{\"@context\":\"https:\/\/schema.org\",\"@graph\":[{\"@type\":\"WebPage\",\"@id\":\"https:\/\/fidepartners.com\/es\/hans-heinsohn\/\",\"url\":\"https:\/\/fidepartners.com\/es\/hans-heinsohn\/\",\"name\":\"Hans Heinsohn - Firma de consultor\u00eda estrat\u00e9gica y de gesti\u00f3n\u00a0\",\"isPartOf\":{\"@id\":\"https:\/\/fidepartners.com\/es\/#website\"},\"datePublished\":\"2022-10-11T14:43:14+00:00\",\"dateModified\":\"2025-05-08T17:37:30+00:00\",\"breadcrumb\":{\"@id\":\"https:\/\/fidepartners.com\/es\/hans-heinsohn\/#breadcrumb\"},\"inLanguage\":\"es\",\"potentialAction\":[{\"@type\":\"ReadAction\",\"target\":[\"https:\/\/fidepartners.com\/es\/hans-heinsohn\/\"]}]},{\"@type\":\"BreadcrumbList\",\"@id\":\"https:\/\/fidepartners.com\/es\/hans-heinsohn\/#breadcrumb\",\"itemListElement\":[{\"@type\":\"ListItem\",\"position\":1,\"name\":\"Portada\",\"item\":\"https:\/\/fidepartners.com\/es\/\"},{\"@type\":\"ListItem\",\"position\":2,\"name\":\"Hans Heinsohn\"}]},{\"@type\":\"WebSite\",\"@id\":\"https:\/\/fidepartners.com\/es\/#website\",\"url\":\"https:\/\/fidepartners.com\/es\/\",\"name\":\"Firma de consultor\u00eda estrat\u00e9gica y de gesti\u00f3n\u00a0\",\"description\":\"Aportamos y comprometemos nuestra s\u00f3lida experiencia para apoyar a todos los actores de la cadena de valor de las TMT y del ecosistema digital\",\"potentialAction\":[{\"@type\":\"SearchAction\",\"target\":{\"@type\":\"EntryPoint\",\"urlTemplate\":\"https:\/\/fidepartners.com\/es\/?s={search_term_string}\"},\"query-input\":{\"@type\":\"PropertyValueSpecification\",\"valueRequired\":true,\"valueName\":\"search_term_string\"}}],\"inLanguage\":\"es\"}]}<\/script>\n<!-- \/ Yoast SEO plugin. -->","yoast_head_json":{"title":"Hans Heinsohn - Firma de consultor\u00eda estrat\u00e9gica y de gesti\u00f3n\u00a0","robots":{"index":"index","follow":"follow","max-snippet":"max-snippet:-1","max-image-preview":"max-image-preview:large","max-video-preview":"max-video-preview:-1"},"canonical":"https:\/\/fidepartners.com\/es\/hans-heinsohn\/","og_locale":"es_ES","og_type":"article","og_title":"Hans Heinsohn - Firma de consultor\u00eda estrat\u00e9gica y de gesti\u00f3n\u00a0","og_url":"https:\/\/fidepartners.com\/es\/hans-heinsohn\/","og_site_name":"Firma de consultor\u00eda estrat\u00e9gica y de gesti\u00f3n\u00a0","article_modified_time":"2025-05-08T17:37:30+00:00","twitter_card":"summary_large_image","twitter_misc":{"Tiempo de lectura":"2 minutos"},"schema":{"@context":"https:\/\/schema.org","@graph":[{"@type":"WebPage","@id":"https:\/\/fidepartners.com\/es\/hans-heinsohn\/","url":"https:\/\/fidepartners.com\/es\/hans-heinsohn\/","name":"Hans Heinsohn - Firma de consultor\u00eda estrat\u00e9gica y de gesti\u00f3n\u00a0","isPartOf":{"@id":"https:\/\/fidepartners.com\/es\/#website"},"datePublished":"2022-10-11T14:43:14+00:00","dateModified":"2025-05-08T17:37:30+00:00","breadcrumb":{"@id":"https:\/\/fidepartners.com\/es\/hans-heinsohn\/#breadcrumb"},"inLanguage":"es","potentialAction":[{"@type":"ReadAction","target":["https:\/\/fidepartners.com\/es\/hans-heinsohn\/"]}]},{"@type":"BreadcrumbList","@id":"https:\/\/fidepartners.com\/es\/hans-heinsohn\/#breadcrumb","itemListElement":[{"@type":"ListItem","position":1,"name":"Portada","item":"https:\/\/fidepartners.com\/es\/"},{"@type":"ListItem","position":2,"name":"Hans Heinsohn"}]},{"@type":"WebSite","@id":"https:\/\/fidepartners.com\/es\/#website","url":"https:\/\/fidepartners.com\/es\/","name":"Firma de consultor\u00eda estrat\u00e9gica y de gesti\u00f3n\u00a0","description":"Aportamos y comprometemos nuestra s\u00f3lida experiencia para apoyar a todos los actores de la cadena de valor de las TMT y del ecosistema digital","potentialAction":[{"@type":"SearchAction","target":{"@type":"EntryPoint","urlTemplate":"https:\/\/fidepartners.com\/es\/?s={search_term_string}"},"query-input":{"@type":"PropertyValueSpecification","valueRequired":true,"valueName":"search_term_string"}}],"inLanguage":"es"}]}},"_links":{"self":[{"href":"https:\/\/fidepartners.com\/es\/wp-json\/wp\/v2\/pages\/1965","targetHints":{"allow":["GET"]}}],"collection":[{"href":"https:\/\/fidepartners.com\/es\/wp-json\/wp\/v2\/pages"}],"about":[{"href":"https:\/\/fidepartners.com\/es\/wp-json\/wp\/v2\/types\/page"}],"author":[{"embeddable":true,"href":"https:\/\/fidepartners.com\/es\/wp-json\/wp\/v2\/users\/1"}],"replies":[{"embeddable":true,"href":"https:\/\/fidepartners.com\/es\/wp-json\/wp\/v2\/comments?post=1965"}],"version-history":[{"count":1,"href":"https:\/\/fidepartners.com\/es\/wp-json\/wp\/v2\/pages\/1965\/revisions"}],"predecessor-version":[{"id":4072,"href":"https:\/\/fidepartners.com\/es\/wp-json\/wp\/v2\/pages\/1965\/revisions\/4072"}],"wp:attachment":[{"href":"https:\/\/fidepartners.com\/es\/wp-json\/wp\/v2\/media?parent=1965"}],"curies":[{"name":"wp","href":"https:\/\/api.w.org\/{rel}","templated":true}]}}