{"id":1968,"date":"2022-10-07T11:50:04","date_gmt":"2022-10-07T11:50:04","guid":{"rendered":"https:\/\/fidepartners.com\/jorge-leal\/"},"modified":"2025-05-08T17:42:51","modified_gmt":"2025-05-08T17:42:51","slug":"jorge-leal","status":"publish","type":"page","link":"https:\/\/fidepartners.com\/es\/jorge-leal\/","title":{"rendered":"Jorge Leal"},"content":{"rendered":"<section class=\"l-section wpb_row us_custom_38d68270 height_auto\"><div class=\"l-section-h i-cf\"><div class=\"g-cols vc_row via_grid cols_3-2 laptops-cols_inherit tablets-cols_1 mobiles-cols_1 valign_middle type_default stacking_default\" style=\"--gap:calc(3rem + 1rem);\"><div class=\"wpb_column vc_column_container us_custom_d5301246\"><div class=\"vc_column-inner\"><div class=\"w-separator size_custom\" style=\"height:50px\" id=\"s310\"><style>@media(max-width:1024px){ #s310{height:100px!important}}@media(max-width:600px){ #s310{height:100px!important}}<\/style><\/div><h1 class=\"w-text\"><span class=\"w-text-h\"><span class=\"w-text-value\"><strong>Equipo<\/strong><\/span><\/span><\/h1><div class=\"w-separator size_custom\" style=\"height:50px\" id=\"h52a\"><style>@media(max-width:1024px){ #h52a{height:100px!important}}@media(max-width:600px){ #h52a{height:100px!important}}<\/style><\/div><\/div><\/div><div class=\"wpb_column vc_column_container us_custom_ef2df852\"><div class=\"vc_column-inner\"><\/div><\/div><\/div><\/div><\/section><section class=\"l-section wpb_row height_small\"><div class=\"l-section-h i-cf\"><div class=\"g-cols vc_row via_grid cols_1 laptops-cols_inherit tablets-cols_inherit mobiles-cols_1 valign_top type_default stacking_default\"><div class=\"wpb_column vc_column_container\"><div class=\"vc_column-inner\"><div class=\"w-separator size_custom\" style=\"height:50px\" id=\"kdae\"><style>@media(max-width:1024px){ #kdae{height:100px!important}}@media(max-width:600px){ #kdae{height:100px!important}}<\/style><\/div><div class=\"g-cols wpb_row via_grid cols_2 laptops-cols_inherit tablets-cols_inherit mobiles-cols_1 valign_top type_default stacking_default\" style=\"--gap:3rem;\"><div class=\"wpb_column vc_column_container\"><div class=\"vc_column-inner\"><div class=\"w-image us_custom_7e20fa79 us_animate_this align_center\"><div class=\"w-image-h\"><img decoding=\"async\" width=\"800\" height=\"800\" src=\"https:\/\/fidepartners.com\/wp-content\/uploads\/2023\/01\/Jorge-Leal.jpg\" class=\"attachment-full size-full\" alt=\"Jorge Leal\" loading=\"lazy\" srcset=\"https:\/\/fidepartners.com\/wp-content\/uploads\/2023\/01\/Jorge-Leal.jpg 800w, https:\/\/fidepartners.com\/wp-content\/uploads\/2023\/01\/Jorge-Leal-300x300.jpg 300w, https:\/\/fidepartners.com\/wp-content\/uploads\/2023\/01\/Jorge-Leal-150x150.jpg 150w\" sizes=\"auto, (max-width: 800px) 100vw, 800px\" \/><\/div><\/div><\/div><\/div><div class=\"wpb_column vc_column_container\"><div class=\"vc_column-inner\"><div class=\"wpb_text_column\"><div class=\"wpb_wrapper\"><h2>Jorge Leal<\/h2>\n<p>Jorge tiene m\u00e1s de 16 a\u00f1os de experiencia en el sector TMT. Es ingeniero electr\u00f3nico, consultor TMT y cuenta con el certificado PMP. Ha participado en m\u00faltiples proyectos en Latinoam\u00e9rica con importantes agentes del sector de TMT, como operadores de telecomunicaciones fijas y m\u00f3viles, autoridades regulatorias, agentes de infraestructura y proveedores de tecnolog\u00eda.<\/p>\n<p>Como Manager en Fide Partners, ha participado en debidas diligencias comerciales y t\u00e9cnicas para varios tipos de activos, as\u00ed como diversos proyectos normativos y de estrategia en Latinoam\u00e9rica. Actualmente, Jorge supervisa la oficina de Bogot\u00e1.<\/p>\n<\/div><\/div><\/div><\/div><\/div><div class=\"w-separator size_huge\"><\/div><\/div><\/div><\/div><\/div><\/section>\n","protected":false},"excerpt":{"rendered":"EquipoJorge Leal Jorge tiene m\u00e1s de 16 a\u00f1os de experiencia en el sector TMT. Es ingeniero electr\u00f3nico, consultor TMT y cuenta con el certificado PMP. Ha participado en m\u00faltiples proyectos en Latinoam\u00e9rica con importantes agentes del sector de TMT, como operadores de telecomunicaciones fijas y m\u00f3viles, autoridades regulatorias, agentes de infraestructura y proveedores de tecnolog\u00eda....","protected":false},"author":1,"featured_media":1786,"parent":0,"menu_order":0,"comment_status":"closed","ping_status":"closed","template":"","meta":{"inline_featured_image":false,"footnotes":""},"class_list":["post-1968","page","type-page","status-publish","has-post-thumbnail","hentry"],"yoast_head":"<!-- This site is optimized with the Yoast SEO plugin v23.9 - https:\/\/yoast.com\/wordpress\/plugins\/seo\/ -->\n<title>Jorge Leal - Firma de consultor\u00eda estrat\u00e9gica y de gesti\u00f3n\u00a0<\/title>\n<meta name=\"robots\" content=\"index, follow, max-snippet:-1, max-image-preview:large, max-video-preview:-1\" \/>\n<link rel=\"canonical\" href=\"https:\/\/fidepartners.com\/es\/jorge-leal\/\" \/>\n<meta property=\"og:locale\" content=\"es_ES\" \/>\n<meta property=\"og:type\" content=\"article\" \/>\n<meta property=\"og:title\" content=\"Jorge Leal - Firma de consultor\u00eda estrat\u00e9gica y de gesti\u00f3n\u00a0\" \/>\n<meta property=\"og:url\" content=\"https:\/\/fidepartners.com\/es\/jorge-leal\/\" \/>\n<meta property=\"og:site_name\" content=\"Firma de consultor\u00eda estrat\u00e9gica y de gesti\u00f3n\u00a0\" \/>\n<meta property=\"article:modified_time\" content=\"2025-05-08T17:42:51+00:00\" \/>\n<meta property=\"og:image\" content=\"https:\/\/fidepartners.com\/wp-content\/uploads\/2023\/01\/Jorge-Leal.jpg\" \/>\n\t<meta property=\"og:image:width\" content=\"800\" \/>\n\t<meta property=\"og:image:height\" content=\"800\" \/>\n\t<meta property=\"og:image:type\" content=\"image\/jpeg\" \/>\n<meta name=\"twitter:card\" content=\"summary_large_image\" \/>\n<meta name=\"twitter:label1\" content=\"Tiempo de lectura\" \/>\n\t<meta name=\"twitter:data1\" content=\"1 minuto\" \/>\n<script type=\"application\/ld+json\" class=\"yoast-schema-graph\">{\"@context\":\"https:\/\/schema.org\",\"@graph\":[{\"@type\":\"WebPage\",\"@id\":\"https:\/\/fidepartners.com\/es\/jorge-leal\/\",\"url\":\"https:\/\/fidepartners.com\/es\/jorge-leal\/\",\"name\":\"Jorge Leal - Firma de consultor\u00eda estrat\u00e9gica y de gesti\u00f3n\u00a0\",\"isPartOf\":{\"@id\":\"https:\/\/fidepartners.com\/es\/#website\"},\"primaryImageOfPage\":{\"@id\":\"https:\/\/fidepartners.com\/es\/jorge-leal\/#primaryimage\"},\"image\":{\"@id\":\"https:\/\/fidepartners.com\/es\/jorge-leal\/#primaryimage\"},\"thumbnailUrl\":\"https:\/\/fidepartners.com\/wp-content\/uploads\/2023\/01\/Jorge-Leal.jpg\",\"datePublished\":\"2022-10-07T11:50:04+00:00\",\"dateModified\":\"2025-05-08T17:42:51+00:00\",\"breadcrumb\":{\"@id\":\"https:\/\/fidepartners.com\/es\/jorge-leal\/#breadcrumb\"},\"inLanguage\":\"es\",\"potentialAction\":[{\"@type\":\"ReadAction\",\"target\":[\"https:\/\/fidepartners.com\/es\/jorge-leal\/\"]}]},{\"@type\":\"ImageObject\",\"inLanguage\":\"es\",\"@id\":\"https:\/\/fidepartners.com\/es\/jorge-leal\/#primaryimage\",\"url\":\"https:\/\/fidepartners.com\/wp-content\/uploads\/2023\/01\/Jorge-Leal.jpg\",\"contentUrl\":\"https:\/\/fidepartners.com\/wp-content\/uploads\/2023\/01\/Jorge-Leal.jpg\",\"width\":800,\"height\":800,\"caption\":\"Jorge Leal\"},{\"@type\":\"BreadcrumbList\",\"@id\":\"https:\/\/fidepartners.com\/es\/jorge-leal\/#breadcrumb\",\"itemListElement\":[{\"@type\":\"ListItem\",\"position\":1,\"name\":\"Portada\",\"item\":\"https:\/\/fidepartners.com\/es\/\"},{\"@type\":\"ListItem\",\"position\":2,\"name\":\"Jorge Leal\"}]},{\"@type\":\"WebSite\",\"@id\":\"https:\/\/fidepartners.com\/es\/#website\",\"url\":\"https:\/\/fidepartners.com\/es\/\",\"name\":\"Firma de consultor\u00eda estrat\u00e9gica y de gesti\u00f3n\u00a0\",\"description\":\"Aportamos y comprometemos nuestra s\u00f3lida experiencia para apoyar a todos los actores de la cadena de valor de las TMT y del ecosistema digital\",\"potentialAction\":[{\"@type\":\"SearchAction\",\"target\":{\"@type\":\"EntryPoint\",\"urlTemplate\":\"https:\/\/fidepartners.com\/es\/?s={search_term_string}\"},\"query-input\":{\"@type\":\"PropertyValueSpecification\",\"valueRequired\":true,\"valueName\":\"search_term_string\"}}],\"inLanguage\":\"es\"}]}<\/script>\n<!-- \/ Yoast SEO plugin. -->","yoast_head_json":{"title":"Jorge Leal - Firma de consultor\u00eda estrat\u00e9gica y de gesti\u00f3n\u00a0","robots":{"index":"index","follow":"follow","max-snippet":"max-snippet:-1","max-image-preview":"max-image-preview:large","max-video-preview":"max-video-preview:-1"},"canonical":"https:\/\/fidepartners.com\/es\/jorge-leal\/","og_locale":"es_ES","og_type":"article","og_title":"Jorge Leal - Firma de consultor\u00eda estrat\u00e9gica y de gesti\u00f3n\u00a0","og_url":"https:\/\/fidepartners.com\/es\/jorge-leal\/","og_site_name":"Firma de consultor\u00eda estrat\u00e9gica y de gesti\u00f3n\u00a0","article_modified_time":"2025-05-08T17:42:51+00:00","og_image":[{"width":800,"height":800,"url":"https:\/\/fidepartners.com\/wp-content\/uploads\/2023\/01\/Jorge-Leal.jpg","type":"image\/jpeg"}],"twitter_card":"summary_large_image","twitter_misc":{"Tiempo de lectura":"1 minuto"},"schema":{"@context":"https:\/\/schema.org","@graph":[{"@type":"WebPage","@id":"https:\/\/fidepartners.com\/es\/jorge-leal\/","url":"https:\/\/fidepartners.com\/es\/jorge-leal\/","name":"Jorge Leal - Firma de consultor\u00eda estrat\u00e9gica y de gesti\u00f3n\u00a0","isPartOf":{"@id":"https:\/\/fidepartners.com\/es\/#website"},"primaryImageOfPage":{"@id":"https:\/\/fidepartners.com\/es\/jorge-leal\/#primaryimage"},"image":{"@id":"https:\/\/fidepartners.com\/es\/jorge-leal\/#primaryimage"},"thumbnailUrl":"https:\/\/fidepartners.com\/wp-content\/uploads\/2023\/01\/Jorge-Leal.jpg","datePublished":"2022-10-07T11:50:04+00:00","dateModified":"2025-05-08T17:42:51+00:00","breadcrumb":{"@id":"https:\/\/fidepartners.com\/es\/jorge-leal\/#breadcrumb"},"inLanguage":"es","potentialAction":[{"@type":"ReadAction","target":["https:\/\/fidepartners.com\/es\/jorge-leal\/"]}]},{"@type":"ImageObject","inLanguage":"es","@id":"https:\/\/fidepartners.com\/es\/jorge-leal\/#primaryimage","url":"https:\/\/fidepartners.com\/wp-content\/uploads\/2023\/01\/Jorge-Leal.jpg","contentUrl":"https:\/\/fidepartners.com\/wp-content\/uploads\/2023\/01\/Jorge-Leal.jpg","width":800,"height":800,"caption":"Jorge Leal"},{"@type":"BreadcrumbList","@id":"https:\/\/fidepartners.com\/es\/jorge-leal\/#breadcrumb","itemListElement":[{"@type":"ListItem","position":1,"name":"Portada","item":"https:\/\/fidepartners.com\/es\/"},{"@type":"ListItem","position":2,"name":"Jorge Leal"}]},{"@type":"WebSite","@id":"https:\/\/fidepartners.com\/es\/#website","url":"https:\/\/fidepartners.com\/es\/","name":"Firma de consultor\u00eda estrat\u00e9gica y de gesti\u00f3n\u00a0","description":"Aportamos y comprometemos nuestra s\u00f3lida experiencia para apoyar a todos los actores de la cadena de valor de las TMT y del ecosistema digital","potentialAction":[{"@type":"SearchAction","target":{"@type":"EntryPoint","urlTemplate":"https:\/\/fidepartners.com\/es\/?s={search_term_string}"},"query-input":{"@type":"PropertyValueSpecification","valueRequired":true,"valueName":"search_term_string"}}],"inLanguage":"es"}]}},"_links":{"self":[{"href":"https:\/\/fidepartners.com\/es\/wp-json\/wp\/v2\/pages\/1968","targetHints":{"allow":["GET"]}}],"collection":[{"href":"https:\/\/fidepartners.com\/es\/wp-json\/wp\/v2\/pages"}],"about":[{"href":"https:\/\/fidepartners.com\/es\/wp-json\/wp\/v2\/types\/page"}],"author":[{"embeddable":true,"href":"https:\/\/fidepartners.com\/es\/wp-json\/wp\/v2\/users\/1"}],"replies":[{"embeddable":true,"href":"https:\/\/fidepartners.com\/es\/wp-json\/wp\/v2\/comments?post=1968"}],"version-history":[{"count":2,"href":"https:\/\/fidepartners.com\/es\/wp-json\/wp\/v2\/pages\/1968\/revisions"}],"predecessor-version":[{"id":4075,"href":"https:\/\/fidepartners.com\/es\/wp-json\/wp\/v2\/pages\/1968\/revisions\/4075"}],"wp:featuredmedia":[{"embeddable":true,"href":"https:\/\/fidepartners.com\/es\/wp-json\/wp\/v2\/media\/1786"}],"wp:attachment":[{"href":"https:\/\/fidepartners.com\/es\/wp-json\/wp\/v2\/media?parent=1968"}],"curies":[{"name":"wp","href":"https:\/\/api.w.org\/{rel}","templated":true}]}}