{"id":1971,"date":"2022-10-11T15:02:08","date_gmt":"2022-10-11T15:02:08","guid":{"rendered":"https:\/\/fidepartners.com\/javier-semprun\/"},"modified":"2023-03-08T10:11:33","modified_gmt":"2023-03-08T10:11:33","slug":"javier-semprun","status":"publish","type":"page","link":"https:\/\/fidepartners.com\/es\/javier-semprun\/","title":{"rendered":"Javier Sempr\u00fan"},"content":{"rendered":"<section class=\"l-section wpb_row us_custom_38d68270 height_auto\"><div class=\"l-section-h i-cf\"><div class=\"g-cols vc_row via_grid cols_3-2 laptops-cols_inherit tablets-cols_1 mobiles-cols_1 valign_middle type_default stacking_default\" style=\"--gap:calc(3rem + 1rem);\"><div class=\"wpb_column vc_column_container us_custom_d5301246\"><div class=\"vc_column-inner\"><div class=\"w-separator size_custom\" style=\"height:50px\" id=\"y699\"><style>@media(max-width:1024px){ #y699{height:100px!important}}@media(max-width:600px){ #y699{height:100px!important}}<\/style><\/div><h1 class=\"w-text\"><span class=\"w-text-h\"><span class=\"w-text-value\"><strong>Equipo<\/strong><\/span><\/span><\/h1><div class=\"w-separator size_custom\" style=\"height:50px\" id=\"n8c2\"><style>@media(max-width:1024px){ #n8c2{height:100px!important}}@media(max-width:600px){ #n8c2{height:100px!important}}<\/style><\/div><\/div><\/div><div class=\"wpb_column vc_column_container us_custom_ef2df852\"><div class=\"vc_column-inner\"><\/div><\/div><\/div><\/div><\/section><section class=\"l-section wpb_row height_small\"><div class=\"l-section-h i-cf\"><div class=\"g-cols vc_row via_grid cols_1 laptops-cols_inherit tablets-cols_inherit mobiles-cols_1 valign_top type_default stacking_default\"><div class=\"wpb_column vc_column_container\"><div class=\"vc_column-inner\"><div class=\"w-separator size_custom\" style=\"height:50px\" id=\"f131\"><style>@media(max-width:1024px){ #f131{height:100px!important}}@media(max-width:600px){ #f131{height:100px!important}}<\/style><\/div><div class=\"g-cols wpb_row via_grid cols_2 laptops-cols_inherit tablets-cols_inherit mobiles-cols_1 valign_top type_default stacking_default\" style=\"--gap:3rem;\"><div class=\"wpb_column vc_column_container\"><div class=\"vc_column-inner\"><div class=\"w-image us_custom_7e20fa79 us_animate_this align_center\"><div class=\"w-image-h\"><img decoding=\"async\" width=\"800\" height=\"800\" src=\"https:\/\/fidepartners.com\/wp-content\/uploads\/2022\/12\/Javier-Sempru\u0301n.jpg\" class=\"attachment-full size-full\" alt=\"Javier Sempru\u0301n\" loading=\"lazy\" srcset=\"https:\/\/fidepartners.com\/wp-content\/uploads\/2022\/12\/Javier-Sempru\u0301n.jpg 800w, https:\/\/fidepartners.com\/wp-content\/uploads\/2022\/12\/Javier-Sempru\u0301n-300x300.jpg 300w, https:\/\/fidepartners.com\/wp-content\/uploads\/2022\/12\/Javier-Sempru\u0301n-150x150.jpg 150w\" sizes=\"auto, (max-width: 800px) 100vw, 800px\" \/><\/div><\/div><\/div><\/div><div class=\"wpb_column vc_column_container\"><div class=\"vc_column-inner\"><div class=\"wpb_text_column\"><div class=\"wpb_wrapper\"><h2>Javier Sempr\u00fan<\/h2>\n<p>Javier tiene m\u00e1s de 10 a\u00f1os de experiencia profesional. Ha ocupado cargos en finanzas, fusiones y adquisiciones, consultor\u00eda estrat\u00e9gica y de gesti\u00f3n.<\/p>\n<p>Aficionado a la tecnolog\u00eda, se ha especializado en el sector de TMT durante los \u00faltimos cuatro a\u00f1os y ha adquirido experiencia en la identificaci\u00f3n de impactos de la pol\u00edtica regulatoria, an\u00e1lisis de la competencia, planificaci\u00f3n estrat\u00e9gica (estrategia de salida al mercado e identificaci\u00f3n de sinergias posteriores a la adquisici\u00f3n, estrategia comercial), despliegue y operaci\u00f3n de infraestructuras, y ejecuci\u00f3n de debidas diligencias comerciales y t\u00e9cnicas. Javier tiene una amplia experiencia trabajando en centros de datos, redes de fibra, redes m\u00f3viles, nube\/XaaS y asignaciones relacionadas con la consultor\u00eda tecnol\u00f3gica. Ha participado en m\u00e1s de 30 proyectos con inversores y operadores en Europa y Am\u00e9rica como gerente de proyecto y miembro s\u00e9nior del equipo, as\u00ed tambi\u00e9n ha liderado equipos de dos a ocho consultores y t\u00e9cnicos expertos.<\/p>\n<p>Javier tambi\u00e9n tiene una amplia experiencia trabajando en productos anal\u00edticos y t\u00e9cnicos, incluidos modelos financieros, inteligencia empresarial, an\u00e1lisis de datos y desarrollo de soluciones algor\u00edtmicas.<\/p>\n<p>Antes de unirse a Fide Partners, trabaj\u00f3 en empresas l\u00edderes de la consultor\u00eda de gesti\u00f3n y para agentes de infraestructura implicados en el sector de servicios p\u00fablicos.<\/p>\n<p>Es licenciado en Administraci\u00f3n de Empresas Internacionales por la Universidad Pontificia de Comillas \u2013 ICADE en Madrid (Espa\u00f1a) y Reims Management School \u2013 CESEM en Reims (Francia). Es nativo en espa\u00f1ol y franc\u00e9s, y habla ingl\u00e9s con fluidez.<\/p>\n<\/div><\/div><\/div><\/div><\/div><div class=\"w-separator size_huge\"><\/div><\/div><\/div><\/div><\/div><\/section>\n","protected":false},"excerpt":{"rendered":"EquipoJavier Sempr\u00fan Javier tiene m\u00e1s de 10 a\u00f1os de experiencia profesional. Ha ocupado cargos en finanzas, fusiones y adquisiciones, consultor\u00eda estrat\u00e9gica y de gesti\u00f3n. Aficionado a la tecnolog\u00eda, se ha especializado en el sector de TMT durante los \u00faltimos cuatro a\u00f1os y ha adquirido experiencia en la identificaci\u00f3n de impactos de la pol\u00edtica regulatoria, an\u00e1lisis...","protected":false},"author":1,"featured_media":0,"parent":0,"menu_order":0,"comment_status":"closed","ping_status":"closed","template":"","meta":{"inline_featured_image":false,"footnotes":""},"class_list":["post-1971","page","type-page","status-publish","hentry"],"yoast_head":"<!-- This site is optimized with the Yoast SEO plugin v23.9 - https:\/\/yoast.com\/wordpress\/plugins\/seo\/ -->\n<title>Javier Sempr\u00fan - Firma de consultor\u00eda estrat\u00e9gica y de gesti\u00f3n\u00a0<\/title>\n<meta name=\"robots\" content=\"index, follow, max-snippet:-1, max-image-preview:large, max-video-preview:-1\" \/>\n<link rel=\"canonical\" href=\"https:\/\/fidepartners.com\/es\/javier-semprun\/\" \/>\n<meta property=\"og:locale\" content=\"es_ES\" \/>\n<meta property=\"og:type\" content=\"article\" \/>\n<meta property=\"og:title\" content=\"Javier Sempr\u00fan - Firma de consultor\u00eda estrat\u00e9gica y de gesti\u00f3n\u00a0\" \/>\n<meta property=\"og:url\" content=\"https:\/\/fidepartners.com\/es\/javier-semprun\/\" \/>\n<meta property=\"og:site_name\" content=\"Firma de consultor\u00eda estrat\u00e9gica y de gesti\u00f3n\u00a0\" \/>\n<meta property=\"article:modified_time\" content=\"2023-03-08T10:11:33+00:00\" \/>\n<meta name=\"twitter:card\" content=\"summary_large_image\" \/>\n<meta name=\"twitter:label1\" content=\"Tiempo de lectura\" \/>\n\t<meta name=\"twitter:data1\" content=\"2 minutos\" \/>\n<script type=\"application\/ld+json\" class=\"yoast-schema-graph\">{\"@context\":\"https:\/\/schema.org\",\"@graph\":[{\"@type\":\"WebPage\",\"@id\":\"https:\/\/fidepartners.com\/es\/javier-semprun\/\",\"url\":\"https:\/\/fidepartners.com\/es\/javier-semprun\/\",\"name\":\"Javier Sempr\u00fan - Firma de consultor\u00eda estrat\u00e9gica y de gesti\u00f3n\u00a0\",\"isPartOf\":{\"@id\":\"https:\/\/fidepartners.com\/es\/#website\"},\"datePublished\":\"2022-10-11T15:02:08+00:00\",\"dateModified\":\"2023-03-08T10:11:33+00:00\",\"breadcrumb\":{\"@id\":\"https:\/\/fidepartners.com\/es\/javier-semprun\/#breadcrumb\"},\"inLanguage\":\"es\",\"potentialAction\":[{\"@type\":\"ReadAction\",\"target\":[\"https:\/\/fidepartners.com\/es\/javier-semprun\/\"]}]},{\"@type\":\"BreadcrumbList\",\"@id\":\"https:\/\/fidepartners.com\/es\/javier-semprun\/#breadcrumb\",\"itemListElement\":[{\"@type\":\"ListItem\",\"position\":1,\"name\":\"Portada\",\"item\":\"https:\/\/fidepartners.com\/es\/\"},{\"@type\":\"ListItem\",\"position\":2,\"name\":\"Javier Sempr\u00fan\"}]},{\"@type\":\"WebSite\",\"@id\":\"https:\/\/fidepartners.com\/es\/#website\",\"url\":\"https:\/\/fidepartners.com\/es\/\",\"name\":\"Firma de consultor\u00eda estrat\u00e9gica y de gesti\u00f3n\u00a0\",\"description\":\"Aportamos y comprometemos nuestra s\u00f3lida experiencia para apoyar a todos los actores de la cadena de valor de las TMT y del ecosistema digital\",\"potentialAction\":[{\"@type\":\"SearchAction\",\"target\":{\"@type\":\"EntryPoint\",\"urlTemplate\":\"https:\/\/fidepartners.com\/es\/?s={search_term_string}\"},\"query-input\":{\"@type\":\"PropertyValueSpecification\",\"valueRequired\":true,\"valueName\":\"search_term_string\"}}],\"inLanguage\":\"es\"}]}<\/script>\n<!-- \/ Yoast SEO plugin. -->","yoast_head_json":{"title":"Javier Sempr\u00fan - Firma de consultor\u00eda estrat\u00e9gica y de gesti\u00f3n\u00a0","robots":{"index":"index","follow":"follow","max-snippet":"max-snippet:-1","max-image-preview":"max-image-preview:large","max-video-preview":"max-video-preview:-1"},"canonical":"https:\/\/fidepartners.com\/es\/javier-semprun\/","og_locale":"es_ES","og_type":"article","og_title":"Javier Sempr\u00fan - Firma de consultor\u00eda estrat\u00e9gica y de gesti\u00f3n\u00a0","og_url":"https:\/\/fidepartners.com\/es\/javier-semprun\/","og_site_name":"Firma de consultor\u00eda estrat\u00e9gica y de gesti\u00f3n\u00a0","article_modified_time":"2023-03-08T10:11:33+00:00","twitter_card":"summary_large_image","twitter_misc":{"Tiempo de lectura":"2 minutos"},"schema":{"@context":"https:\/\/schema.org","@graph":[{"@type":"WebPage","@id":"https:\/\/fidepartners.com\/es\/javier-semprun\/","url":"https:\/\/fidepartners.com\/es\/javier-semprun\/","name":"Javier Sempr\u00fan - Firma de consultor\u00eda estrat\u00e9gica y de gesti\u00f3n\u00a0","isPartOf":{"@id":"https:\/\/fidepartners.com\/es\/#website"},"datePublished":"2022-10-11T15:02:08+00:00","dateModified":"2023-03-08T10:11:33+00:00","breadcrumb":{"@id":"https:\/\/fidepartners.com\/es\/javier-semprun\/#breadcrumb"},"inLanguage":"es","potentialAction":[{"@type":"ReadAction","target":["https:\/\/fidepartners.com\/es\/javier-semprun\/"]}]},{"@type":"BreadcrumbList","@id":"https:\/\/fidepartners.com\/es\/javier-semprun\/#breadcrumb","itemListElement":[{"@type":"ListItem","position":1,"name":"Portada","item":"https:\/\/fidepartners.com\/es\/"},{"@type":"ListItem","position":2,"name":"Javier Sempr\u00fan"}]},{"@type":"WebSite","@id":"https:\/\/fidepartners.com\/es\/#website","url":"https:\/\/fidepartners.com\/es\/","name":"Firma de consultor\u00eda estrat\u00e9gica y de gesti\u00f3n\u00a0","description":"Aportamos y comprometemos nuestra s\u00f3lida experiencia para apoyar a todos los actores de la cadena de valor de las TMT y del ecosistema digital","potentialAction":[{"@type":"SearchAction","target":{"@type":"EntryPoint","urlTemplate":"https:\/\/fidepartners.com\/es\/?s={search_term_string}"},"query-input":{"@type":"PropertyValueSpecification","valueRequired":true,"valueName":"search_term_string"}}],"inLanguage":"es"}]}},"_links":{"self":[{"href":"https:\/\/fidepartners.com\/es\/wp-json\/wp\/v2\/pages\/1971","targetHints":{"allow":["GET"]}}],"collection":[{"href":"https:\/\/fidepartners.com\/es\/wp-json\/wp\/v2\/pages"}],"about":[{"href":"https:\/\/fidepartners.com\/es\/wp-json\/wp\/v2\/types\/page"}],"author":[{"embeddable":true,"href":"https:\/\/fidepartners.com\/es\/wp-json\/wp\/v2\/users\/1"}],"replies":[{"embeddable":true,"href":"https:\/\/fidepartners.com\/es\/wp-json\/wp\/v2\/comments?post=1971"}],"version-history":[{"count":0,"href":"https:\/\/fidepartners.com\/es\/wp-json\/wp\/v2\/pages\/1971\/revisions"}],"wp:attachment":[{"href":"https:\/\/fidepartners.com\/es\/wp-json\/wp\/v2\/media?parent=1971"}],"curies":[{"name":"wp","href":"https:\/\/api.w.org\/{rel}","templated":true}]}}