{"id":1977,"date":"2022-10-13T15:44:32","date_gmt":"2022-10-13T15:44:32","guid":{"rendered":"https:\/\/fidepartners.com\/gareth-williams\/"},"modified":"2025-05-08T17:45:18","modified_gmt":"2025-05-08T17:45:18","slug":"gareth-williams","status":"publish","type":"page","link":"https:\/\/fidepartners.com\/es\/gareth-williams\/","title":{"rendered":"Gareth Williams"},"content":{"rendered":"<section class=\"l-section wpb_row us_custom_38d68270 height_auto\"><div class=\"l-section-h i-cf\"><div class=\"g-cols vc_row via_grid cols_3-2 laptops-cols_inherit tablets-cols_1 mobiles-cols_1 valign_middle type_default stacking_default\" style=\"--gap:calc(3rem + 1rem);\"><div class=\"wpb_column vc_column_container us_custom_d5301246\"><div class=\"vc_column-inner\"><div class=\"w-separator size_custom\" style=\"height:50px\" id=\"v572\"><style>@media(max-width:1024px){ #v572{height:100px!important}}@media(max-width:600px){ #v572{height:100px!important}}<\/style><\/div><h1 class=\"w-text\"><span class=\"w-text-h\"><span class=\"w-text-value\"><strong>Equipo<\/strong><\/span><\/span><\/h1><div class=\"w-separator size_custom\" style=\"height:50px\" id=\"f8f6\"><style>@media(max-width:1024px){ #f8f6{height:100px!important}}@media(max-width:600px){ #f8f6{height:100px!important}}<\/style><\/div><\/div><\/div><div class=\"wpb_column vc_column_container us_custom_ef2df852\"><div class=\"vc_column-inner\"><\/div><\/div><\/div><\/div><\/section><section class=\"l-section wpb_row height_small\"><div class=\"l-section-h i-cf\"><div class=\"g-cols vc_row via_grid cols_1 laptops-cols_inherit tablets-cols_inherit mobiles-cols_1 valign_top type_default stacking_default\"><div class=\"wpb_column vc_column_container\"><div class=\"vc_column-inner\"><div class=\"w-separator size_custom\" style=\"height:50px\" id=\"u67e\"><style>@media(max-width:1024px){ #u67e{height:100px!important}}@media(max-width:600px){ #u67e{height:100px!important}}<\/style><\/div><div class=\"g-cols wpb_row via_grid cols_2 laptops-cols_inherit tablets-cols_inherit mobiles-cols_1 valign_top type_default stacking_default\" style=\"--gap:3rem;\"><div class=\"wpb_column vc_column_container\"><div class=\"vc_column-inner\"><div class=\"w-image us_custom_7e20fa79 us_animate_this align_center\"><div class=\"w-image-h\"><img decoding=\"async\" width=\"1600\" height=\"1600\" src=\"https:\/\/fidepartners.com\/wp-content\/uploads\/2023\/02\/Gareth-Williams-1.jpg\" class=\"attachment-full size-full\" alt=\"Gareth Williams 1\" loading=\"lazy\" srcset=\"https:\/\/fidepartners.com\/wp-content\/uploads\/2023\/02\/Gareth-Williams-1.jpg 1600w, https:\/\/fidepartners.com\/wp-content\/uploads\/2023\/02\/Gareth-Williams-1-300x300.jpg 300w, https:\/\/fidepartners.com\/wp-content\/uploads\/2023\/02\/Gareth-Williams-1-1024x1024.jpg 1024w, https:\/\/fidepartners.com\/wp-content\/uploads\/2023\/02\/Gareth-Williams-1-150x150.jpg 150w\" sizes=\"auto, (max-width: 1600px) 100vw, 1600px\" \/><\/div><\/div><\/div><\/div><div class=\"wpb_column vc_column_container\"><div class=\"vc_column-inner\"><div class=\"wpb_text_column\"><div class=\"wpb_wrapper\"><h2>Gareth Williams<\/h2>\n<p>Gareth es un experimentado consultor de TMT que lidera la oficina de Londres de Fide Partners. Cuenta con m\u00e1s de 25 a\u00f1os de experiencia como analista de investigaci\u00f3n\/consultor senior. Ha trabajado en proyectos que abarcan desde placas de circuitos hasta sat\u00e9lites y muchas otras tecnolog\u00edas, infraestructuras, productos y casos de uso. Tiene una amplia experiencia en la ejecuci\u00f3n de proyectos de debida diligencia comercial y t\u00e9cnica, tanto de compra como de venta, incluyendo activos de FTTH, centros de datos y proveedores de servicios en la nube. Estos proyectos han abarcado muchos pa\u00edses de Europa, desde Portugal, has Grecia y Estonia en el noreste, as\u00ed como muchos otros pa\u00edses de la UE. En el marco de estos proyectos, ha participado en asistencia post-transacci\u00f3n, ayudando a desarrollar enfoques de mejores pr\u00e1cticas para la construcci\u00f3n de redes, ventas y operaciones.<\/p>\n<p>En roles anteriores, Gareth ha negociado acuerdos de MVNO, escrito papers sobre ciudades inteligentes, ayudado a las empresas a desarrollar su estrategia de salida al mercado en IoT, convergencia fijo-m\u00f3vil y soluciones empresariales, as\u00ed como asesorar a los reguladores en su enfoque para el establecimiento de obligaciones regulatorias de cobertura de banda ancha fija para operadores.<\/p>\n<p>Gareth has a BSc. Gareth es licenciado en F\u00edsica por la Universidad de Manchester, es un ciclista entusiasta, posee algunas acciones de Tranmere Rovers (el club de su ciudad natal) y pas\u00f3 un a\u00f1o ense\u00f1ando ingl\u00e9s en Siberia.<\/p>\n<\/div><\/div><\/div><\/div><\/div><div class=\"w-separator size_huge\"><\/div><\/div><\/div><\/div><\/div><\/section>\n","protected":false},"excerpt":{"rendered":"EquipoGareth Williams Gareth es un experimentado consultor de TMT que lidera la oficina de Londres de Fide Partners. Cuenta con m\u00e1s de 25 a\u00f1os de experiencia como analista de investigaci\u00f3n\/consultor senior. Ha trabajado en proyectos que abarcan desde placas de circuitos hasta sat\u00e9lites y muchas otras tecnolog\u00edas, infraestructuras, productos y casos de uso. Tiene una...","protected":false},"author":1,"featured_media":0,"parent":0,"menu_order":0,"comment_status":"closed","ping_status":"closed","template":"","meta":{"inline_featured_image":false,"footnotes":""},"class_list":["post-1977","page","type-page","status-publish","hentry"],"yoast_head":"<!-- This site is optimized with the Yoast SEO plugin v23.9 - https:\/\/yoast.com\/wordpress\/plugins\/seo\/ -->\n<title>Gareth Williams - Firma de consultor\u00eda estrat\u00e9gica y de gesti\u00f3n\u00a0<\/title>\n<meta name=\"robots\" content=\"index, follow, max-snippet:-1, max-image-preview:large, max-video-preview:-1\" \/>\n<link rel=\"canonical\" href=\"https:\/\/fidepartners.com\/es\/gareth-williams\/\" \/>\n<meta property=\"og:locale\" content=\"es_ES\" \/>\n<meta property=\"og:type\" content=\"article\" \/>\n<meta property=\"og:title\" content=\"Gareth Williams - Firma de consultor\u00eda estrat\u00e9gica y de gesti\u00f3n\u00a0\" \/>\n<meta property=\"og:url\" content=\"https:\/\/fidepartners.com\/es\/gareth-williams\/\" \/>\n<meta property=\"og:site_name\" content=\"Firma de consultor\u00eda estrat\u00e9gica y de gesti\u00f3n\u00a0\" \/>\n<meta property=\"article:modified_time\" content=\"2025-05-08T17:45:18+00:00\" \/>\n<meta name=\"twitter:card\" content=\"summary_large_image\" \/>\n<meta name=\"twitter:label1\" content=\"Tiempo de lectura\" \/>\n\t<meta name=\"twitter:data1\" content=\"2 minutos\" \/>\n<script type=\"application\/ld+json\" class=\"yoast-schema-graph\">{\"@context\":\"https:\/\/schema.org\",\"@graph\":[{\"@type\":\"WebPage\",\"@id\":\"https:\/\/fidepartners.com\/es\/gareth-williams\/\",\"url\":\"https:\/\/fidepartners.com\/es\/gareth-williams\/\",\"name\":\"Gareth Williams - Firma de consultor\u00eda estrat\u00e9gica y de gesti\u00f3n\u00a0\",\"isPartOf\":{\"@id\":\"https:\/\/fidepartners.com\/es\/#website\"},\"datePublished\":\"2022-10-13T15:44:32+00:00\",\"dateModified\":\"2025-05-08T17:45:18+00:00\",\"breadcrumb\":{\"@id\":\"https:\/\/fidepartners.com\/es\/gareth-williams\/#breadcrumb\"},\"inLanguage\":\"es\",\"potentialAction\":[{\"@type\":\"ReadAction\",\"target\":[\"https:\/\/fidepartners.com\/es\/gareth-williams\/\"]}]},{\"@type\":\"BreadcrumbList\",\"@id\":\"https:\/\/fidepartners.com\/es\/gareth-williams\/#breadcrumb\",\"itemListElement\":[{\"@type\":\"ListItem\",\"position\":1,\"name\":\"Portada\",\"item\":\"https:\/\/fidepartners.com\/es\/\"},{\"@type\":\"ListItem\",\"position\":2,\"name\":\"Gareth Williams\"}]},{\"@type\":\"WebSite\",\"@id\":\"https:\/\/fidepartners.com\/es\/#website\",\"url\":\"https:\/\/fidepartners.com\/es\/\",\"name\":\"Firma de consultor\u00eda estrat\u00e9gica y de gesti\u00f3n\u00a0\",\"description\":\"Aportamos y comprometemos nuestra s\u00f3lida experiencia para apoyar a todos los actores de la cadena de valor de las TMT y del ecosistema digital\",\"potentialAction\":[{\"@type\":\"SearchAction\",\"target\":{\"@type\":\"EntryPoint\",\"urlTemplate\":\"https:\/\/fidepartners.com\/es\/?s={search_term_string}\"},\"query-input\":{\"@type\":\"PropertyValueSpecification\",\"valueRequired\":true,\"valueName\":\"search_term_string\"}}],\"inLanguage\":\"es\"}]}<\/script>\n<!-- \/ Yoast SEO plugin. -->","yoast_head_json":{"title":"Gareth Williams - Firma de consultor\u00eda estrat\u00e9gica y de gesti\u00f3n\u00a0","robots":{"index":"index","follow":"follow","max-snippet":"max-snippet:-1","max-image-preview":"max-image-preview:large","max-video-preview":"max-video-preview:-1"},"canonical":"https:\/\/fidepartners.com\/es\/gareth-williams\/","og_locale":"es_ES","og_type":"article","og_title":"Gareth Williams - Firma de consultor\u00eda estrat\u00e9gica y de gesti\u00f3n\u00a0","og_url":"https:\/\/fidepartners.com\/es\/gareth-williams\/","og_site_name":"Firma de consultor\u00eda estrat\u00e9gica y de gesti\u00f3n\u00a0","article_modified_time":"2025-05-08T17:45:18+00:00","twitter_card":"summary_large_image","twitter_misc":{"Tiempo de lectura":"2 minutos"},"schema":{"@context":"https:\/\/schema.org","@graph":[{"@type":"WebPage","@id":"https:\/\/fidepartners.com\/es\/gareth-williams\/","url":"https:\/\/fidepartners.com\/es\/gareth-williams\/","name":"Gareth Williams - Firma de consultor\u00eda estrat\u00e9gica y de gesti\u00f3n\u00a0","isPartOf":{"@id":"https:\/\/fidepartners.com\/es\/#website"},"datePublished":"2022-10-13T15:44:32+00:00","dateModified":"2025-05-08T17:45:18+00:00","breadcrumb":{"@id":"https:\/\/fidepartners.com\/es\/gareth-williams\/#breadcrumb"},"inLanguage":"es","potentialAction":[{"@type":"ReadAction","target":["https:\/\/fidepartners.com\/es\/gareth-williams\/"]}]},{"@type":"BreadcrumbList","@id":"https:\/\/fidepartners.com\/es\/gareth-williams\/#breadcrumb","itemListElement":[{"@type":"ListItem","position":1,"name":"Portada","item":"https:\/\/fidepartners.com\/es\/"},{"@type":"ListItem","position":2,"name":"Gareth Williams"}]},{"@type":"WebSite","@id":"https:\/\/fidepartners.com\/es\/#website","url":"https:\/\/fidepartners.com\/es\/","name":"Firma de consultor\u00eda estrat\u00e9gica y de gesti\u00f3n\u00a0","description":"Aportamos y comprometemos nuestra s\u00f3lida experiencia para apoyar a todos los actores de la cadena de valor de las TMT y del ecosistema digital","potentialAction":[{"@type":"SearchAction","target":{"@type":"EntryPoint","urlTemplate":"https:\/\/fidepartners.com\/es\/?s={search_term_string}"},"query-input":{"@type":"PropertyValueSpecification","valueRequired":true,"valueName":"search_term_string"}}],"inLanguage":"es"}]}},"_links":{"self":[{"href":"https:\/\/fidepartners.com\/es\/wp-json\/wp\/v2\/pages\/1977","targetHints":{"allow":["GET"]}}],"collection":[{"href":"https:\/\/fidepartners.com\/es\/wp-json\/wp\/v2\/pages"}],"about":[{"href":"https:\/\/fidepartners.com\/es\/wp-json\/wp\/v2\/types\/page"}],"author":[{"embeddable":true,"href":"https:\/\/fidepartners.com\/es\/wp-json\/wp\/v2\/users\/1"}],"replies":[{"embeddable":true,"href":"https:\/\/fidepartners.com\/es\/wp-json\/wp\/v2\/comments?post=1977"}],"version-history":[{"count":1,"href":"https:\/\/fidepartners.com\/es\/wp-json\/wp\/v2\/pages\/1977\/revisions"}],"predecessor-version":[{"id":4077,"href":"https:\/\/fidepartners.com\/es\/wp-json\/wp\/v2\/pages\/1977\/revisions\/4077"}],"wp:attachment":[{"href":"https:\/\/fidepartners.com\/es\/wp-json\/wp\/v2\/media?parent=1977"}],"curies":[{"name":"wp","href":"https:\/\/api.w.org\/{rel}","templated":true}]}}