{"id":1980,"date":"2022-10-07T11:47:55","date_gmt":"2022-10-07T11:47:55","guid":{"rendered":"https:\/\/fidepartners.com\/claudia-romo\/"},"modified":"2023-07-31T12:16:10","modified_gmt":"2023-07-31T12:16:10","slug":"claudia-romo","status":"publish","type":"page","link":"https:\/\/fidepartners.com\/es\/claudia-romo\/","title":{"rendered":"Claudia Romo"},"content":{"rendered":"<section class=\"l-section wpb_row us_custom_38d68270 height_auto\"><div class=\"l-section-h i-cf\"><div class=\"g-cols vc_row via_grid cols_3-2 laptops-cols_inherit tablets-cols_1 mobiles-cols_1 valign_middle type_default stacking_default\" style=\"--gap:calc(3rem + 1rem);\"><div class=\"wpb_column vc_column_container us_custom_d5301246\"><div class=\"vc_column-inner\"><div class=\"w-separator size_custom\" style=\"height:50px\" id=\"m33c\"><style>@media(max-width:1024px){ #m33c{height:100px!important}}@media(max-width:600px){ #m33c{height:100px!important}}<\/style><\/div><h1 class=\"w-text\"><span class=\"w-text-h\"><span class=\"w-text-value\"><strong>Equipo<\/strong><\/span><\/span><\/h1><div class=\"w-separator size_custom\" style=\"height:50px\" id=\"t576\"><style>@media(max-width:1024px){ #t576{height:100px!important}}@media(max-width:600px){ #t576{height:100px!important}}<\/style><\/div><\/div><\/div><div class=\"wpb_column vc_column_container us_custom_ef2df852\"><div class=\"vc_column-inner\"><\/div><\/div><\/div><\/div><\/section><section class=\"l-section wpb_row height_small\"><div class=\"l-section-h i-cf\"><div class=\"g-cols vc_row via_grid cols_1 laptops-cols_inherit tablets-cols_inherit mobiles-cols_1 valign_top type_default stacking_default\"><div class=\"wpb_column vc_column_container\"><div class=\"vc_column-inner\"><div class=\"w-separator size_custom\" style=\"height:50px\" id=\"zd72\"><style>@media(max-width:1024px){ #zd72{height:100px!important}}@media(max-width:600px){ #zd72{height:100px!important}}<\/style><\/div><div class=\"g-cols wpb_row via_grid cols_2 laptops-cols_inherit tablets-cols_inherit mobiles-cols_1 valign_top type_default stacking_default\" style=\"--gap:3rem;\"><div class=\"wpb_column vc_column_container\"><div class=\"vc_column-inner\"><div class=\"w-image us_custom_7e20fa79 us_animate_this align_center\"><div class=\"w-image-h\"><img decoding=\"async\" width=\"800\" height=\"800\" src=\"https:\/\/fidepartners.com\/wp-content\/uploads\/2023\/01\/Claudia-Romo.jpg\" class=\"attachment-full size-full\" alt=\"Claudia Romo\" loading=\"lazy\" srcset=\"https:\/\/fidepartners.com\/wp-content\/uploads\/2023\/01\/Claudia-Romo.jpg 800w, https:\/\/fidepartners.com\/wp-content\/uploads\/2023\/01\/Claudia-Romo-300x300.jpg 300w, https:\/\/fidepartners.com\/wp-content\/uploads\/2023\/01\/Claudia-Romo-150x150.jpg 150w\" sizes=\"auto, (max-width: 800px) 100vw, 800px\" \/><\/div><\/div><\/div><\/div><div class=\"wpb_column vc_column_container\"><div class=\"vc_column-inner\"><div class=\"wpb_text_column\"><div class=\"wpb_wrapper\"><h2>Claudia Romo<\/h2>\n<p class=\"p1\">Claudia tiene m\u00e1s de 10 a\u00f1os de experiencia en proyectos de ingenier\u00eda y consultor\u00eda. Su experiencia se centra en la gesti\u00f3n de proyectos, especialmente en el sector de las telecomunicaciones. A lo largo de su carrera, Claudia ha completado una amplia gama de proyectos, incluyendo apoyo en transacciones de fusiones y adquisiciones, iniciativas estrat\u00e9gicas y apoyo regulatorio relacionados con centros de datos y activos de fibra en Am\u00e9rica Latina y Europa. Ha colaborado con diferentes tipos de clientes, incluyendo fondos de inversi\u00f3n, operadores de telecomunicaciones y empresas de ingenier\u00eda.<span class=\"Apple-converted-space\">\u00a0<\/span><\/p>\n<p class=\"p1\">Antes de incorporarse a Fide Partners, Claudia ocup\u00f3 diversos puestos en diferentes empresas de ingenier\u00eda y consultor\u00eda. Tiene un MBA de la Universidad de Gales y grado en ingenier\u00eda electr\u00f3nica. En 2016, Claudia obtuvo su certificaci\u00f3n PMP, que complementa su formaci\u00f3n en gesti\u00f3n de proyectos.<span class=\"Apple-converted-space\">\u00a0<\/span><\/p>\n<\/div><\/div><\/div><\/div><\/div><div class=\"w-separator size_huge\"><\/div><\/div><\/div><\/div><\/div><\/section>\n","protected":false},"excerpt":{"rendered":"EquipoClaudia Romo Claudia tiene m\u00e1s de 10 a\u00f1os de experiencia en proyectos de ingenier\u00eda y consultor\u00eda. Su experiencia se centra en la gesti\u00f3n de proyectos, especialmente en el sector de las telecomunicaciones. A lo largo de su carrera, Claudia ha completado una amplia gama de proyectos, incluyendo apoyo en transacciones de fusiones y adquisiciones, iniciativas...","protected":false},"author":1,"featured_media":1783,"parent":0,"menu_order":0,"comment_status":"closed","ping_status":"closed","template":"","meta":{"inline_featured_image":false,"footnotes":""},"class_list":["post-1980","page","type-page","status-publish","has-post-thumbnail","hentry"],"yoast_head":"<!-- This site is optimized with the Yoast SEO plugin v23.9 - https:\/\/yoast.com\/wordpress\/plugins\/seo\/ -->\n<title>Claudia Romo - Firma de consultor\u00eda estrat\u00e9gica y de gesti\u00f3n\u00a0<\/title>\n<meta name=\"robots\" content=\"index, follow, max-snippet:-1, max-image-preview:large, max-video-preview:-1\" \/>\n<link rel=\"canonical\" href=\"https:\/\/fidepartners.com\/es\/claudia-romo\/\" \/>\n<meta property=\"og:locale\" content=\"es_ES\" \/>\n<meta property=\"og:type\" content=\"article\" \/>\n<meta property=\"og:title\" content=\"Claudia Romo - Firma de consultor\u00eda estrat\u00e9gica y de gesti\u00f3n\u00a0\" \/>\n<meta property=\"og:url\" content=\"https:\/\/fidepartners.com\/es\/claudia-romo\/\" \/>\n<meta property=\"og:site_name\" content=\"Firma de consultor\u00eda estrat\u00e9gica y de gesti\u00f3n\u00a0\" \/>\n<meta property=\"article:modified_time\" content=\"2023-07-31T12:16:10+00:00\" \/>\n<meta property=\"og:image\" content=\"https:\/\/fidepartners.com\/wp-content\/uploads\/2023\/01\/Claudia-Romo.jpg\" \/>\n\t<meta property=\"og:image:width\" content=\"800\" \/>\n\t<meta property=\"og:image:height\" content=\"800\" \/>\n\t<meta property=\"og:image:type\" content=\"image\/jpeg\" \/>\n<meta name=\"twitter:card\" content=\"summary_large_image\" \/>\n<meta name=\"twitter:label1\" content=\"Tiempo de lectura\" \/>\n\t<meta name=\"twitter:data1\" content=\"1 minuto\" \/>\n<script type=\"application\/ld+json\" class=\"yoast-schema-graph\">{\"@context\":\"https:\/\/schema.org\",\"@graph\":[{\"@type\":\"WebPage\",\"@id\":\"https:\/\/fidepartners.com\/es\/claudia-romo\/\",\"url\":\"https:\/\/fidepartners.com\/es\/claudia-romo\/\",\"name\":\"Claudia Romo - Firma de consultor\u00eda estrat\u00e9gica y de gesti\u00f3n\u00a0\",\"isPartOf\":{\"@id\":\"https:\/\/fidepartners.com\/es\/#website\"},\"primaryImageOfPage\":{\"@id\":\"https:\/\/fidepartners.com\/es\/claudia-romo\/#primaryimage\"},\"image\":{\"@id\":\"https:\/\/fidepartners.com\/es\/claudia-romo\/#primaryimage\"},\"thumbnailUrl\":\"https:\/\/fidepartners.com\/wp-content\/uploads\/2023\/01\/Claudia-Romo.jpg\",\"datePublished\":\"2022-10-07T11:47:55+00:00\",\"dateModified\":\"2023-07-31T12:16:10+00:00\",\"breadcrumb\":{\"@id\":\"https:\/\/fidepartners.com\/es\/claudia-romo\/#breadcrumb\"},\"inLanguage\":\"es\",\"potentialAction\":[{\"@type\":\"ReadAction\",\"target\":[\"https:\/\/fidepartners.com\/es\/claudia-romo\/\"]}]},{\"@type\":\"ImageObject\",\"inLanguage\":\"es\",\"@id\":\"https:\/\/fidepartners.com\/es\/claudia-romo\/#primaryimage\",\"url\":\"https:\/\/fidepartners.com\/wp-content\/uploads\/2023\/01\/Claudia-Romo.jpg\",\"contentUrl\":\"https:\/\/fidepartners.com\/wp-content\/uploads\/2023\/01\/Claudia-Romo.jpg\",\"width\":800,\"height\":800,\"caption\":\"Claudia Romo\"},{\"@type\":\"BreadcrumbList\",\"@id\":\"https:\/\/fidepartners.com\/es\/claudia-romo\/#breadcrumb\",\"itemListElement\":[{\"@type\":\"ListItem\",\"position\":1,\"name\":\"Portada\",\"item\":\"https:\/\/fidepartners.com\/es\/\"},{\"@type\":\"ListItem\",\"position\":2,\"name\":\"Claudia Romo\"}]},{\"@type\":\"WebSite\",\"@id\":\"https:\/\/fidepartners.com\/es\/#website\",\"url\":\"https:\/\/fidepartners.com\/es\/\",\"name\":\"Firma de consultor\u00eda estrat\u00e9gica y de gesti\u00f3n\u00a0\",\"description\":\"Aportamos y comprometemos nuestra s\u00f3lida experiencia para apoyar a todos los actores de la cadena de valor de las TMT y del ecosistema digital\",\"potentialAction\":[{\"@type\":\"SearchAction\",\"target\":{\"@type\":\"EntryPoint\",\"urlTemplate\":\"https:\/\/fidepartners.com\/es\/?s={search_term_string}\"},\"query-input\":{\"@type\":\"PropertyValueSpecification\",\"valueRequired\":true,\"valueName\":\"search_term_string\"}}],\"inLanguage\":\"es\"}]}<\/script>\n<!-- \/ Yoast SEO plugin. -->","yoast_head_json":{"title":"Claudia Romo - Firma de consultor\u00eda estrat\u00e9gica y de gesti\u00f3n\u00a0","robots":{"index":"index","follow":"follow","max-snippet":"max-snippet:-1","max-image-preview":"max-image-preview:large","max-video-preview":"max-video-preview:-1"},"canonical":"https:\/\/fidepartners.com\/es\/claudia-romo\/","og_locale":"es_ES","og_type":"article","og_title":"Claudia Romo - Firma de consultor\u00eda estrat\u00e9gica y de gesti\u00f3n\u00a0","og_url":"https:\/\/fidepartners.com\/es\/claudia-romo\/","og_site_name":"Firma de consultor\u00eda estrat\u00e9gica y de gesti\u00f3n\u00a0","article_modified_time":"2023-07-31T12:16:10+00:00","og_image":[{"width":800,"height":800,"url":"https:\/\/fidepartners.com\/wp-content\/uploads\/2023\/01\/Claudia-Romo.jpg","type":"image\/jpeg"}],"twitter_card":"summary_large_image","twitter_misc":{"Tiempo de lectura":"1 minuto"},"schema":{"@context":"https:\/\/schema.org","@graph":[{"@type":"WebPage","@id":"https:\/\/fidepartners.com\/es\/claudia-romo\/","url":"https:\/\/fidepartners.com\/es\/claudia-romo\/","name":"Claudia Romo - Firma de consultor\u00eda estrat\u00e9gica y de gesti\u00f3n\u00a0","isPartOf":{"@id":"https:\/\/fidepartners.com\/es\/#website"},"primaryImageOfPage":{"@id":"https:\/\/fidepartners.com\/es\/claudia-romo\/#primaryimage"},"image":{"@id":"https:\/\/fidepartners.com\/es\/claudia-romo\/#primaryimage"},"thumbnailUrl":"https:\/\/fidepartners.com\/wp-content\/uploads\/2023\/01\/Claudia-Romo.jpg","datePublished":"2022-10-07T11:47:55+00:00","dateModified":"2023-07-31T12:16:10+00:00","breadcrumb":{"@id":"https:\/\/fidepartners.com\/es\/claudia-romo\/#breadcrumb"},"inLanguage":"es","potentialAction":[{"@type":"ReadAction","target":["https:\/\/fidepartners.com\/es\/claudia-romo\/"]}]},{"@type":"ImageObject","inLanguage":"es","@id":"https:\/\/fidepartners.com\/es\/claudia-romo\/#primaryimage","url":"https:\/\/fidepartners.com\/wp-content\/uploads\/2023\/01\/Claudia-Romo.jpg","contentUrl":"https:\/\/fidepartners.com\/wp-content\/uploads\/2023\/01\/Claudia-Romo.jpg","width":800,"height":800,"caption":"Claudia Romo"},{"@type":"BreadcrumbList","@id":"https:\/\/fidepartners.com\/es\/claudia-romo\/#breadcrumb","itemListElement":[{"@type":"ListItem","position":1,"name":"Portada","item":"https:\/\/fidepartners.com\/es\/"},{"@type":"ListItem","position":2,"name":"Claudia Romo"}]},{"@type":"WebSite","@id":"https:\/\/fidepartners.com\/es\/#website","url":"https:\/\/fidepartners.com\/es\/","name":"Firma de consultor\u00eda estrat\u00e9gica y de gesti\u00f3n\u00a0","description":"Aportamos y comprometemos nuestra s\u00f3lida experiencia para apoyar a todos los actores de la cadena de valor de las TMT y del ecosistema digital","potentialAction":[{"@type":"SearchAction","target":{"@type":"EntryPoint","urlTemplate":"https:\/\/fidepartners.com\/es\/?s={search_term_string}"},"query-input":{"@type":"PropertyValueSpecification","valueRequired":true,"valueName":"search_term_string"}}],"inLanguage":"es"}]}},"_links":{"self":[{"href":"https:\/\/fidepartners.com\/es\/wp-json\/wp\/v2\/pages\/1980","targetHints":{"allow":["GET"]}}],"collection":[{"href":"https:\/\/fidepartners.com\/es\/wp-json\/wp\/v2\/pages"}],"about":[{"href":"https:\/\/fidepartners.com\/es\/wp-json\/wp\/v2\/types\/page"}],"author":[{"embeddable":true,"href":"https:\/\/fidepartners.com\/es\/wp-json\/wp\/v2\/users\/1"}],"replies":[{"embeddable":true,"href":"https:\/\/fidepartners.com\/es\/wp-json\/wp\/v2\/comments?post=1980"}],"version-history":[{"count":0,"href":"https:\/\/fidepartners.com\/es\/wp-json\/wp\/v2\/pages\/1980\/revisions"}],"wp:featuredmedia":[{"embeddable":true,"href":"https:\/\/fidepartners.com\/es\/wp-json\/wp\/v2\/media\/1783"}],"wp:attachment":[{"href":"https:\/\/fidepartners.com\/es\/wp-json\/wp\/v2\/media?parent=1980"}],"curies":[{"name":"wp","href":"https:\/\/api.w.org\/{rel}","templated":true}]}}