{"id":1995,"date":"2022-10-13T15:27:13","date_gmt":"2022-10-13T15:27:13","guid":{"rendered":"https:\/\/fidepartners.com\/hadrien-carparelli\/"},"modified":"2025-05-08T19:50:47","modified_gmt":"2025-05-08T19:50:47","slug":"hadrien-carparelli","status":"publish","type":"page","link":"https:\/\/fidepartners.com\/es\/hadrien-carparelli\/","title":{"rendered":"Hadrien Carparelli"},"content":{"rendered":"<section class=\"l-section wpb_row us_custom_38d68270 height_auto\"><div class=\"l-section-h i-cf\"><div class=\"g-cols vc_row via_grid cols_3-2 laptops-cols_inherit tablets-cols_1 mobiles-cols_1 valign_middle type_default stacking_default\" style=\"--gap:calc(3rem + 1rem);\"><div class=\"wpb_column vc_column_container us_custom_d5301246\"><div class=\"vc_column-inner\"><div class=\"w-separator size_custom\" style=\"height:50px\" id=\"c1bd\"><style>@media(max-width:1024px){ #c1bd{height:100px!important}}@media(max-width:600px){ #c1bd{height:100px!important}}<\/style><\/div><h1 class=\"w-text\"><span class=\"w-text-h\"><span class=\"w-text-value\"><strong>Equipo<\/strong><\/span><\/span><\/h1><div class=\"w-separator size_custom\" style=\"height:50px\" id=\"s3fb\"><style>@media(max-width:1024px){ #s3fb{height:100px!important}}@media(max-width:600px){ #s3fb{height:100px!important}}<\/style><\/div><\/div><\/div><div class=\"wpb_column vc_column_container us_custom_ef2df852\"><div class=\"vc_column-inner\"><\/div><\/div><\/div><\/div><\/section><section class=\"l-section wpb_row height_small\"><div class=\"l-section-h i-cf\"><div class=\"g-cols vc_row via_grid cols_1 laptops-cols_inherit tablets-cols_inherit mobiles-cols_1 valign_top type_default stacking_default\"><div class=\"wpb_column vc_column_container\"><div class=\"vc_column-inner\"><div class=\"w-separator size_custom\" style=\"height:50px\" id=\"fc86\"><style>@media(max-width:1024px){ #fc86{height:100px!important}}@media(max-width:600px){ #fc86{height:100px!important}}<\/style><\/div><div class=\"g-cols wpb_row via_grid cols_2 laptops-cols_inherit tablets-cols_inherit mobiles-cols_1 valign_top type_default stacking_default\" style=\"--gap:3rem;\"><div class=\"wpb_column vc_column_container\"><div class=\"vc_column-inner\"><div class=\"w-image us_custom_7e20fa79 us_animate_this align_center\"><div class=\"w-image-h\"><img decoding=\"async\" width=\"800\" height=\"800\" src=\"https:\/\/fidepartners.com\/wp-content\/uploads\/2022\/12\/Hadrien-Carparelli.jpg\" class=\"attachment-full size-full\" alt=\"Hadrien Carparelli\" loading=\"lazy\" srcset=\"https:\/\/fidepartners.com\/wp-content\/uploads\/2022\/12\/Hadrien-Carparelli.jpg 800w, https:\/\/fidepartners.com\/wp-content\/uploads\/2022\/12\/Hadrien-Carparelli-300x300.jpg 300w, https:\/\/fidepartners.com\/wp-content\/uploads\/2022\/12\/Hadrien-Carparelli-150x150.jpg 150w\" sizes=\"auto, (max-width: 800px) 100vw, 800px\" \/><\/div><\/div><\/div><\/div><div class=\"wpb_column vc_column_container\"><div class=\"vc_column-inner\"><div class=\"wpb_text_column\"><div class=\"wpb_wrapper\"><h2>Hadrien Carparelli<\/h2>\n<p>Hadrien tiene 4 a\u00f1os de experiencia en el sector de TMT y un m\u00e1ster en administraci\u00f3n por la ESCP en Par\u00eds, con enfoque en finanzas. Ha trabajado con agentes de infraestructura, bancos de inversi\u00f3n, proveedores m\u00f3viles y centros de datos.<\/p>\n<p>Como consultor, ha participado en diligencias debidas comerciales y t\u00e9cnicas para varios tipos de activos y proyectos de estrategia en diferentes pa\u00edses y regiones (Europa, Latinoam\u00e9rica y Oriente Medio). Esto le ha proporcionado experiencia y un profundo conocimiento del sector de TMT.<\/p>\n<\/div><\/div><\/div><\/div><\/div><div class=\"w-separator size_huge\"><\/div><\/div><\/div><\/div><\/div><\/section>\n","protected":false},"excerpt":{"rendered":"EquipoHadrien Carparelli Hadrien tiene 4 a\u00f1os de experiencia en el sector de TMT y un m\u00e1ster en administraci\u00f3n por la ESCP en Par\u00eds, con enfoque en finanzas. Ha trabajado con agentes de infraestructura, bancos de inversi\u00f3n, proveedores m\u00f3viles y centros de datos. Como consultor, ha participado en diligencias debidas comerciales y t\u00e9cnicas para varios tipos...","protected":false},"author":1,"featured_media":0,"parent":0,"menu_order":0,"comment_status":"closed","ping_status":"closed","template":"","meta":{"inline_featured_image":false,"footnotes":""},"class_list":["post-1995","page","type-page","status-publish","hentry"],"yoast_head":"<!-- This site is optimized with the Yoast SEO plugin v23.9 - https:\/\/yoast.com\/wordpress\/plugins\/seo\/ -->\n<title>Hadrien Carparelli - Firma de consultor\u00eda estrat\u00e9gica y de gesti\u00f3n\u00a0<\/title>\n<meta name=\"robots\" content=\"index, follow, max-snippet:-1, max-image-preview:large, max-video-preview:-1\" \/>\n<link rel=\"canonical\" href=\"https:\/\/fidepartners.com\/es\/hadrien-carparelli\/\" \/>\n<meta property=\"og:locale\" content=\"es_ES\" \/>\n<meta property=\"og:type\" content=\"article\" \/>\n<meta property=\"og:title\" content=\"Hadrien Carparelli - Firma de consultor\u00eda estrat\u00e9gica y de gesti\u00f3n\u00a0\" \/>\n<meta property=\"og:url\" content=\"https:\/\/fidepartners.com\/es\/hadrien-carparelli\/\" \/>\n<meta property=\"og:site_name\" content=\"Firma de consultor\u00eda estrat\u00e9gica y de gesti\u00f3n\u00a0\" \/>\n<meta property=\"article:modified_time\" content=\"2025-05-08T19:50:47+00:00\" \/>\n<meta name=\"twitter:card\" content=\"summary_large_image\" \/>\n<meta name=\"twitter:label1\" content=\"Tiempo de lectura\" \/>\n\t<meta name=\"twitter:data1\" content=\"1 minuto\" \/>\n<script type=\"application\/ld+json\" class=\"yoast-schema-graph\">{\"@context\":\"https:\/\/schema.org\",\"@graph\":[{\"@type\":\"WebPage\",\"@id\":\"https:\/\/fidepartners.com\/es\/hadrien-carparelli\/\",\"url\":\"https:\/\/fidepartners.com\/es\/hadrien-carparelli\/\",\"name\":\"Hadrien Carparelli - Firma de consultor\u00eda estrat\u00e9gica y de gesti\u00f3n\u00a0\",\"isPartOf\":{\"@id\":\"https:\/\/fidepartners.com\/es\/#website\"},\"datePublished\":\"2022-10-13T15:27:13+00:00\",\"dateModified\":\"2025-05-08T19:50:47+00:00\",\"breadcrumb\":{\"@id\":\"https:\/\/fidepartners.com\/es\/hadrien-carparelli\/#breadcrumb\"},\"inLanguage\":\"es\",\"potentialAction\":[{\"@type\":\"ReadAction\",\"target\":[\"https:\/\/fidepartners.com\/es\/hadrien-carparelli\/\"]}]},{\"@type\":\"BreadcrumbList\",\"@id\":\"https:\/\/fidepartners.com\/es\/hadrien-carparelli\/#breadcrumb\",\"itemListElement\":[{\"@type\":\"ListItem\",\"position\":1,\"name\":\"Portada\",\"item\":\"https:\/\/fidepartners.com\/es\/\"},{\"@type\":\"ListItem\",\"position\":2,\"name\":\"Hadrien Carparelli\"}]},{\"@type\":\"WebSite\",\"@id\":\"https:\/\/fidepartners.com\/es\/#website\",\"url\":\"https:\/\/fidepartners.com\/es\/\",\"name\":\"Firma de consultor\u00eda estrat\u00e9gica y de gesti\u00f3n\u00a0\",\"description\":\"Aportamos y comprometemos nuestra s\u00f3lida experiencia para apoyar a todos los actores de la cadena de valor de las TMT y del ecosistema digital\",\"potentialAction\":[{\"@type\":\"SearchAction\",\"target\":{\"@type\":\"EntryPoint\",\"urlTemplate\":\"https:\/\/fidepartners.com\/es\/?s={search_term_string}\"},\"query-input\":{\"@type\":\"PropertyValueSpecification\",\"valueRequired\":true,\"valueName\":\"search_term_string\"}}],\"inLanguage\":\"es\"}]}<\/script>\n<!-- \/ Yoast SEO plugin. -->","yoast_head_json":{"title":"Hadrien Carparelli - Firma de consultor\u00eda estrat\u00e9gica y de gesti\u00f3n\u00a0","robots":{"index":"index","follow":"follow","max-snippet":"max-snippet:-1","max-image-preview":"max-image-preview:large","max-video-preview":"max-video-preview:-1"},"canonical":"https:\/\/fidepartners.com\/es\/hadrien-carparelli\/","og_locale":"es_ES","og_type":"article","og_title":"Hadrien Carparelli - Firma de consultor\u00eda estrat\u00e9gica y de gesti\u00f3n\u00a0","og_url":"https:\/\/fidepartners.com\/es\/hadrien-carparelli\/","og_site_name":"Firma de consultor\u00eda estrat\u00e9gica y de gesti\u00f3n\u00a0","article_modified_time":"2025-05-08T19:50:47+00:00","twitter_card":"summary_large_image","twitter_misc":{"Tiempo de lectura":"1 minuto"},"schema":{"@context":"https:\/\/schema.org","@graph":[{"@type":"WebPage","@id":"https:\/\/fidepartners.com\/es\/hadrien-carparelli\/","url":"https:\/\/fidepartners.com\/es\/hadrien-carparelli\/","name":"Hadrien Carparelli - Firma de consultor\u00eda estrat\u00e9gica y de gesti\u00f3n\u00a0","isPartOf":{"@id":"https:\/\/fidepartners.com\/es\/#website"},"datePublished":"2022-10-13T15:27:13+00:00","dateModified":"2025-05-08T19:50:47+00:00","breadcrumb":{"@id":"https:\/\/fidepartners.com\/es\/hadrien-carparelli\/#breadcrumb"},"inLanguage":"es","potentialAction":[{"@type":"ReadAction","target":["https:\/\/fidepartners.com\/es\/hadrien-carparelli\/"]}]},{"@type":"BreadcrumbList","@id":"https:\/\/fidepartners.com\/es\/hadrien-carparelli\/#breadcrumb","itemListElement":[{"@type":"ListItem","position":1,"name":"Portada","item":"https:\/\/fidepartners.com\/es\/"},{"@type":"ListItem","position":2,"name":"Hadrien Carparelli"}]},{"@type":"WebSite","@id":"https:\/\/fidepartners.com\/es\/#website","url":"https:\/\/fidepartners.com\/es\/","name":"Firma de consultor\u00eda estrat\u00e9gica y de gesti\u00f3n\u00a0","description":"Aportamos y comprometemos nuestra s\u00f3lida experiencia para apoyar a todos los actores de la cadena de valor de las TMT y del ecosistema digital","potentialAction":[{"@type":"SearchAction","target":{"@type":"EntryPoint","urlTemplate":"https:\/\/fidepartners.com\/es\/?s={search_term_string}"},"query-input":{"@type":"PropertyValueSpecification","valueRequired":true,"valueName":"search_term_string"}}],"inLanguage":"es"}]}},"_links":{"self":[{"href":"https:\/\/fidepartners.com\/es\/wp-json\/wp\/v2\/pages\/1995","targetHints":{"allow":["GET"]}}],"collection":[{"href":"https:\/\/fidepartners.com\/es\/wp-json\/wp\/v2\/pages"}],"about":[{"href":"https:\/\/fidepartners.com\/es\/wp-json\/wp\/v2\/types\/page"}],"author":[{"embeddable":true,"href":"https:\/\/fidepartners.com\/es\/wp-json\/wp\/v2\/users\/1"}],"replies":[{"embeddable":true,"href":"https:\/\/fidepartners.com\/es\/wp-json\/wp\/v2\/comments?post=1995"}],"version-history":[{"count":1,"href":"https:\/\/fidepartners.com\/es\/wp-json\/wp\/v2\/pages\/1995\/revisions"}],"predecessor-version":[{"id":4094,"href":"https:\/\/fidepartners.com\/es\/wp-json\/wp\/v2\/pages\/1995\/revisions\/4094"}],"wp:attachment":[{"href":"https:\/\/fidepartners.com\/es\/wp-json\/wp\/v2\/media?parent=1995"}],"curies":[{"name":"wp","href":"https:\/\/api.w.org\/{rel}","templated":true}]}}