{"id":2240,"date":"2022-12-30T12:34:25","date_gmt":"2022-12-30T12:34:25","guid":{"rendered":"https:\/\/fidepartners.com\/privacy-cookies-policy\/"},"modified":"2023-03-08T09:52:24","modified_gmt":"2023-03-08T09:52:24","slug":"politica-de-cookies-y-privacidad","status":"publish","type":"page","link":"https:\/\/fidepartners.com\/es\/politica-de-cookies-y-privacidad\/","title":{"rendered":"Pol\u00edtica de cookies y privacidad"},"content":{"rendered":"<section class=\"l-section wpb_row us_custom_38d68270 height_auto\"><div class=\"l-section-h i-cf\"><div class=\"g-cols vc_row via_grid cols_3-2 laptops-cols_inherit tablets-cols_1 mobiles-cols_1 valign_middle type_default stacking_default\" style=\"--gap:calc(3rem + 1rem);\"><div class=\"wpb_column vc_column_container us_custom_d5301246\"><div class=\"vc_column-inner\"><h1 class=\"w-text us_custom_79a6436d\"><span class=\"w-text-h\"><span class=\"w-text-value\"><strong>Pol\u00edtica de cookies y privacidad<\/strong><\/span><\/span><\/h1><\/div><\/div><div class=\"wpb_column vc_column_container us_custom_ef2df852\"><div class=\"vc_column-inner\"><\/div><\/div><\/div><\/div><\/section><section class=\"l-section wpb_row height_small\"><div class=\"l-section-h i-cf\"><div class=\"g-cols vc_row via_grid cols_1 laptops-cols_inherit tablets-cols_inherit mobiles-cols_1 valign_middle type_default reversed stacking_default\" style=\"--gap:calc(3rem + 1.5rem);\"><div class=\"wpb_column vc_column_container\"><div class=\"vc_column-inner\"><div class=\"wpb_text_column us_custom_eba95d42 has_text_color\"><div class=\"wpb_wrapper\"><p><strong>POL\u00cdTICA DE COOKIES<\/strong><\/p>\n<p>Aviso: Este sitio web utiliza cookies mientras el usuario navega por las p\u00e1ginas. Si visita el sitio web, acepta el uso de cookies conforme a la pol\u00edtica de privacidad.<\/p>\n<p><strong>\u00bfQU\u00c9 SON LAS COOKIES?<\/strong><\/p>\n<p>Una cookie es un archivo muy peque\u00f1o que se descarga en el ordenador, el tel\u00e9fono o la <em>tablet <\/em>del usuario cuando accede a algunas p\u00e1ginas web. Se utiliza para almacenar y recuperar informaci\u00f3n sobre el comportamiento de navegaci\u00f3n de dichos dispositivos. Para obtener m\u00e1s informaci\u00f3n sobre las cookies, visite este enlace.<\/p>\n<p><strong>\u00bfPARA QU\u00c9 SIRVEN LAS COOKIES?<\/strong><\/p>\n<p>Las cookies se utilizan para registrar las preferencias del usuario (por ejemplo, el idioma, el pa\u00eds, el inicio de sesi\u00f3n, las caracter\u00edsticas del navegador o la informaci\u00f3n sobre el uso del sitio web).<\/p>\n<p>Al registrar sus preferencias, conoceremos las caracter\u00edsticas del ordenador que est\u00e1 utilizando y podremos ofrecerle una experiencia de navegaci\u00f3n mejor. Las cookies permiten que el sitio web distinga al usuario como visitante anterior. B\u00e1sicamente, guardan y registran las preferencias establecidas mientras el usuario navega por el sitio web, personalizan la p\u00e1gina de inicio, identifican qu\u00e9 apartados del sitio ha visitado y controlan los productos que se a\u00f1aden al carrito.<\/p>\n<p>Tambi\u00e9n sirven para obtener informaci\u00f3n sobre el tr\u00e1fico en el sitio web y estimar el n\u00famero de visitas.<\/p>\n<p>Por lo general, los sitios web utilizan cookies para recopilar datos estad\u00edsticos sobre las p\u00e1ginas. Nosotros recopilamos datos estad\u00edsticos sobre sus movimientos y el uso del sitio web, pero no datos personales.<\/p>\n<p><strong>TIPOS Y FINALIDAD DE LAS COOKIES<\/strong><\/p>\n<p>A continuaci\u00f3n, se muestra una lista de las cookies que puede encontrar en nuestro sitio web y una breve descripci\u00f3n de su finalidad. Le garantizamos que ninguna de ellas recopila datos personales que permitan identificarle. Algunas cookies personalizan la visita, otras registran sus preferencias y otras solo nos proporcionan estad\u00edsticas de los visitantes.<\/p>\n<table width=\"1280\">\n<tbody>\n<tr>\n<td width=\"152\">NOMBRE DE LA COOKIE<\/td>\n<td width=\"372\">DURACI\u00d3N PREDETERMINADA<\/td>\n<td width=\"756\">DESCRIPCI\u00d3N<\/td>\n<\/tr>\n<tr>\n<td width=\"152\"><strong>__utma<\/strong><\/td>\n<td width=\"372\">2 a\u00f1os desde la configuraci\u00f3n o actualizaci\u00f3n<\/td>\n<td width=\"756\">Se utiliza para distinguir usuarios y sesiones. La cookie se crea cuando se ejecuta la biblioteca de JavaScript y no hay cookies __utma.<\/p>\n<p>La cookie se actualiza cada vez que se env\u00edan datos a Google Analytics.<\/td>\n<\/tr>\n<tr>\n<td width=\"152\"><strong>__utmt<\/strong><\/td>\n<td width=\"372\">10 minutos<\/td>\n<td width=\"756\">Se usa para limitar el porcentaje de solicitudes.<\/td>\n<\/tr>\n<tr>\n<td width=\"152\"><strong>__utmb<\/strong><\/td>\n<td width=\"372\">30 minutos desde la configuraci\u00f3n o actualizaci\u00f3n<\/td>\n<td width=\"756\">Se usa para determinar nuevas sesiones o visitas. La cookie se crea cuando se ejecuta la biblioteca de JavaScript y no hay cookies __utmb.<\/p>\n<p>La cookie se actualiza cada vez que se env\u00edan datos a Google Analytics.<\/td>\n<\/tr>\n<tr>\n<td width=\"152\"><strong>__utmc<\/strong><\/td>\n<td width=\"372\">Fin de la sesi\u00f3n del navegador<\/td>\n<td width=\"756\">No se usa en ga.js. Se configura para interactuar con urchin.js. Anteriormente, esta cookie se combinaba con la __utmb para determinar si el usuario hab\u00eda iniciado<\/p>\n<p>una nueva sesi\u00f3n o visita.<\/td>\n<\/tr>\n<tr>\n<td width=\"152\"><strong>__utmz<\/strong><\/td>\n<td width=\"372\">6 meses desde la configuraci\u00f3n o actualizaci\u00f3n<\/td>\n<td width=\"756\">Almacena la campa\u00f1a o fuente de tr\u00e1fico que explica c\u00f3mo ha llegado el usuario al sitio.<\/p>\n<p>Esta cookie se crea cuando se ejecuta la biblioteca de JavaScript y se actualiza cada vez que se env\u00edan datos a Google Analytics.<\/td>\n<\/tr>\n<tr>\n<td width=\"152\"><strong>__utmv<\/strong><\/td>\n<td width=\"372\">2 a\u00f1os desde la configuraci\u00f3n o actualizaci\u00f3n<\/td>\n<td width=\"756\">Se usa para almacenar datos en variables de visitante personalizadas.<\/p>\n<p>Esta cookie se crea cuando un usuario emplea el m\u00e9todo _setCustomVar con una variable de visitante personalizada. Tambi\u00e9n sirve para el m\u00e9todo _setVar eliminado.<\/p>\n<p>La cookie se actualiza cada vez que se env\u00edan datos a Google Analytics.<\/td>\n<\/tr>\n<\/tbody>\n<\/table>\n<p><strong>Importante:<\/strong> Google Analytics\u00a0<strong>no<\/strong>\u00a0almacena datos personales de los visitantes del sitio. Consulte la pol\u00edtica de privacidad de Google Analytics para obtener m\u00e1s informaci\u00f3n.<\/p>\n<p><strong>MEDIDAS DE PROTECCI\u00d3N<\/strong><\/p>\n<p>La mayor\u00eda de los navegadores ofrecen varias funciones de privacidad para darle un mayor control.<\/p>\n<p>A continuaci\u00f3n, se muestran algunas de las m\u00e1s importantes.<\/p>\n<p><strong>No rastrear<\/strong><\/p>\n<p>Si activa esta funci\u00f3n, el navegador pedir\u00e1 a servicios de intercambio social de terceros, editores, proveedores de an\u00e1lisis, anunciantes y redes que no desea que lo rastreen.<\/p>\n<p>Descubra c\u00f3mo activar la funci\u00f3n No rastrear en Firefox, Chrome, Internet Explorer\/Edge y Safari.<\/p>\n<p><strong>Navegaci\u00f3n privada<\/strong><\/p>\n<p>Muchos navegadores permiten activar un modo privado, que siempre elimina las cookies despu\u00e9s de la visita. Descubra c\u00f3mo se usa la navegaci\u00f3n privada en cada uno de los navegadores principales:<\/p>\n<p><strong><em>Ordenador<\/em><\/strong><\/p>\n<ul>\n<li><a href=\"http:\/\/web.archive.org\/web\/20220514144020\/https:\/support.mozilla.org\/en-US\/kb\/private-browsing-use-firefox-without-history\"><strong>Firefox<\/strong><\/a><\/li>\n<li><a href=\"http:\/\/web.archive.org\/web\/20220514144020\/https:\/support.google.com\/chrome\/answer\/95464?co=GENIE.Platform%3DDesktop&amp;hl=en\"><strong>Chrome<\/strong><\/a><\/li>\n<li><a href=\"http:\/\/web.archive.org\/web\/20220514144020\/https:\/support.microsoft.com\/en-gb\/help\/4026200\/microsoft-edge-browse-inprivate\"><strong>Internet Explorer\/Edge<\/strong><\/a><\/li>\n<li><a href=\"http:\/\/web.archive.org\/web\/20220514144020\/https:\/support.apple.com\/en-gb\/guide\/safari\/ibrw1069\/mac\"><strong>Safari<\/strong><\/a><\/li>\n<\/ul>\n<p><strong><em>M\u00f3vil<\/em><\/strong><\/p>\n<ul>\n<li><a href=\"http:\/\/web.archive.org\/web\/20220514144020\/https:\/support.mozilla.org\/en-US\/kb\/private-browsing-firefox-android\"><strong>Firefox para Android<\/strong><\/a><\/li>\n<li><a href=\"http:\/\/web.archive.org\/web\/20220514144020\/https:\/support.google.com\/chrome\/answer\/95464?co=GENIE.Platform%3DAndroid&amp;hl=en&amp;oco=1\"><strong>Chrome<\/strong><\/a><\/li>\n<li><a href=\"http:\/\/web.archive.org\/web\/20220514144020\/https:\/support.apple.com\/en-gb\/HT203036\"><strong>Safari<\/strong><\/a><\/li>\n<\/ul>\n<p><strong>Otros ajustes de privacidad<\/strong><\/p>\n<p>Muchos navegadores ofrecen una serie de ajustes de privacidad para darle un mayor control. Hemos recopilado todos ellos:<\/p>\n<p><strong><em>Ordenador<\/em><\/strong><\/p>\n<ul>\n<li><a href=\"http:\/\/web.archive.org\/web\/20220514144020\/https:\/support.mozilla.org\/en-US\/products\/firefox\/privacy-and-security\"><strong>Firefox<\/strong><\/a><\/li>\n<li><a href=\"http:\/\/web.archive.org\/web\/20220514144020\/https:\/support.google.com\/chrome\/answer\/114836?co=GENIE.Platform%3DDesktop&amp;hl=en-GB&amp;oco=0\"><strong>Chrome<\/strong><\/a><\/li>\n<li><a href=\"http:\/\/web.archive.org\/web\/20220514144020\/https:\/support.microsoft.com\/en-gb\/help\/4468242\/microsoft-edge-browsing-data-and-privacy\"><strong>Internet Explorer\/Edge<\/strong><\/a><\/li>\n<li><a href=\"http:\/\/web.archive.org\/web\/20220514144020\/https:\/support.apple.com\/en-gb\/guide\/safari\/sfri35610\/mac\"><strong>Safari<\/strong><\/a><\/li>\n<\/ul>\n<p><strong><em>M\u00f3vil<\/em><\/strong><\/p>\n<p><a href=\"http:\/\/web.archive.org\/web\/20220514144020\/https:\/support.mozilla.org\/en-US\/products\/mobile\/privacy-and-security\"><strong>Firefox para Android<\/strong><\/a><\/p>\n<p><a href=\"http:\/\/web.archive.org\/web\/20220514144020\/https:\/support.google.com\/chrome\/answer\/114836?co=GENIE.Platform%3DDesktop&amp;hl=en-GB&amp;oco=1\"><strong>Chrome<\/strong><\/a><\/p>\n<p><a href=\"http:\/\/web.archive.org\/web\/20220514144020\/https:\/support.apple.com\/en-gb\/guide\/iphone\/iphb01fc3c85\/ios\"><strong>Safari<\/strong><\/a><\/p>\n<\/div><\/div><\/div><\/div><\/div><\/div><\/section>\n","protected":false},"excerpt":{"rendered":"Pol\u00edtica de cookies y privacidadPOL\u00cdTICA DE COOKIES Aviso: Este sitio web utiliza cookies mientras el usuario navega por las p\u00e1ginas. Si visita el sitio web, acepta el uso de cookies conforme a la pol\u00edtica de privacidad. \u00bfQU\u00c9 SON LAS COOKIES? Una cookie es un archivo muy peque\u00f1o que se descarga en el ordenador, el tel\u00e9fono...","protected":false},"author":1,"featured_media":0,"parent":0,"menu_order":0,"comment_status":"closed","ping_status":"closed","template":"","meta":{"inline_featured_image":false,"footnotes":""},"class_list":["post-2240","page","type-page","status-publish","hentry"],"yoast_head":"<!-- This site is optimized with the Yoast SEO plugin v23.9 - https:\/\/yoast.com\/wordpress\/plugins\/seo\/ -->\n<title>Pol\u00edtica de cookies y privacidad - Firma de consultor\u00eda estrat\u00e9gica y de gesti\u00f3n\u00a0<\/title>\n<meta name=\"robots\" content=\"noindex, follow\" \/>\n<meta property=\"og:locale\" content=\"es_ES\" \/>\n<meta property=\"og:type\" content=\"article\" \/>\n<meta property=\"og:title\" content=\"Pol\u00edtica de cookies y privacidad - Firma de consultor\u00eda estrat\u00e9gica y de gesti\u00f3n\u00a0\" \/>\n<meta property=\"og:url\" content=\"https:\/\/fidepartners.com\/es\/politica-de-cookies-y-privacidad\/\" \/>\n<meta property=\"og:site_name\" content=\"Firma de consultor\u00eda estrat\u00e9gica y de gesti\u00f3n\u00a0\" \/>\n<meta property=\"article:modified_time\" content=\"2023-03-08T09:52:24+00:00\" \/>\n<meta name=\"twitter:card\" content=\"summary_large_image\" \/>\n<meta name=\"twitter:label1\" content=\"Tiempo de lectura\" \/>\n\t<meta name=\"twitter:data1\" content=\"4 minutos\" \/>\n<script type=\"application\/ld+json\" class=\"yoast-schema-graph\">{\"@context\":\"https:\/\/schema.org\",\"@graph\":[{\"@type\":\"WebPage\",\"@id\":\"https:\/\/fidepartners.com\/es\/politica-de-cookies-y-privacidad\/\",\"url\":\"https:\/\/fidepartners.com\/es\/politica-de-cookies-y-privacidad\/\",\"name\":\"Pol\u00edtica de cookies y privacidad - Firma de consultor\u00eda estrat\u00e9gica y de gesti\u00f3n\u00a0\",\"isPartOf\":{\"@id\":\"https:\/\/fidepartners.com\/es\/#website\"},\"datePublished\":\"2022-12-30T12:34:25+00:00\",\"dateModified\":\"2023-03-08T09:52:24+00:00\",\"breadcrumb\":{\"@id\":\"https:\/\/fidepartners.com\/es\/politica-de-cookies-y-privacidad\/#breadcrumb\"},\"inLanguage\":\"es\",\"potentialAction\":[{\"@type\":\"ReadAction\",\"target\":[\"https:\/\/fidepartners.com\/es\/politica-de-cookies-y-privacidad\/\"]}]},{\"@type\":\"BreadcrumbList\",\"@id\":\"https:\/\/fidepartners.com\/es\/politica-de-cookies-y-privacidad\/#breadcrumb\",\"itemListElement\":[{\"@type\":\"ListItem\",\"position\":1,\"name\":\"Portada\",\"item\":\"https:\/\/fidepartners.com\/es\/\"},{\"@type\":\"ListItem\",\"position\":2,\"name\":\"Pol\u00edtica de cookies y privacidad\"}]},{\"@type\":\"WebSite\",\"@id\":\"https:\/\/fidepartners.com\/es\/#website\",\"url\":\"https:\/\/fidepartners.com\/es\/\",\"name\":\"Firma de consultor\u00eda estrat\u00e9gica y de gesti\u00f3n\u00a0\",\"description\":\"Aportamos y comprometemos nuestra s\u00f3lida experiencia para apoyar a todos los actores de la cadena de valor de las TMT y del ecosistema digital\",\"potentialAction\":[{\"@type\":\"SearchAction\",\"target\":{\"@type\":\"EntryPoint\",\"urlTemplate\":\"https:\/\/fidepartners.com\/es\/?s={search_term_string}\"},\"query-input\":{\"@type\":\"PropertyValueSpecification\",\"valueRequired\":true,\"valueName\":\"search_term_string\"}}],\"inLanguage\":\"es\"}]}<\/script>\n<!-- \/ Yoast SEO plugin. -->","yoast_head_json":{"title":"Pol\u00edtica de cookies y privacidad - Firma de consultor\u00eda estrat\u00e9gica y de gesti\u00f3n\u00a0","robots":{"index":"noindex","follow":"follow"},"og_locale":"es_ES","og_type":"article","og_title":"Pol\u00edtica de cookies y privacidad - Firma de consultor\u00eda estrat\u00e9gica y de gesti\u00f3n\u00a0","og_url":"https:\/\/fidepartners.com\/es\/politica-de-cookies-y-privacidad\/","og_site_name":"Firma de consultor\u00eda estrat\u00e9gica y de gesti\u00f3n\u00a0","article_modified_time":"2023-03-08T09:52:24+00:00","twitter_card":"summary_large_image","twitter_misc":{"Tiempo de lectura":"4 minutos"},"schema":{"@context":"https:\/\/schema.org","@graph":[{"@type":"WebPage","@id":"https:\/\/fidepartners.com\/es\/politica-de-cookies-y-privacidad\/","url":"https:\/\/fidepartners.com\/es\/politica-de-cookies-y-privacidad\/","name":"Pol\u00edtica de cookies y privacidad - Firma de consultor\u00eda estrat\u00e9gica y de gesti\u00f3n\u00a0","isPartOf":{"@id":"https:\/\/fidepartners.com\/es\/#website"},"datePublished":"2022-12-30T12:34:25+00:00","dateModified":"2023-03-08T09:52:24+00:00","breadcrumb":{"@id":"https:\/\/fidepartners.com\/es\/politica-de-cookies-y-privacidad\/#breadcrumb"},"inLanguage":"es","potentialAction":[{"@type":"ReadAction","target":["https:\/\/fidepartners.com\/es\/politica-de-cookies-y-privacidad\/"]}]},{"@type":"BreadcrumbList","@id":"https:\/\/fidepartners.com\/es\/politica-de-cookies-y-privacidad\/#breadcrumb","itemListElement":[{"@type":"ListItem","position":1,"name":"Portada","item":"https:\/\/fidepartners.com\/es\/"},{"@type":"ListItem","position":2,"name":"Pol\u00edtica de cookies y privacidad"}]},{"@type":"WebSite","@id":"https:\/\/fidepartners.com\/es\/#website","url":"https:\/\/fidepartners.com\/es\/","name":"Firma de consultor\u00eda estrat\u00e9gica y de gesti\u00f3n\u00a0","description":"Aportamos y comprometemos nuestra s\u00f3lida experiencia para apoyar a todos los actores de la cadena de valor de las TMT y del ecosistema digital","potentialAction":[{"@type":"SearchAction","target":{"@type":"EntryPoint","urlTemplate":"https:\/\/fidepartners.com\/es\/?s={search_term_string}"},"query-input":{"@type":"PropertyValueSpecification","valueRequired":true,"valueName":"search_term_string"}}],"inLanguage":"es"}]}},"_links":{"self":[{"href":"https:\/\/fidepartners.com\/es\/wp-json\/wp\/v2\/pages\/2240","targetHints":{"allow":["GET"]}}],"collection":[{"href":"https:\/\/fidepartners.com\/es\/wp-json\/wp\/v2\/pages"}],"about":[{"href":"https:\/\/fidepartners.com\/es\/wp-json\/wp\/v2\/types\/page"}],"author":[{"embeddable":true,"href":"https:\/\/fidepartners.com\/es\/wp-json\/wp\/v2\/users\/1"}],"replies":[{"embeddable":true,"href":"https:\/\/fidepartners.com\/es\/wp-json\/wp\/v2\/comments?post=2240"}],"version-history":[{"count":0,"href":"https:\/\/fidepartners.com\/es\/wp-json\/wp\/v2\/pages\/2240\/revisions"}],"wp:attachment":[{"href":"https:\/\/fidepartners.com\/es\/wp-json\/wp\/v2\/media?parent=2240"}],"curies":[{"name":"wp","href":"https:\/\/api.w.org\/{rel}","templated":true}]}}