{"id":2470,"date":"2023-07-31T12:22:00","date_gmt":"2023-07-31T12:22:00","guid":{"rendered":"https:\/\/fidepartners.com\/hernando-saavedra\/"},"modified":"2025-05-08T19:55:04","modified_gmt":"2025-05-08T19:55:04","slug":"hernando-saavedra","status":"publish","type":"page","link":"https:\/\/fidepartners.com\/es\/hernando-saavedra\/","title":{"rendered":"Hernando Saavedra"},"content":{"rendered":"<section class=\"l-section wpb_row us_custom_38d68270 height_auto\"><div class=\"l-section-h i-cf\"><div class=\"g-cols vc_row via_grid cols_3-2 laptops-cols_inherit tablets-cols_1 mobiles-cols_1 valign_middle type_default stacking_default\" style=\"--gap:calc(3rem + 1rem);\"><div class=\"wpb_column vc_column_container us_custom_d5301246\"><div class=\"vc_column-inner\"><div class=\"w-separator size_custom\" style=\"height:50px\" id=\"e67b\"><style>@media(max-width:1024px){ #e67b{height:100px!important}}@media(max-width:600px){ #e67b{height:100px!important}}<\/style><\/div><h1 class=\"w-text\"><span class=\"w-text-h\"><span class=\"w-text-value\"><strong>Equipo<\/strong><\/span><\/span><\/h1><div class=\"w-separator size_custom\" style=\"height:50px\" id=\"xaa3\"><style>@media(max-width:1024px){ #xaa3{height:100px!important}}@media(max-width:600px){ #xaa3{height:100px!important}}<\/style><\/div><\/div><\/div><div class=\"wpb_column vc_column_container us_custom_ef2df852\"><div class=\"vc_column-inner\"><\/div><\/div><\/div><\/div><\/section><section class=\"l-section wpb_row height_small\"><div class=\"l-section-h i-cf\"><div class=\"g-cols vc_row via_grid cols_1 laptops-cols_inherit tablets-cols_inherit mobiles-cols_1 valign_top type_default stacking_default\"><div class=\"wpb_column vc_column_container\"><div class=\"vc_column-inner\"><div class=\"w-separator size_custom\" style=\"height:50px\" id=\"n942\"><style>@media(max-width:1024px){ #n942{height:100px!important}}@media(max-width:600px){ #n942{height:100px!important}}<\/style><\/div><div class=\"g-cols wpb_row via_grid cols_2 laptops-cols_inherit tablets-cols_inherit mobiles-cols_1 valign_top type_default stacking_default\" style=\"--gap:3rem;\"><div class=\"wpb_column vc_column_container\"><div class=\"vc_column-inner\"><div class=\"w-image us_custom_7e20fa79 us_animate_this align_center\"><div class=\"w-image-h\"><img decoding=\"async\" width=\"800\" height=\"800\" src=\"https:\/\/fidepartners.com\/wp-content\/uploads\/2023\/07\/Hernando-Jose-Saavedra.jpg\" class=\"attachment-full size-full\" alt=\"\" loading=\"lazy\" srcset=\"https:\/\/fidepartners.com\/wp-content\/uploads\/2023\/07\/Hernando-Jose-Saavedra.jpg 800w, https:\/\/fidepartners.com\/wp-content\/uploads\/2023\/07\/Hernando-Jose-Saavedra-300x300.jpg 300w, https:\/\/fidepartners.com\/wp-content\/uploads\/2023\/07\/Hernando-Jose-Saavedra-150x150.jpg 150w\" sizes=\"auto, (max-width: 800px) 100vw, 800px\" \/><\/div><\/div><\/div><\/div><div class=\"wpb_column vc_column_container\"><div class=\"vc_column-inner\"><div class=\"wpb_text_column\"><div class=\"wpb_wrapper\"><h2>Hernando Saavedra<\/h2>\n<p class=\"p1\">Hernando cuenta con m\u00e1s de 8 a\u00f1os de experiencia y ha trabajado en empresas multinacionales l\u00edderes en los sectores TMT y financiero. Es economista y tiene un m\u00e1ster en Finanzas.<\/p>\n<p class=\"p1\">Durante su tiempo en Fide Partners, Hernando ha participado en una amplia gama de proyectos de debida diligencia comerciales y t\u00e9cnicos sobre activos de infraestructura digital, as\u00ed como en proyectos regulatorios de TMT, donde ha apoyado tanto a inversionistas como a operadores a lo largo de Latinoam\u00e9rica.<\/p>\n<p>\u00a0<\/p>\n<\/div><\/div><\/div><\/div><\/div><div class=\"w-separator size_huge\"><\/div><\/div><\/div><\/div><\/div><\/section>\n","protected":false},"excerpt":{"rendered":"EquipoHernando Saavedra Hernando cuenta con m\u00e1s de 8 a\u00f1os de experiencia y ha trabajado en empresas multinacionales l\u00edderes en los sectores TMT y financiero. Es economista y tiene un m\u00e1ster en Finanzas. Durante su tiempo en Fide Partners, Hernando ha participado en una amplia gama de proyectos de debida diligencia comerciales y t\u00e9cnicos sobre activos...","protected":false},"author":1,"featured_media":2480,"parent":0,"menu_order":0,"comment_status":"closed","ping_status":"closed","template":"","meta":{"inline_featured_image":false,"footnotes":""},"class_list":["post-2470","page","type-page","status-publish","has-post-thumbnail","hentry"],"yoast_head":"<!-- This site is optimized with the Yoast SEO plugin v23.9 - https:\/\/yoast.com\/wordpress\/plugins\/seo\/ -->\n<title>Hernando Saavedra - Firma de consultor\u00eda estrat\u00e9gica y de gesti\u00f3n\u00a0<\/title>\n<meta name=\"robots\" content=\"index, follow, max-snippet:-1, max-image-preview:large, max-video-preview:-1\" \/>\n<link rel=\"canonical\" href=\"https:\/\/fidepartners.com\/es\/hernando-saavedra\/\" \/>\n<meta property=\"og:locale\" content=\"es_ES\" \/>\n<meta property=\"og:type\" content=\"article\" \/>\n<meta property=\"og:title\" content=\"Hernando Saavedra - Firma de consultor\u00eda estrat\u00e9gica y de gesti\u00f3n\u00a0\" \/>\n<meta property=\"og:url\" content=\"https:\/\/fidepartners.com\/es\/hernando-saavedra\/\" \/>\n<meta property=\"og:site_name\" content=\"Firma de consultor\u00eda estrat\u00e9gica y de gesti\u00f3n\u00a0\" \/>\n<meta property=\"article:modified_time\" content=\"2025-05-08T19:55:04+00:00\" \/>\n<meta property=\"og:image\" content=\"https:\/\/fidepartners.com\/wp-content\/uploads\/2023\/07\/Hernando-Jose-Saavedra-1.jpg\" \/>\n\t<meta property=\"og:image:width\" content=\"800\" \/>\n\t<meta property=\"og:image:height\" content=\"800\" \/>\n\t<meta property=\"og:image:type\" content=\"image\/jpeg\" \/>\n<meta name=\"twitter:card\" content=\"summary_large_image\" \/>\n<meta name=\"twitter:label1\" content=\"Tiempo de lectura\" \/>\n\t<meta name=\"twitter:data1\" content=\"1 minuto\" \/>\n<script type=\"application\/ld+json\" class=\"yoast-schema-graph\">{\"@context\":\"https:\/\/schema.org\",\"@graph\":[{\"@type\":\"WebPage\",\"@id\":\"https:\/\/fidepartners.com\/es\/hernando-saavedra\/\",\"url\":\"https:\/\/fidepartners.com\/es\/hernando-saavedra\/\",\"name\":\"Hernando Saavedra - Firma de consultor\u00eda estrat\u00e9gica y de gesti\u00f3n\u00a0\",\"isPartOf\":{\"@id\":\"https:\/\/fidepartners.com\/es\/#website\"},\"primaryImageOfPage\":{\"@id\":\"https:\/\/fidepartners.com\/es\/hernando-saavedra\/#primaryimage\"},\"image\":{\"@id\":\"https:\/\/fidepartners.com\/es\/hernando-saavedra\/#primaryimage\"},\"thumbnailUrl\":\"https:\/\/fidepartners.com\/wp-content\/uploads\/2023\/07\/Hernando-Jose-Saavedra-1.jpg\",\"datePublished\":\"2023-07-31T12:22:00+00:00\",\"dateModified\":\"2025-05-08T19:55:04+00:00\",\"breadcrumb\":{\"@id\":\"https:\/\/fidepartners.com\/es\/hernando-saavedra\/#breadcrumb\"},\"inLanguage\":\"es\",\"potentialAction\":[{\"@type\":\"ReadAction\",\"target\":[\"https:\/\/fidepartners.com\/es\/hernando-saavedra\/\"]}]},{\"@type\":\"ImageObject\",\"inLanguage\":\"es\",\"@id\":\"https:\/\/fidepartners.com\/es\/hernando-saavedra\/#primaryimage\",\"url\":\"https:\/\/fidepartners.com\/wp-content\/uploads\/2023\/07\/Hernando-Jose-Saavedra-1.jpg\",\"contentUrl\":\"https:\/\/fidepartners.com\/wp-content\/uploads\/2023\/07\/Hernando-Jose-Saavedra-1.jpg\",\"width\":800,\"height\":800},{\"@type\":\"BreadcrumbList\",\"@id\":\"https:\/\/fidepartners.com\/es\/hernando-saavedra\/#breadcrumb\",\"itemListElement\":[{\"@type\":\"ListItem\",\"position\":1,\"name\":\"Portada\",\"item\":\"https:\/\/fidepartners.com\/es\/\"},{\"@type\":\"ListItem\",\"position\":2,\"name\":\"Hernando Saavedra\"}]},{\"@type\":\"WebSite\",\"@id\":\"https:\/\/fidepartners.com\/es\/#website\",\"url\":\"https:\/\/fidepartners.com\/es\/\",\"name\":\"Firma de consultor\u00eda estrat\u00e9gica y de gesti\u00f3n\u00a0\",\"description\":\"Aportamos y comprometemos nuestra s\u00f3lida experiencia para apoyar a todos los actores de la cadena de valor de las TMT y del ecosistema digital\",\"potentialAction\":[{\"@type\":\"SearchAction\",\"target\":{\"@type\":\"EntryPoint\",\"urlTemplate\":\"https:\/\/fidepartners.com\/es\/?s={search_term_string}\"},\"query-input\":{\"@type\":\"PropertyValueSpecification\",\"valueRequired\":true,\"valueName\":\"search_term_string\"}}],\"inLanguage\":\"es\"}]}<\/script>\n<!-- \/ Yoast SEO plugin. -->","yoast_head_json":{"title":"Hernando Saavedra - Firma de consultor\u00eda estrat\u00e9gica y de gesti\u00f3n\u00a0","robots":{"index":"index","follow":"follow","max-snippet":"max-snippet:-1","max-image-preview":"max-image-preview:large","max-video-preview":"max-video-preview:-1"},"canonical":"https:\/\/fidepartners.com\/es\/hernando-saavedra\/","og_locale":"es_ES","og_type":"article","og_title":"Hernando Saavedra - Firma de consultor\u00eda estrat\u00e9gica y de gesti\u00f3n\u00a0","og_url":"https:\/\/fidepartners.com\/es\/hernando-saavedra\/","og_site_name":"Firma de consultor\u00eda estrat\u00e9gica y de gesti\u00f3n\u00a0","article_modified_time":"2025-05-08T19:55:04+00:00","og_image":[{"width":800,"height":800,"url":"https:\/\/fidepartners.com\/wp-content\/uploads\/2023\/07\/Hernando-Jose-Saavedra-1.jpg","type":"image\/jpeg"}],"twitter_card":"summary_large_image","twitter_misc":{"Tiempo de lectura":"1 minuto"},"schema":{"@context":"https:\/\/schema.org","@graph":[{"@type":"WebPage","@id":"https:\/\/fidepartners.com\/es\/hernando-saavedra\/","url":"https:\/\/fidepartners.com\/es\/hernando-saavedra\/","name":"Hernando Saavedra - Firma de consultor\u00eda estrat\u00e9gica y de gesti\u00f3n\u00a0","isPartOf":{"@id":"https:\/\/fidepartners.com\/es\/#website"},"primaryImageOfPage":{"@id":"https:\/\/fidepartners.com\/es\/hernando-saavedra\/#primaryimage"},"image":{"@id":"https:\/\/fidepartners.com\/es\/hernando-saavedra\/#primaryimage"},"thumbnailUrl":"https:\/\/fidepartners.com\/wp-content\/uploads\/2023\/07\/Hernando-Jose-Saavedra-1.jpg","datePublished":"2023-07-31T12:22:00+00:00","dateModified":"2025-05-08T19:55:04+00:00","breadcrumb":{"@id":"https:\/\/fidepartners.com\/es\/hernando-saavedra\/#breadcrumb"},"inLanguage":"es","potentialAction":[{"@type":"ReadAction","target":["https:\/\/fidepartners.com\/es\/hernando-saavedra\/"]}]},{"@type":"ImageObject","inLanguage":"es","@id":"https:\/\/fidepartners.com\/es\/hernando-saavedra\/#primaryimage","url":"https:\/\/fidepartners.com\/wp-content\/uploads\/2023\/07\/Hernando-Jose-Saavedra-1.jpg","contentUrl":"https:\/\/fidepartners.com\/wp-content\/uploads\/2023\/07\/Hernando-Jose-Saavedra-1.jpg","width":800,"height":800},{"@type":"BreadcrumbList","@id":"https:\/\/fidepartners.com\/es\/hernando-saavedra\/#breadcrumb","itemListElement":[{"@type":"ListItem","position":1,"name":"Portada","item":"https:\/\/fidepartners.com\/es\/"},{"@type":"ListItem","position":2,"name":"Hernando Saavedra"}]},{"@type":"WebSite","@id":"https:\/\/fidepartners.com\/es\/#website","url":"https:\/\/fidepartners.com\/es\/","name":"Firma de consultor\u00eda estrat\u00e9gica y de gesti\u00f3n\u00a0","description":"Aportamos y comprometemos nuestra s\u00f3lida experiencia para apoyar a todos los actores de la cadena de valor de las TMT y del ecosistema digital","potentialAction":[{"@type":"SearchAction","target":{"@type":"EntryPoint","urlTemplate":"https:\/\/fidepartners.com\/es\/?s={search_term_string}"},"query-input":{"@type":"PropertyValueSpecification","valueRequired":true,"valueName":"search_term_string"}}],"inLanguage":"es"}]}},"_links":{"self":[{"href":"https:\/\/fidepartners.com\/es\/wp-json\/wp\/v2\/pages\/2470","targetHints":{"allow":["GET"]}}],"collection":[{"href":"https:\/\/fidepartners.com\/es\/wp-json\/wp\/v2\/pages"}],"about":[{"href":"https:\/\/fidepartners.com\/es\/wp-json\/wp\/v2\/types\/page"}],"author":[{"embeddable":true,"href":"https:\/\/fidepartners.com\/es\/wp-json\/wp\/v2\/users\/1"}],"replies":[{"embeddable":true,"href":"https:\/\/fidepartners.com\/es\/wp-json\/wp\/v2\/comments?post=2470"}],"version-history":[{"count":2,"href":"https:\/\/fidepartners.com\/es\/wp-json\/wp\/v2\/pages\/2470\/revisions"}],"predecessor-version":[{"id":4097,"href":"https:\/\/fidepartners.com\/es\/wp-json\/wp\/v2\/pages\/2470\/revisions\/4097"}],"wp:featuredmedia":[{"embeddable":true,"href":"https:\/\/fidepartners.com\/es\/wp-json\/wp\/v2\/media\/2480"}],"wp:attachment":[{"href":"https:\/\/fidepartners.com\/es\/wp-json\/wp\/v2\/media?parent=2470"}],"curies":[{"name":"wp","href":"https:\/\/api.w.org\/{rel}","templated":true}]}}