{"id":2549,"date":"2023-08-29T08:04:17","date_gmt":"2023-08-29T08:04:17","guid":{"rendered":"https:\/\/fidepartners.com\/james-andrew\/"},"modified":"2023-09-04T07:36:55","modified_gmt":"2023-09-04T07:36:55","slug":"james-andrew","status":"publish","type":"page","link":"https:\/\/fidepartners.com\/es\/james-andrew\/","title":{"rendered":"James Andrew"},"content":{"rendered":"<section class=\"l-section wpb_row us_custom_38d68270 height_auto\"><div class=\"l-section-h i-cf\"><div class=\"g-cols vc_row via_grid cols_3-2 laptops-cols_inherit tablets-cols_1 mobiles-cols_1 valign_middle type_default stacking_default\" style=\"--gap:calc(3rem + 1rem);\"><div class=\"wpb_column vc_column_container us_custom_d5301246\"><div class=\"vc_column-inner\"><div class=\"w-separator size_custom\" style=\"height:50px\" id=\"wba5\"><style>@media(max-width:1024px){ #wba5{height:100px!important}}@media(max-width:600px){ #wba5{height:100px!important}}<\/style><\/div><h1 class=\"w-text\"><span class=\"w-text-h\"><span class=\"w-text-value\"><strong>Equipo<\/strong><\/span><\/span><\/h1><div class=\"w-separator size_custom\" style=\"height:50px\" id=\"gdfc\"><style>@media(max-width:1024px){ #gdfc{height:100px!important}}@media(max-width:600px){ #gdfc{height:100px!important}}<\/style><\/div><\/div><\/div><div class=\"wpb_column vc_column_container us_custom_ef2df852\"><div class=\"vc_column-inner\"><\/div><\/div><\/div><\/div><\/section><section class=\"l-section wpb_row height_small\"><div class=\"l-section-h i-cf\"><div class=\"g-cols vc_row via_grid cols_1 laptops-cols_inherit tablets-cols_inherit mobiles-cols_1 valign_top type_default stacking_default\"><div class=\"wpb_column vc_column_container\"><div class=\"vc_column-inner\"><div class=\"w-separator size_custom\" style=\"height:50px\" id=\"s6f1\"><style>@media(max-width:1024px){ #s6f1{height:100px!important}}@media(max-width:600px){ #s6f1{height:100px!important}}<\/style><\/div><div class=\"g-cols wpb_row via_grid cols_2 laptops-cols_inherit tablets-cols_inherit mobiles-cols_1 valign_top type_default stacking_default\" style=\"--gap:3rem;\"><div class=\"wpb_column vc_column_container\"><div class=\"vc_column-inner\"><div class=\"w-image us_custom_7e20fa79 us_animate_this align_center\"><div class=\"w-image-h\"><img decoding=\"async\" width=\"800\" height=\"800\" src=\"https:\/\/fidepartners.com\/wp-content\/uploads\/2023\/08\/James-Andrew-1.jpg\" class=\"attachment-full size-full\" alt=\"\" loading=\"lazy\" srcset=\"https:\/\/fidepartners.com\/wp-content\/uploads\/2023\/08\/James-Andrew-1.jpg 800w, https:\/\/fidepartners.com\/wp-content\/uploads\/2023\/08\/James-Andrew-1-300x300.jpg 300w, https:\/\/fidepartners.com\/wp-content\/uploads\/2023\/08\/James-Andrew-1-150x150.jpg 150w\" sizes=\"auto, (max-width: 800px) 100vw, 800px\" \/><\/div><\/div><\/div><\/div><div class=\"wpb_column vc_column_container\"><div class=\"vc_column-inner\"><div class=\"wpb_text_column\"><div class=\"wpb_wrapper\"><h2>James Andrew<\/h2>\n<p>Con m\u00e1s de 30 a\u00f1os de experiencia en las industrias de telecomunicaciones, alta tecnolog\u00eda e infraestructura digital, Jim ha asesorado a directivos e inversionistas en empresas l\u00edderes y emergentes de comunicaciones, medios y tecnolog\u00eda, as\u00ed como a firmas de capital privado y capital de riesgo en Am\u00e9rica del Norte y Europa.<\/p>\n<p>Las \u00e1reas de experiencia de Jim incluyen una amplia gama de proyectos relacionados con redes de fibra, centros de datos, infraestructura inal\u00e1mbrica, empresas de software (SaaS) y servicios de comunicaci\u00f3n relacionados. Tambi\u00e9n ha dirigido proyectos de estrategia en segmentos de consumidores y empresas para importantes proveedores de servicios en los Estados Unidos, como AT&amp;T y Verizon.<\/p>\n<p>Es un experto de la industria que ha sido citado en publicaciones como el Wall Street Journal, USA Today y Business Week, adem\u00e1s de ser miembro destacado en paneles en eventos prestigiosos como el Simposio Financiero Mundial.<\/p>\n<p>Antes de unirse a Fide Partners, James ocup\u00f3 varios puestos directivos en la industria de consultor\u00eda de gesti\u00f3n, incluyendo ADVENTIS, Oliver Wyman\/Mercer, CMA Strategy Consulting y Atlantic-ACM, donde trabaj\u00f3 con directivos en proyectos que impactaron la industria de tecnolog\u00eda, medios y telecomunicaciones (TMT). Posee un t\u00edtulo de licenciatura en Biolog\u00eda Molecular del MIT y un MBA de Harvard.<\/p>\n<\/div><\/div><\/div><\/div><\/div><div class=\"w-separator size_huge\"><\/div><\/div><\/div><\/div><\/div><\/section>\n","protected":false},"excerpt":{"rendered":"Equipo James Andrew Con m\u00e1s de 30 a\u00f1os de experiencia en las industrias de telecomunicaciones, alta tecnolog\u00eda e infraestructura digital, Jim ha asesorado a directivos e inversionistas en empresas l\u00edderes y emergentes de comunicaciones, medios y tecnolog\u00eda, as\u00ed como a firmas de capital privado y capital de riesgo en Am\u00e9rica del Norte y Europa. Las...","protected":false},"author":1,"featured_media":0,"parent":0,"menu_order":0,"comment_status":"closed","ping_status":"closed","template":"","meta":{"inline_featured_image":false,"footnotes":""},"class_list":["post-2549","page","type-page","status-publish","hentry"],"yoast_head":"<!-- This site is optimized with the Yoast SEO plugin v23.9 - https:\/\/yoast.com\/wordpress\/plugins\/seo\/ -->\n<title>James Andrew - Firma de consultor\u00eda estrat\u00e9gica y de gesti\u00f3n\u00a0<\/title>\n<meta name=\"robots\" content=\"index, follow, max-snippet:-1, max-image-preview:large, max-video-preview:-1\" \/>\n<link rel=\"canonical\" href=\"https:\/\/fidepartners.com\/es\/james-andrew\/\" \/>\n<meta property=\"og:locale\" content=\"es_ES\" \/>\n<meta property=\"og:type\" content=\"article\" \/>\n<meta property=\"og:title\" content=\"James Andrew - Firma de consultor\u00eda estrat\u00e9gica y de gesti\u00f3n\u00a0\" \/>\n<meta property=\"og:url\" content=\"https:\/\/fidepartners.com\/es\/james-andrew\/\" \/>\n<meta property=\"og:site_name\" content=\"Firma de consultor\u00eda estrat\u00e9gica y de gesti\u00f3n\u00a0\" \/>\n<meta property=\"article:modified_time\" content=\"2023-09-04T07:36:55+00:00\" \/>\n<meta name=\"twitter:card\" content=\"summary_large_image\" \/>\n<meta name=\"twitter:label1\" content=\"Tiempo de lectura\" \/>\n\t<meta name=\"twitter:data1\" content=\"2 minutos\" \/>\n<script type=\"application\/ld+json\" class=\"yoast-schema-graph\">{\"@context\":\"https:\/\/schema.org\",\"@graph\":[{\"@type\":\"WebPage\",\"@id\":\"https:\/\/fidepartners.com\/es\/james-andrew\/\",\"url\":\"https:\/\/fidepartners.com\/es\/james-andrew\/\",\"name\":\"James Andrew - Firma de consultor\u00eda estrat\u00e9gica y de gesti\u00f3n\u00a0\",\"isPartOf\":{\"@id\":\"https:\/\/fidepartners.com\/es\/#website\"},\"datePublished\":\"2023-08-29T08:04:17+00:00\",\"dateModified\":\"2023-09-04T07:36:55+00:00\",\"breadcrumb\":{\"@id\":\"https:\/\/fidepartners.com\/es\/james-andrew\/#breadcrumb\"},\"inLanguage\":\"es\",\"potentialAction\":[{\"@type\":\"ReadAction\",\"target\":[\"https:\/\/fidepartners.com\/es\/james-andrew\/\"]}]},{\"@type\":\"BreadcrumbList\",\"@id\":\"https:\/\/fidepartners.com\/es\/james-andrew\/#breadcrumb\",\"itemListElement\":[{\"@type\":\"ListItem\",\"position\":1,\"name\":\"Portada\",\"item\":\"https:\/\/fidepartners.com\/es\/\"},{\"@type\":\"ListItem\",\"position\":2,\"name\":\"James Andrew\"}]},{\"@type\":\"WebSite\",\"@id\":\"https:\/\/fidepartners.com\/es\/#website\",\"url\":\"https:\/\/fidepartners.com\/es\/\",\"name\":\"Firma de consultor\u00eda estrat\u00e9gica y de gesti\u00f3n\u00a0\",\"description\":\"Aportamos y comprometemos nuestra s\u00f3lida experiencia para apoyar a todos los actores de la cadena de valor de las TMT y del ecosistema digital\",\"potentialAction\":[{\"@type\":\"SearchAction\",\"target\":{\"@type\":\"EntryPoint\",\"urlTemplate\":\"https:\/\/fidepartners.com\/es\/?s={search_term_string}\"},\"query-input\":{\"@type\":\"PropertyValueSpecification\",\"valueRequired\":true,\"valueName\":\"search_term_string\"}}],\"inLanguage\":\"es\"}]}<\/script>\n<!-- \/ Yoast SEO plugin. -->","yoast_head_json":{"title":"James Andrew - Firma de consultor\u00eda estrat\u00e9gica y de gesti\u00f3n\u00a0","robots":{"index":"index","follow":"follow","max-snippet":"max-snippet:-1","max-image-preview":"max-image-preview:large","max-video-preview":"max-video-preview:-1"},"canonical":"https:\/\/fidepartners.com\/es\/james-andrew\/","og_locale":"es_ES","og_type":"article","og_title":"James Andrew - Firma de consultor\u00eda estrat\u00e9gica y de gesti\u00f3n\u00a0","og_url":"https:\/\/fidepartners.com\/es\/james-andrew\/","og_site_name":"Firma de consultor\u00eda estrat\u00e9gica y de gesti\u00f3n\u00a0","article_modified_time":"2023-09-04T07:36:55+00:00","twitter_card":"summary_large_image","twitter_misc":{"Tiempo de lectura":"2 minutos"},"schema":{"@context":"https:\/\/schema.org","@graph":[{"@type":"WebPage","@id":"https:\/\/fidepartners.com\/es\/james-andrew\/","url":"https:\/\/fidepartners.com\/es\/james-andrew\/","name":"James Andrew - Firma de consultor\u00eda estrat\u00e9gica y de gesti\u00f3n\u00a0","isPartOf":{"@id":"https:\/\/fidepartners.com\/es\/#website"},"datePublished":"2023-08-29T08:04:17+00:00","dateModified":"2023-09-04T07:36:55+00:00","breadcrumb":{"@id":"https:\/\/fidepartners.com\/es\/james-andrew\/#breadcrumb"},"inLanguage":"es","potentialAction":[{"@type":"ReadAction","target":["https:\/\/fidepartners.com\/es\/james-andrew\/"]}]},{"@type":"BreadcrumbList","@id":"https:\/\/fidepartners.com\/es\/james-andrew\/#breadcrumb","itemListElement":[{"@type":"ListItem","position":1,"name":"Portada","item":"https:\/\/fidepartners.com\/es\/"},{"@type":"ListItem","position":2,"name":"James Andrew"}]},{"@type":"WebSite","@id":"https:\/\/fidepartners.com\/es\/#website","url":"https:\/\/fidepartners.com\/es\/","name":"Firma de consultor\u00eda estrat\u00e9gica y de gesti\u00f3n\u00a0","description":"Aportamos y comprometemos nuestra s\u00f3lida experiencia para apoyar a todos los actores de la cadena de valor de las TMT y del ecosistema digital","potentialAction":[{"@type":"SearchAction","target":{"@type":"EntryPoint","urlTemplate":"https:\/\/fidepartners.com\/es\/?s={search_term_string}"},"query-input":{"@type":"PropertyValueSpecification","valueRequired":true,"valueName":"search_term_string"}}],"inLanguage":"es"}]}},"_links":{"self":[{"href":"https:\/\/fidepartners.com\/es\/wp-json\/wp\/v2\/pages\/2549","targetHints":{"allow":["GET"]}}],"collection":[{"href":"https:\/\/fidepartners.com\/es\/wp-json\/wp\/v2\/pages"}],"about":[{"href":"https:\/\/fidepartners.com\/es\/wp-json\/wp\/v2\/types\/page"}],"author":[{"embeddable":true,"href":"https:\/\/fidepartners.com\/es\/wp-json\/wp\/v2\/users\/1"}],"replies":[{"embeddable":true,"href":"https:\/\/fidepartners.com\/es\/wp-json\/wp\/v2\/comments?post=2549"}],"version-history":[{"count":0,"href":"https:\/\/fidepartners.com\/es\/wp-json\/wp\/v2\/pages\/2549\/revisions"}],"wp:attachment":[{"href":"https:\/\/fidepartners.com\/es\/wp-json\/wp\/v2\/media?parent=2549"}],"curies":[{"name":"wp","href":"https:\/\/api.w.org\/{rel}","templated":true}]}}