{"id":3026,"date":"2024-03-01T08:30:52","date_gmt":"2024-03-01T08:30:52","guid":{"rendered":"https:\/\/fidepartners.com\/natalia-serrano\/"},"modified":"2025-05-08T20:12:34","modified_gmt":"2025-05-08T20:12:34","slug":"natalia-serrano","status":"publish","type":"page","link":"https:\/\/fidepartners.com\/es\/natalia-serrano\/","title":{"rendered":"Natalia Serrano"},"content":{"rendered":"<section class=\"l-section wpb_row us_custom_38d68270 height_auto\"><div class=\"l-section-h i-cf\"><div class=\"g-cols vc_row via_grid cols_3-2 laptops-cols_inherit tablets-cols_1 mobiles-cols_1 valign_middle type_default stacking_default\" style=\"--gap:calc(3rem + 1rem);\"><div class=\"wpb_column vc_column_container us_custom_d5301246\"><div class=\"vc_column-inner\"><div class=\"w-separator size_custom\" style=\"height:50px\" id=\"ia0f\"><style>@media(max-width:1024px){ #ia0f{height:100px!important}}@media(max-width:600px){ #ia0f{height:100px!important}}<\/style><\/div><h1 class=\"w-text\"><span class=\"w-text-h\"><span class=\"w-text-value\"><strong>Team<\/strong><\/span><\/span><\/h1><div class=\"w-separator size_custom\" style=\"height:50px\" id=\"qc40\"><style>@media(max-width:1024px){ #qc40{height:100px!important}}@media(max-width:600px){ #qc40{height:100px!important}}<\/style><\/div><\/div><\/div><div class=\"wpb_column vc_column_container us_custom_ef2df852\"><div class=\"vc_column-inner\"><\/div><\/div><\/div><\/div><\/section><section class=\"l-section wpb_row height_small\"><div class=\"l-section-h i-cf\"><div class=\"g-cols vc_row via_grid cols_1 laptops-cols_inherit tablets-cols_inherit mobiles-cols_1 valign_top type_default stacking_default\"><div class=\"wpb_column vc_column_container\"><div class=\"vc_column-inner\"><div class=\"w-separator size_custom\" style=\"height:50px\" id=\"e35f\"><style>@media(max-width:1024px){ #e35f{height:100px!important}}@media(max-width:600px){ #e35f{height:100px!important}}<\/style><\/div><div class=\"g-cols wpb_row via_grid cols_2 laptops-cols_inherit tablets-cols_inherit mobiles-cols_1 valign_top type_default stacking_default\" style=\"--gap:3rem;\"><div class=\"wpb_column vc_column_container\"><div class=\"vc_column-inner\"><div class=\"w-image us_custom_7e20fa79 us_animate_this align_center\"><div class=\"w-image-h\"><img decoding=\"async\" width=\"800\" height=\"800\" src=\"https:\/\/fidepartners.com\/wp-content\/uploads\/2024\/03\/Natalia-Serrano-1.jpg\" class=\"attachment-full size-full\" alt=\"\" loading=\"lazy\" srcset=\"https:\/\/fidepartners.com\/wp-content\/uploads\/2024\/03\/Natalia-Serrano-1.jpg 800w, https:\/\/fidepartners.com\/wp-content\/uploads\/2024\/03\/Natalia-Serrano-1-300x300.jpg 300w, https:\/\/fidepartners.com\/wp-content\/uploads\/2024\/03\/Natalia-Serrano-1-150x150.jpg 150w\" sizes=\"auto, (max-width: 800px) 100vw, 800px\" \/><\/div><\/div><\/div><\/div><div class=\"wpb_column vc_column_container\"><div class=\"vc_column-inner\"><div class=\"wpb_text_column\"><div class=\"wpb_wrapper\"><h2>Natalia Serrano<\/h2>\n<p>Natalia cuenta con m\u00e1s de 7 a\u00f1os de experiencia en el sector de Tecnolog\u00eda, Medios y Telecomunicaciones (TMT), con un enfoque en planificaci\u00f3n estrat\u00e9gica, pol\u00edtica p\u00fablica\/regulatoria e implementaci\u00f3n de proyectos. Sus roles recientes en el Ministerio de TIC y la CRC (agencia nacional reguladora de TMT de Colombia) han fortalecido su experiencia en estas \u00e1reas.<\/p>\n<p>Con un pregrado y mag\u00edster en econom\u00eda y una especializaci\u00f3n en Regulaci\u00f3n y Gesti\u00f3n en TIC, Telecomunicaciones y el Ecosistema Digital, Natalia aporta una gran experiencia en pol\u00edtica p\u00fablica, regulaci\u00f3n y estructuraci\u00f3n y ejecuci\u00f3n de proyectos dentro del sector de las TIC. Su experiencia abarca el desarrollo de proyectos de inversi\u00f3n social de alto impacto y el an\u00e1lisis de estad\u00edsticas del sector. Adem\u00e1s, Natalia tiene experiencia como docente universitaria en las \u00e1reas de microeconom\u00eda, sociedad digital y desarrollo econ\u00f3mico, donde se ha destacado como profesora.<\/p>\n<p>Su capacidad para traducir conceptos complejos en lecciones comprensibles la ha convertido en un activo valioso en entornos acad\u00e9micos, enriqueciendo el conocimiento y la comprensi\u00f3n de sus estudiantes.<\/p>\n<\/div><\/div><\/div><\/div><\/div><div class=\"w-separator size_huge\"><\/div><\/div><\/div><\/div><\/div><\/section>\n","protected":false},"excerpt":{"rendered":"TeamNatalia Serrano Natalia cuenta con m\u00e1s de 7 a\u00f1os de experiencia en el sector de Tecnolog\u00eda, Medios y Telecomunicaciones (TMT), con un enfoque en planificaci\u00f3n estrat\u00e9gica, pol\u00edtica p\u00fablica\/regulatoria e implementaci\u00f3n de proyectos. Sus roles recientes en el Ministerio de TIC y la CRC (agencia nacional reguladora de TMT de Colombia) han fortalecido su experiencia en...","protected":false},"author":1,"featured_media":0,"parent":0,"menu_order":0,"comment_status":"closed","ping_status":"closed","template":"","meta":{"inline_featured_image":false,"footnotes":""},"class_list":["post-3026","page","type-page","status-publish","hentry"],"yoast_head":"<!-- This site is optimized with the Yoast SEO plugin v23.9 - https:\/\/yoast.com\/wordpress\/plugins\/seo\/ -->\n<title>Natalia Serrano - Firma de consultor\u00eda estrat\u00e9gica y de gesti\u00f3n\u00a0<\/title>\n<meta name=\"robots\" content=\"index, follow, max-snippet:-1, max-image-preview:large, max-video-preview:-1\" \/>\n<link rel=\"canonical\" href=\"https:\/\/fidepartners.com\/es\/natalia-serrano\/\" \/>\n<meta property=\"og:locale\" content=\"es_ES\" \/>\n<meta property=\"og:type\" content=\"article\" \/>\n<meta property=\"og:title\" content=\"Natalia Serrano - Firma de consultor\u00eda estrat\u00e9gica y de gesti\u00f3n\u00a0\" \/>\n<meta property=\"og:url\" content=\"https:\/\/fidepartners.com\/es\/natalia-serrano\/\" \/>\n<meta property=\"og:site_name\" content=\"Firma de consultor\u00eda estrat\u00e9gica y de gesti\u00f3n\u00a0\" \/>\n<meta property=\"article:modified_time\" content=\"2025-05-08T20:12:34+00:00\" \/>\n<meta name=\"twitter:card\" content=\"summary_large_image\" \/>\n<meta name=\"twitter:label1\" content=\"Tiempo de lectura\" \/>\n\t<meta name=\"twitter:data1\" content=\"1 minuto\" \/>\n<script type=\"application\/ld+json\" class=\"yoast-schema-graph\">{\"@context\":\"https:\/\/schema.org\",\"@graph\":[{\"@type\":\"WebPage\",\"@id\":\"https:\/\/fidepartners.com\/es\/natalia-serrano\/\",\"url\":\"https:\/\/fidepartners.com\/es\/natalia-serrano\/\",\"name\":\"Natalia Serrano - Firma de consultor\u00eda estrat\u00e9gica y de gesti\u00f3n\u00a0\",\"isPartOf\":{\"@id\":\"https:\/\/fidepartners.com\/es\/#website\"},\"datePublished\":\"2024-03-01T08:30:52+00:00\",\"dateModified\":\"2025-05-08T20:12:34+00:00\",\"breadcrumb\":{\"@id\":\"https:\/\/fidepartners.com\/es\/natalia-serrano\/#breadcrumb\"},\"inLanguage\":\"es\",\"potentialAction\":[{\"@type\":\"ReadAction\",\"target\":[\"https:\/\/fidepartners.com\/es\/natalia-serrano\/\"]}]},{\"@type\":\"BreadcrumbList\",\"@id\":\"https:\/\/fidepartners.com\/es\/natalia-serrano\/#breadcrumb\",\"itemListElement\":[{\"@type\":\"ListItem\",\"position\":1,\"name\":\"Portada\",\"item\":\"https:\/\/fidepartners.com\/es\/\"},{\"@type\":\"ListItem\",\"position\":2,\"name\":\"Natalia Serrano\"}]},{\"@type\":\"WebSite\",\"@id\":\"https:\/\/fidepartners.com\/es\/#website\",\"url\":\"https:\/\/fidepartners.com\/es\/\",\"name\":\"Firma de consultor\u00eda estrat\u00e9gica y de gesti\u00f3n\u00a0\",\"description\":\"Aportamos y comprometemos nuestra s\u00f3lida experiencia para apoyar a todos los actores de la cadena de valor de las TMT y del ecosistema digital\",\"potentialAction\":[{\"@type\":\"SearchAction\",\"target\":{\"@type\":\"EntryPoint\",\"urlTemplate\":\"https:\/\/fidepartners.com\/es\/?s={search_term_string}\"},\"query-input\":{\"@type\":\"PropertyValueSpecification\",\"valueRequired\":true,\"valueName\":\"search_term_string\"}}],\"inLanguage\":\"es\"}]}<\/script>\n<!-- \/ Yoast SEO plugin. -->","yoast_head_json":{"title":"Natalia Serrano - Firma de consultor\u00eda estrat\u00e9gica y de gesti\u00f3n\u00a0","robots":{"index":"index","follow":"follow","max-snippet":"max-snippet:-1","max-image-preview":"max-image-preview:large","max-video-preview":"max-video-preview:-1"},"canonical":"https:\/\/fidepartners.com\/es\/natalia-serrano\/","og_locale":"es_ES","og_type":"article","og_title":"Natalia Serrano - Firma de consultor\u00eda estrat\u00e9gica y de gesti\u00f3n\u00a0","og_url":"https:\/\/fidepartners.com\/es\/natalia-serrano\/","og_site_name":"Firma de consultor\u00eda estrat\u00e9gica y de gesti\u00f3n\u00a0","article_modified_time":"2025-05-08T20:12:34+00:00","twitter_card":"summary_large_image","twitter_misc":{"Tiempo de lectura":"1 minuto"},"schema":{"@context":"https:\/\/schema.org","@graph":[{"@type":"WebPage","@id":"https:\/\/fidepartners.com\/es\/natalia-serrano\/","url":"https:\/\/fidepartners.com\/es\/natalia-serrano\/","name":"Natalia Serrano - Firma de consultor\u00eda estrat\u00e9gica y de gesti\u00f3n\u00a0","isPartOf":{"@id":"https:\/\/fidepartners.com\/es\/#website"},"datePublished":"2024-03-01T08:30:52+00:00","dateModified":"2025-05-08T20:12:34+00:00","breadcrumb":{"@id":"https:\/\/fidepartners.com\/es\/natalia-serrano\/#breadcrumb"},"inLanguage":"es","potentialAction":[{"@type":"ReadAction","target":["https:\/\/fidepartners.com\/es\/natalia-serrano\/"]}]},{"@type":"BreadcrumbList","@id":"https:\/\/fidepartners.com\/es\/natalia-serrano\/#breadcrumb","itemListElement":[{"@type":"ListItem","position":1,"name":"Portada","item":"https:\/\/fidepartners.com\/es\/"},{"@type":"ListItem","position":2,"name":"Natalia Serrano"}]},{"@type":"WebSite","@id":"https:\/\/fidepartners.com\/es\/#website","url":"https:\/\/fidepartners.com\/es\/","name":"Firma de consultor\u00eda estrat\u00e9gica y de gesti\u00f3n\u00a0","description":"Aportamos y comprometemos nuestra s\u00f3lida experiencia para apoyar a todos los actores de la cadena de valor de las TMT y del ecosistema digital","potentialAction":[{"@type":"SearchAction","target":{"@type":"EntryPoint","urlTemplate":"https:\/\/fidepartners.com\/es\/?s={search_term_string}"},"query-input":{"@type":"PropertyValueSpecification","valueRequired":true,"valueName":"search_term_string"}}],"inLanguage":"es"}]}},"_links":{"self":[{"href":"https:\/\/fidepartners.com\/es\/wp-json\/wp\/v2\/pages\/3026","targetHints":{"allow":["GET"]}}],"collection":[{"href":"https:\/\/fidepartners.com\/es\/wp-json\/wp\/v2\/pages"}],"about":[{"href":"https:\/\/fidepartners.com\/es\/wp-json\/wp\/v2\/types\/page"}],"author":[{"embeddable":true,"href":"https:\/\/fidepartners.com\/es\/wp-json\/wp\/v2\/users\/1"}],"replies":[{"embeddable":true,"href":"https:\/\/fidepartners.com\/es\/wp-json\/wp\/v2\/comments?post=3026"}],"version-history":[{"count":1,"href":"https:\/\/fidepartners.com\/es\/wp-json\/wp\/v2\/pages\/3026\/revisions"}],"predecessor-version":[{"id":4101,"href":"https:\/\/fidepartners.com\/es\/wp-json\/wp\/v2\/pages\/3026\/revisions\/4101"}],"wp:attachment":[{"href":"https:\/\/fidepartners.com\/es\/wp-json\/wp\/v2\/media?parent=3026"}],"curies":[{"name":"wp","href":"https:\/\/api.w.org\/{rel}","templated":true}]}}