{"id":3389,"date":"2024-11-27T22:27:23","date_gmt":"2024-11-27T22:27:23","guid":{"rendered":"https:\/\/fidepartners.com\/felipe-sarmiento\/"},"modified":"2024-11-27T22:30:12","modified_gmt":"2024-11-27T22:30:12","slug":"felipe-sarmiento","status":"publish","type":"page","link":"https:\/\/fidepartners.com\/es\/felipe-sarmiento\/","title":{"rendered":"Felipe Sarmiento"},"content":{"rendered":"<section class=\"l-section wpb_row us_custom_38d68270 height_auto\"><div class=\"l-section-h i-cf\"><div class=\"g-cols vc_row via_grid cols_3-2 laptops-cols_inherit tablets-cols_1 mobiles-cols_1 valign_middle type_default stacking_default\" style=\"--gap:calc(3rem + 1rem);\"><div class=\"wpb_column vc_column_container us_custom_d5301246\"><div class=\"vc_column-inner\"><div class=\"w-separator size_custom\" style=\"height:50px\" id=\"w8e3\"><style>@media(max-width:1024px){ #w8e3{height:100px!important}}@media(max-width:600px){ #w8e3{height:100px!important}}<\/style><\/div><h1 class=\"w-text\"><span class=\"w-text-h\"><span class=\"w-text-value\"><strong>Equipo<\/strong><\/span><\/span><\/h1><div class=\"w-separator size_custom\" style=\"height:50px\" id=\"nc3e\"><style>@media(max-width:1024px){ #nc3e{height:100px!important}}@media(max-width:600px){ #nc3e{height:100px!important}}<\/style><\/div><\/div><\/div><div class=\"wpb_column vc_column_container us_custom_ef2df852\"><div class=\"vc_column-inner\"><\/div><\/div><\/div><\/div><\/section><section class=\"l-section wpb_row height_small\"><div class=\"l-section-h i-cf\"><div class=\"g-cols vc_row via_grid cols_1 laptops-cols_inherit tablets-cols_inherit mobiles-cols_1 valign_top type_default stacking_default\"><div class=\"wpb_column vc_column_container\"><div class=\"vc_column-inner\"><div class=\"w-separator size_custom\" style=\"height:50px\" id=\"u92c\"><style>@media(max-width:1024px){ #u92c{height:100px!important}}@media(max-width:600px){ #u92c{height:100px!important}}<\/style><\/div><div class=\"g-cols wpb_row via_grid cols_2 laptops-cols_inherit tablets-cols_inherit mobiles-cols_1 valign_top type_default stacking_default\" style=\"--gap:3rem;\"><div class=\"wpb_column vc_column_container\"><div class=\"vc_column-inner\"><div class=\"w-image us_custom_7e20fa79 us_animate_this align_center\"><div class=\"w-image-h\"><img decoding=\"async\" width=\"800\" height=\"800\" src=\"https:\/\/fidepartners.com\/wp-content\/uploads\/2024\/11\/Felipe-Sarmiento-3-1.jpg\" class=\"attachment-full size-full\" alt=\"\" loading=\"lazy\" srcset=\"https:\/\/fidepartners.com\/wp-content\/uploads\/2024\/11\/Felipe-Sarmiento-3-1.jpg 800w, https:\/\/fidepartners.com\/wp-content\/uploads\/2024\/11\/Felipe-Sarmiento-3-1-300x300.jpg 300w, https:\/\/fidepartners.com\/wp-content\/uploads\/2024\/11\/Felipe-Sarmiento-3-1-150x150.jpg 150w\" sizes=\"auto, (max-width: 800px) 100vw, 800px\" \/><\/div><\/div><\/div><\/div><div class=\"wpb_column vc_column_container\"><div class=\"vc_column-inner\"><div class=\"wpb_text_column\"><div class=\"wpb_wrapper\"><h2>Felipe Sarmiento  <\/h2>\n<p><span data-contrast=\"auto\">Felipe es un consultor con m\u00e1s de 13 a\u00f1os de experiencia en los sectores de tecnolog\u00eda, medios de comunicaci\u00f3n y telecomunicaciones (TMT). Con una s\u00f3lida formaci\u00f3n en Ingenier\u00eda El\u00e9ctrica y Matem\u00e1ticas Aplicadas, est\u00e1 especializado en aprovechar los conocimientos basados en datos para la consultor\u00eda estrat\u00e9gica en infraestructuras digitales, especialmente en procesos de diligencia debida de fusiones y adquisiciones. <\/span><span data-ccp-props=\"{}\"> <\/span><\/p>\n<p><span data-contrast=\"auto\">Desde que se incorpor\u00f3 a Fide Partners en 2022, Felipe ha dirigido y participado en proyectos clave en Latinoam\u00e9rica y Norteam\u00e9rica. Dirigi\u00f3 la due diligence comercial y t\u00e9cnica de los centros de datos de Scala en Latinoam\u00e9rica y encabez\u00f3 la due diligence comercial de una cartera de centros de datos en Canad\u00e1 para un fondo de inversi\u00f3n, entre otros.<\/span><span data-ccp-props=\"{}\"> <\/span><\/p>\n<p><span data-contrast=\"auto\">Felipe cuenta con una amplia experiencia en pol\u00edtica regulatoria y planificaci\u00f3n estrat\u00e9gica, habiendo ejercido anteriormente como Gerente de Planificaci\u00f3n Estrat\u00e9gica en la Autoridad Nacional de Regulaci\u00f3n (ANR) de Colombia y como Asesor Senior en el Ministerio de las TIC.  <\/span><span data-contrast=\"auto\">En la ANR, dirigi\u00f3 iniciativas como el desarrollo del Sandbox Regulador de las Telecomunicaciones, la Hoja de Ruta Reguladora de la Econom\u00eda Digital y el marco regulador de la ciberseguridad para las TIC.<\/span><span data-ccp-props=\"{}\"> <\/span><\/p>\n<p><span data-contrast=\"auto\">Anteriormente, trabaj\u00f3 en Fiat Chrysler Automobiles como Jefe de Proyecto de Integraci\u00f3n E\/E y Especialista en Electr\u00f3nica, centr\u00e1ndose en la integraci\u00f3n de sistemas el\u00e9ctricos y electr\u00f3nicos y en el an\u00e1lisis de fallos.<\/span><span data-ccp-props=\"{}\"> <\/span><\/p>\n<p><span data-contrast=\"auto\">Felipe tiene un m\u00e1ster en Ingenier\u00eda El\u00e9ctrica y Electr\u00f3nica del Polit\u00e9cnico de Tur\u00edn, un m\u00e1ster en Matem\u00e1ticas Aplicadas e Inform\u00e1tica con especializaci\u00f3n en Inteligencia Artificial de la Universidad del Rosario y una licenciatura en Ingenier\u00eda Electr\u00f3nica de la Pontificia Universidad Javeriana. Habla con fluidez ingl\u00e9s, italiano y espa\u00f1ol.    <\/span><span data-ccp-props=\"{}\"> <\/span><\/p>\n<\/div><\/div><\/div><\/div><\/div><div class=\"w-separator size_huge\"><\/div><\/div><\/div><\/div><\/div><\/section>\n","protected":false},"excerpt":{"rendered":"EquipoFelipe Sarmiento Felipe es un consultor con m\u00e1s de 13 a\u00f1os de experiencia en los sectores de tecnolog\u00eda, medios de comunicaci\u00f3n y telecomunicaciones (TMT). Con una s\u00f3lida formaci\u00f3n en Ingenier\u00eda El\u00e9ctrica y Matem\u00e1ticas Aplicadas, est\u00e1 especializado en aprovechar los conocimientos basados en datos para la consultor\u00eda estrat\u00e9gica en infraestructuras digitales, especialmente en procesos de diligencia...","protected":false},"author":1,"featured_media":0,"parent":0,"menu_order":0,"comment_status":"closed","ping_status":"closed","template":"","meta":{"inline_featured_image":false,"footnotes":""},"class_list":["post-3389","page","type-page","status-publish","hentry"],"yoast_head":"<!-- This site is optimized with the Yoast SEO plugin v23.9 - https:\/\/yoast.com\/wordpress\/plugins\/seo\/ -->\n<title>Felipe Sarmiento - Firma de consultor\u00eda estrat\u00e9gica y de gesti\u00f3n\u00a0<\/title>\n<meta name=\"robots\" content=\"index, follow, max-snippet:-1, max-image-preview:large, max-video-preview:-1\" \/>\n<link rel=\"canonical\" href=\"https:\/\/fidepartners.com\/es\/felipe-sarmiento\/\" \/>\n<meta property=\"og:locale\" content=\"es_ES\" \/>\n<meta property=\"og:type\" content=\"article\" \/>\n<meta property=\"og:title\" content=\"Felipe Sarmiento - Firma de consultor\u00eda estrat\u00e9gica y de gesti\u00f3n\u00a0\" \/>\n<meta property=\"og:url\" content=\"https:\/\/fidepartners.com\/es\/felipe-sarmiento\/\" \/>\n<meta property=\"og:site_name\" content=\"Firma de consultor\u00eda estrat\u00e9gica y de gesti\u00f3n\u00a0\" \/>\n<meta property=\"article:modified_time\" content=\"2024-11-27T22:30:12+00:00\" \/>\n<meta name=\"twitter:card\" content=\"summary_large_image\" \/>\n<meta name=\"twitter:label1\" content=\"Tiempo de lectura\" \/>\n\t<meta name=\"twitter:data1\" content=\"3 minutos\" \/>\n<script type=\"application\/ld+json\" class=\"yoast-schema-graph\">{\"@context\":\"https:\/\/schema.org\",\"@graph\":[{\"@type\":\"WebPage\",\"@id\":\"https:\/\/fidepartners.com\/es\/felipe-sarmiento\/\",\"url\":\"https:\/\/fidepartners.com\/es\/felipe-sarmiento\/\",\"name\":\"Felipe Sarmiento - Firma de consultor\u00eda estrat\u00e9gica y de gesti\u00f3n\u00a0\",\"isPartOf\":{\"@id\":\"https:\/\/fidepartners.com\/es\/#website\"},\"datePublished\":\"2024-11-27T22:27:23+00:00\",\"dateModified\":\"2024-11-27T22:30:12+00:00\",\"breadcrumb\":{\"@id\":\"https:\/\/fidepartners.com\/es\/felipe-sarmiento\/#breadcrumb\"},\"inLanguage\":\"es\",\"potentialAction\":[{\"@type\":\"ReadAction\",\"target\":[\"https:\/\/fidepartners.com\/es\/felipe-sarmiento\/\"]}]},{\"@type\":\"BreadcrumbList\",\"@id\":\"https:\/\/fidepartners.com\/es\/felipe-sarmiento\/#breadcrumb\",\"itemListElement\":[{\"@type\":\"ListItem\",\"position\":1,\"name\":\"Portada\",\"item\":\"https:\/\/fidepartners.com\/es\/\"},{\"@type\":\"ListItem\",\"position\":2,\"name\":\"Felipe Sarmiento\"}]},{\"@type\":\"WebSite\",\"@id\":\"https:\/\/fidepartners.com\/es\/#website\",\"url\":\"https:\/\/fidepartners.com\/es\/\",\"name\":\"Firma de consultor\u00eda estrat\u00e9gica y de gesti\u00f3n\u00a0\",\"description\":\"Aportamos y comprometemos nuestra s\u00f3lida experiencia para apoyar a todos los actores de la cadena de valor de las TMT y del ecosistema digital\",\"potentialAction\":[{\"@type\":\"SearchAction\",\"target\":{\"@type\":\"EntryPoint\",\"urlTemplate\":\"https:\/\/fidepartners.com\/es\/?s={search_term_string}\"},\"query-input\":{\"@type\":\"PropertyValueSpecification\",\"valueRequired\":true,\"valueName\":\"search_term_string\"}}],\"inLanguage\":\"es\"}]}<\/script>\n<!-- \/ Yoast SEO plugin. -->","yoast_head_json":{"title":"Felipe Sarmiento - Firma de consultor\u00eda estrat\u00e9gica y de gesti\u00f3n\u00a0","robots":{"index":"index","follow":"follow","max-snippet":"max-snippet:-1","max-image-preview":"max-image-preview:large","max-video-preview":"max-video-preview:-1"},"canonical":"https:\/\/fidepartners.com\/es\/felipe-sarmiento\/","og_locale":"es_ES","og_type":"article","og_title":"Felipe Sarmiento - Firma de consultor\u00eda estrat\u00e9gica y de gesti\u00f3n\u00a0","og_url":"https:\/\/fidepartners.com\/es\/felipe-sarmiento\/","og_site_name":"Firma de consultor\u00eda estrat\u00e9gica y de gesti\u00f3n\u00a0","article_modified_time":"2024-11-27T22:30:12+00:00","twitter_card":"summary_large_image","twitter_misc":{"Tiempo de lectura":"3 minutos"},"schema":{"@context":"https:\/\/schema.org","@graph":[{"@type":"WebPage","@id":"https:\/\/fidepartners.com\/es\/felipe-sarmiento\/","url":"https:\/\/fidepartners.com\/es\/felipe-sarmiento\/","name":"Felipe Sarmiento - Firma de consultor\u00eda estrat\u00e9gica y de gesti\u00f3n\u00a0","isPartOf":{"@id":"https:\/\/fidepartners.com\/es\/#website"},"datePublished":"2024-11-27T22:27:23+00:00","dateModified":"2024-11-27T22:30:12+00:00","breadcrumb":{"@id":"https:\/\/fidepartners.com\/es\/felipe-sarmiento\/#breadcrumb"},"inLanguage":"es","potentialAction":[{"@type":"ReadAction","target":["https:\/\/fidepartners.com\/es\/felipe-sarmiento\/"]}]},{"@type":"BreadcrumbList","@id":"https:\/\/fidepartners.com\/es\/felipe-sarmiento\/#breadcrumb","itemListElement":[{"@type":"ListItem","position":1,"name":"Portada","item":"https:\/\/fidepartners.com\/es\/"},{"@type":"ListItem","position":2,"name":"Felipe Sarmiento"}]},{"@type":"WebSite","@id":"https:\/\/fidepartners.com\/es\/#website","url":"https:\/\/fidepartners.com\/es\/","name":"Firma de consultor\u00eda estrat\u00e9gica y de gesti\u00f3n\u00a0","description":"Aportamos y comprometemos nuestra s\u00f3lida experiencia para apoyar a todos los actores de la cadena de valor de las TMT y del ecosistema digital","potentialAction":[{"@type":"SearchAction","target":{"@type":"EntryPoint","urlTemplate":"https:\/\/fidepartners.com\/es\/?s={search_term_string}"},"query-input":{"@type":"PropertyValueSpecification","valueRequired":true,"valueName":"search_term_string"}}],"inLanguage":"es"}]}},"_links":{"self":[{"href":"https:\/\/fidepartners.com\/es\/wp-json\/wp\/v2\/pages\/3389","targetHints":{"allow":["GET"]}}],"collection":[{"href":"https:\/\/fidepartners.com\/es\/wp-json\/wp\/v2\/pages"}],"about":[{"href":"https:\/\/fidepartners.com\/es\/wp-json\/wp\/v2\/types\/page"}],"author":[{"embeddable":true,"href":"https:\/\/fidepartners.com\/es\/wp-json\/wp\/v2\/users\/1"}],"replies":[{"embeddable":true,"href":"https:\/\/fidepartners.com\/es\/wp-json\/wp\/v2\/comments?post=3389"}],"version-history":[{"count":3,"href":"https:\/\/fidepartners.com\/es\/wp-json\/wp\/v2\/pages\/3389\/revisions"}],"predecessor-version":[{"id":3392,"href":"https:\/\/fidepartners.com\/es\/wp-json\/wp\/v2\/pages\/3389\/revisions\/3392"}],"wp:attachment":[{"href":"https:\/\/fidepartners.com\/es\/wp-json\/wp\/v2\/media?parent=3389"}],"curies":[{"name":"wp","href":"https:\/\/api.w.org\/{rel}","templated":true}]}}