{"id":3947,"date":"2024-12-16T14:46:27","date_gmt":"2024-12-16T14:46:27","guid":{"rendered":"https:\/\/fidepartners.com\/general-data-protection-regulation-gdpr\/"},"modified":"2024-12-19T13:51:18","modified_gmt":"2024-12-19T13:51:18","slug":"general-data-protection-regulation-gdpr","status":"publish","type":"page","link":"https:\/\/fidepartners.com\/es\/general-data-protection-regulation-gdpr\/","title":{"rendered":"General Data Protection Regulation (GDPR)"},"content":{"rendered":"<section class=\"l-section wpb_row us_custom_38d68270 height_auto\"><div class=\"l-section-h i-cf\"><div class=\"g-cols vc_row via_grid cols_3-2 laptops-cols_inherit tablets-cols_1 mobiles-cols_1 valign_middle type_default stacking_default\" style=\"--gap:calc(3rem + 1rem);\"><div class=\"wpb_column vc_column_container us_custom_d5301246\"><div class=\"vc_column-inner\"><h1 class=\"w-text us_custom_79a6436d\"><span class=\"w-text-h\"><span class=\"w-text-value\">General Data Protection Regulation (GDPR)<\/span><\/span><\/h1><\/div><\/div><div class=\"wpb_column vc_column_container us_custom_ef2df852\"><div class=\"vc_column-inner\"><\/div><\/div><\/div><\/div><\/section><section class=\"l-section wpb_row height_small\"><div class=\"l-section-h i-cf\"><div class=\"g-cols vc_row via_grid cols_1 laptops-cols_inherit tablets-cols_inherit mobiles-cols_1 valign_middle type_default reversed stacking_default\" style=\"--gap:4.5rem;\"><div class=\"wpb_column vc_column_container\"><div class=\"vc_column-inner\"><div class=\"wpb_text_column us_custom_56a5b5c1 has_text_color\"><div class=\"wpb_wrapper\"><p><strong>DATA CONTROLLER:<\/strong><\/p>\n<p>Company Name: FIDE PARTNERS, S.L.<br \/>Address: C\/Don Ram\u00f3n de la Cruz 6, First Floor, 28001, Madrid.<br \/>Phone: +34 910 244 113<br \/>Email: info@fidepartners.es<\/p>\n<p><strong>PURPOSE:<\/strong><\/p>\n<p>We will use your personal data for commercial purposes, which include:<\/p>\n<ul>\n<li>Sending informational, commercial, and promotional communications about products and services marketed by FIDE PARTNERS via postal or electronic means (e.g., email, SMS, MMS, mobile phone, instant messaging, social networks, etc.).<\/li>\n<li>Creating a commercial profile based on the information provided to send you personalized communications.<\/li>\n<\/ul>\n<p><strong>RECIPIENTS:<\/strong><\/p>\n<p>Your data will not be disclosed to third parties unless there is a legal obligation.<\/p>\n<p><strong>LEGAL BASIS:<\/strong><\/p>\n<p>The explicit and unequivocal consent you provide by voluntarily checking the indicated box.<\/p>\n<p><strong>RIGHTS:<\/strong><\/p>\n<p>You may exercise your rights to access, rectify, erase, object, restrict processing, data portability, and withdraw consent at any time. You can also seek protection from the Spanish Data Protection Agency (www.agpd.es).<br \/>To exercise these data protection rights, please send a written communication with the subject line \u00abExercise of GDPR Rights,\u00bb specifying your request and including a photocopy of your ID or proof of identity, to the following address:<\/p>\n<p>Address: C\/Don Ram\u00f3n de la Cruz 6, First Floor, 28001, Madrid<br \/>Email: info@fidepartners.es<\/p>\n<p><strong>DATA RETENTION PERIOD:<\/strong><\/p>\n<p>Personal data provided will be retained until you exercise your right to erasure, object to the processing of your data for direct marketing purposes, withdraw consent, or when the data controller deems they are no longer necessary for commercial actions because they are inadequate, irrelevant, or outdated.<\/p>\n<p>We invite you to consult additional and detailed information on personal data protection in <a href=\"https:\/\/fidepartners.com\/es\/terminos-y-condiciones\/\">OUR LEGAL NOTICE AND PRIVACY POLICY.<\/a><\/p>\n<\/div><\/div><\/div><\/div><\/div><\/div><\/section>\n","protected":false},"excerpt":{"rendered":"General Data Protection Regulation (GDPR)DATA CONTROLLER: Company Name: FIDE PARTNERS, S.L.Address: C\/Don Ram\u00f3n de la Cruz 6, First Floor, 28001, Madrid.Phone: +34 910 244 113Email: info@fidepartners.es PURPOSE: We will use your personal data for commercial purposes, which include: Sending informational, commercial, and promotional communications about products and services marketed by FIDE PARTNERS via postal or...","protected":false},"author":1,"featured_media":0,"parent":0,"menu_order":0,"comment_status":"closed","ping_status":"closed","template":"","meta":{"inline_featured_image":false,"footnotes":""},"class_list":["post-3947","page","type-page","status-publish","hentry"],"yoast_head":"<!-- This site is optimized with the Yoast SEO plugin v23.9 - https:\/\/yoast.com\/wordpress\/plugins\/seo\/ -->\n<title>General Data Protection Regulation (GDPR) - Firma de consultor\u00eda estrat\u00e9gica y de gesti\u00f3n\u00a0<\/title>\n<meta name=\"robots\" content=\"noindex, follow\" \/>\n<meta property=\"og:locale\" content=\"es_ES\" \/>\n<meta property=\"og:type\" content=\"article\" \/>\n<meta property=\"og:title\" content=\"General Data Protection Regulation (GDPR) - Firma de consultor\u00eda estrat\u00e9gica y de gesti\u00f3n\u00a0\" \/>\n<meta property=\"og:url\" content=\"https:\/\/fidepartners.com\/es\/general-data-protection-regulation-gdpr\/\" \/>\n<meta property=\"og:site_name\" content=\"Firma de consultor\u00eda estrat\u00e9gica y de gesti\u00f3n\u00a0\" \/>\n<meta property=\"article:modified_time\" content=\"2024-12-19T13:51:18+00:00\" \/>\n<meta name=\"twitter:card\" content=\"summary_large_image\" \/>\n<meta name=\"twitter:label1\" content=\"Tiempo de lectura\" \/>\n\t<meta name=\"twitter:data1\" content=\"2 minutos\" \/>\n<script type=\"application\/ld+json\" class=\"yoast-schema-graph\">{\"@context\":\"https:\/\/schema.org\",\"@graph\":[{\"@type\":\"WebPage\",\"@id\":\"https:\/\/fidepartners.com\/es\/general-data-protection-regulation-gdpr\/\",\"url\":\"https:\/\/fidepartners.com\/es\/general-data-protection-regulation-gdpr\/\",\"name\":\"General Data Protection Regulation (GDPR) - Firma de consultor\u00eda estrat\u00e9gica y de gesti\u00f3n\u00a0\",\"isPartOf\":{\"@id\":\"https:\/\/fidepartners.com\/es\/#website\"},\"datePublished\":\"2024-12-16T14:46:27+00:00\",\"dateModified\":\"2024-12-19T13:51:18+00:00\",\"breadcrumb\":{\"@id\":\"https:\/\/fidepartners.com\/es\/general-data-protection-regulation-gdpr\/#breadcrumb\"},\"inLanguage\":\"es\",\"potentialAction\":[{\"@type\":\"ReadAction\",\"target\":[\"https:\/\/fidepartners.com\/es\/general-data-protection-regulation-gdpr\/\"]}]},{\"@type\":\"BreadcrumbList\",\"@id\":\"https:\/\/fidepartners.com\/es\/general-data-protection-regulation-gdpr\/#breadcrumb\",\"itemListElement\":[{\"@type\":\"ListItem\",\"position\":1,\"name\":\"Portada\",\"item\":\"https:\/\/fidepartners.com\/es\/\"},{\"@type\":\"ListItem\",\"position\":2,\"name\":\"General Data Protection Regulation (GDPR)\"}]},{\"@type\":\"WebSite\",\"@id\":\"https:\/\/fidepartners.com\/es\/#website\",\"url\":\"https:\/\/fidepartners.com\/es\/\",\"name\":\"Firma de consultor\u00eda estrat\u00e9gica y de gesti\u00f3n\u00a0\",\"description\":\"Aportamos y comprometemos nuestra s\u00f3lida experiencia para apoyar a todos los actores de la cadena de valor de las TMT y del ecosistema digital\",\"potentialAction\":[{\"@type\":\"SearchAction\",\"target\":{\"@type\":\"EntryPoint\",\"urlTemplate\":\"https:\/\/fidepartners.com\/es\/?s={search_term_string}\"},\"query-input\":{\"@type\":\"PropertyValueSpecification\",\"valueRequired\":true,\"valueName\":\"search_term_string\"}}],\"inLanguage\":\"es\"}]}<\/script>\n<!-- \/ Yoast SEO plugin. -->","yoast_head_json":{"title":"General Data Protection Regulation (GDPR) - Firma de consultor\u00eda estrat\u00e9gica y de gesti\u00f3n\u00a0","robots":{"index":"noindex","follow":"follow"},"og_locale":"es_ES","og_type":"article","og_title":"General Data Protection Regulation (GDPR) - Firma de consultor\u00eda estrat\u00e9gica y de gesti\u00f3n\u00a0","og_url":"https:\/\/fidepartners.com\/es\/general-data-protection-regulation-gdpr\/","og_site_name":"Firma de consultor\u00eda estrat\u00e9gica y de gesti\u00f3n\u00a0","article_modified_time":"2024-12-19T13:51:18+00:00","twitter_card":"summary_large_image","twitter_misc":{"Tiempo de lectura":"2 minutos"},"schema":{"@context":"https:\/\/schema.org","@graph":[{"@type":"WebPage","@id":"https:\/\/fidepartners.com\/es\/general-data-protection-regulation-gdpr\/","url":"https:\/\/fidepartners.com\/es\/general-data-protection-regulation-gdpr\/","name":"General Data Protection Regulation (GDPR) - Firma de consultor\u00eda estrat\u00e9gica y de gesti\u00f3n\u00a0","isPartOf":{"@id":"https:\/\/fidepartners.com\/es\/#website"},"datePublished":"2024-12-16T14:46:27+00:00","dateModified":"2024-12-19T13:51:18+00:00","breadcrumb":{"@id":"https:\/\/fidepartners.com\/es\/general-data-protection-regulation-gdpr\/#breadcrumb"},"inLanguage":"es","potentialAction":[{"@type":"ReadAction","target":["https:\/\/fidepartners.com\/es\/general-data-protection-regulation-gdpr\/"]}]},{"@type":"BreadcrumbList","@id":"https:\/\/fidepartners.com\/es\/general-data-protection-regulation-gdpr\/#breadcrumb","itemListElement":[{"@type":"ListItem","position":1,"name":"Portada","item":"https:\/\/fidepartners.com\/es\/"},{"@type":"ListItem","position":2,"name":"General Data Protection Regulation (GDPR)"}]},{"@type":"WebSite","@id":"https:\/\/fidepartners.com\/es\/#website","url":"https:\/\/fidepartners.com\/es\/","name":"Firma de consultor\u00eda estrat\u00e9gica y de gesti\u00f3n\u00a0","description":"Aportamos y comprometemos nuestra s\u00f3lida experiencia para apoyar a todos los actores de la cadena de valor de las TMT y del ecosistema digital","potentialAction":[{"@type":"SearchAction","target":{"@type":"EntryPoint","urlTemplate":"https:\/\/fidepartners.com\/es\/?s={search_term_string}"},"query-input":{"@type":"PropertyValueSpecification","valueRequired":true,"valueName":"search_term_string"}}],"inLanguage":"es"}]}},"_links":{"self":[{"href":"https:\/\/fidepartners.com\/es\/wp-json\/wp\/v2\/pages\/3947","targetHints":{"allow":["GET"]}}],"collection":[{"href":"https:\/\/fidepartners.com\/es\/wp-json\/wp\/v2\/pages"}],"about":[{"href":"https:\/\/fidepartners.com\/es\/wp-json\/wp\/v2\/types\/page"}],"author":[{"embeddable":true,"href":"https:\/\/fidepartners.com\/es\/wp-json\/wp\/v2\/users\/1"}],"replies":[{"embeddable":true,"href":"https:\/\/fidepartners.com\/es\/wp-json\/wp\/v2\/comments?post=3947"}],"version-history":[{"count":2,"href":"https:\/\/fidepartners.com\/es\/wp-json\/wp\/v2\/pages\/3947\/revisions"}],"predecessor-version":[{"id":4038,"href":"https:\/\/fidepartners.com\/es\/wp-json\/wp\/v2\/pages\/3947\/revisions\/4038"}],"wp:attachment":[{"href":"https:\/\/fidepartners.com\/es\/wp-json\/wp\/v2\/media?parent=3947"}],"curies":[{"name":"wp","href":"https:\/\/api.w.org\/{rel}","templated":true}]}}