{"id":4111,"date":"2025-05-08T20:22:32","date_gmt":"2025-05-08T20:22:32","guid":{"rendered":"https:\/\/fidepartners.com\/nicolas-meneses\/"},"modified":"2025-05-08T21:01:29","modified_gmt":"2025-05-08T21:01:29","slug":"nicolas-meneses","status":"publish","type":"page","link":"https:\/\/fidepartners.com\/es\/nicolas-meneses\/","title":{"rendered":"Nicol\u00e1s Meneses"},"content":{"rendered":"<section class=\"l-section wpb_row us_custom_38d68270 height_auto\"><div class=\"l-section-h i-cf\"><div class=\"g-cols vc_row via_grid cols_3-2 laptops-cols_inherit tablets-cols_1 mobiles-cols_1 valign_middle type_default stacking_default\" style=\"--gap:calc(3rem + 1rem);\"><div class=\"wpb_column vc_column_container us_custom_d5301246\"><div class=\"vc_column-inner\"><div class=\"w-separator size_custom\" style=\"height:50px\" id=\"h5cf\"><style>@media(max-width:1024px){ #h5cf{height:100px!important}}@media(max-width:600px){ #h5cf{height:100px!important}}<\/style><\/div><h1 class=\"w-text us_custom_9de87d4e\"><span class=\"w-text-h\"><span class=\"w-text-value\">Equipo<\/span><\/span><\/h1><div class=\"w-separator size_custom\" style=\"height:50px\" id=\"a7e8\"><style>@media(max-width:1024px){ #a7e8{height:100px!important}}@media(max-width:600px){ #a7e8{height:100px!important}}<\/style><\/div><\/div><\/div><div class=\"wpb_column vc_column_container us_custom_ef2df852\"><div class=\"vc_column-inner\"><\/div><\/div><\/div><\/div><\/section><section class=\"l-section wpb_row height_small\"><div class=\"l-section-h i-cf\"><div class=\"g-cols vc_row via_grid cols_1 laptops-cols_inherit tablets-cols_inherit mobiles-cols_1 valign_top type_default stacking_default\"><div class=\"wpb_column vc_column_container\"><div class=\"vc_column-inner\"><div class=\"w-separator size_custom\" style=\"height:50px\" id=\"p088\"><style>@media(max-width:1024px){ #p088{height:100px!important}}@media(max-width:600px){ #p088{height:100px!important}}<\/style><\/div><div class=\"g-cols wpb_row via_grid cols_2 laptops-cols_inherit tablets-cols_inherit mobiles-cols_1 valign_top type_default stacking_default\" style=\"--gap:3rem;\"><div class=\"wpb_column vc_column_container\"><div class=\"vc_column-inner\"><div class=\"w-image us_custom_7e20fa79 us_animate_this align_center\"><div class=\"w-image-h\"><img decoding=\"async\" width=\"2560\" height=\"1707\" src=\"https:\/\/fidepartners.com\/wp-content\/uploads\/2025\/05\/Nicolas-Meneses-Senior-Consultant-scaled.jpg\" class=\"attachment-full size-full\" alt=\"\" loading=\"lazy\" srcset=\"https:\/\/fidepartners.com\/wp-content\/uploads\/2025\/05\/Nicolas-Meneses-Senior-Consultant-scaled.jpg 2560w, https:\/\/fidepartners.com\/wp-content\/uploads\/2025\/05\/Nicolas-Meneses-Senior-Consultant-300x200.jpg 300w, https:\/\/fidepartners.com\/wp-content\/uploads\/2025\/05\/Nicolas-Meneses-Senior-Consultant-1024x683.jpg 1024w\" sizes=\"auto, (max-width: 2560px) 100vw, 2560px\" \/><\/div><\/div><\/div><\/div><div class=\"wpb_column vc_column_container\"><div class=\"vc_column-inner\"><div class=\"wpb_text_column\"><div class=\"wpb_wrapper\"><h2>Nicol\u00e1s Meneses<\/h2>\n<p>Nicol\u00e1s es un consultor con m\u00e1s de 5 a\u00f1os de experiencia en consultor\u00eda estrat\u00e9gica y financiera especializado en el sector de Tecnolog\u00eda, Medios y Telecomunicaciones (TMT). Se destaca en la gesti\u00f3n de proyectos, an\u00e1lisis financiero y optimizaci\u00f3n operativa para empresas del sector. Desde su incorporaci\u00f3n a Fide Partners, Nicol\u00e1s ha liderado proyectos estrat\u00e9gicos de alto impacto en toda Am\u00e9rica Latina y Europa. Como gerente de proyecto y consultor senior, ha proporcionado soporte estrat\u00e9gico para renegociaciones de deuda y reestructuraciones funcionales, dirigido la implementaci\u00f3n de procesos de separaci\u00f3n contable para operadores de telecomunicaciones, y participado en m\u00faltiples procesos de M&amp;A.   <\/p>\n<p>Su experiencia incluye la realizaci\u00f3n de debida diligencia comercial y t\u00e9cnica para transacciones en diversos pa\u00edses, asesorando a fondos de inversi\u00f3n con an\u00e1lisis detallados de mercados de fibra \u00f3ptica y centros de datos. Anteriormente, Nicol\u00e1s estuvo involucrado en el sector financiero y en el sector petrolero, donde lider\u00f3 el desarrollo de herramientas de priorizaci\u00f3n autom\u00e1tica y estructur\u00f3 la estrategia operativa, proponiendo y ejecutando iniciativas exitosas para la optimizaci\u00f3n de diversos segmentos de cada negocio. Nicol\u00e1s es graduado de la Universidad de los Andes con un M\u00e1ster en Finanzas y una Licenciatura en Ingenier\u00eda Mec\u00e1nica. Habla espa\u00f1ol, ingl\u00e9s y franc\u00e9s.   <\/p>\n<\/div><\/div><\/div><\/div><\/div><div class=\"w-separator size_huge\"><\/div><\/div><\/div><\/div><\/div><\/section>\n","protected":false},"excerpt":{"rendered":"EquipoNicol\u00e1s Meneses Nicol\u00e1s es un consultor con m\u00e1s de 5 a\u00f1os de experiencia en consultor\u00eda estrat\u00e9gica y financiera especializado en el sector de Tecnolog\u00eda, Medios y Telecomunicaciones (TMT). Se destaca en la gesti\u00f3n de proyectos, an\u00e1lisis financiero y optimizaci\u00f3n operativa para empresas del sector. Desde su incorporaci\u00f3n a Fide Partners, Nicol\u00e1s ha liderado proyectos estrat\u00e9gicos...","protected":false},"author":1,"featured_media":0,"parent":0,"menu_order":0,"comment_status":"closed","ping_status":"closed","template":"","meta":{"inline_featured_image":false,"footnotes":""},"class_list":["post-4111","page","type-page","status-publish","hentry"],"yoast_head":"<!-- This site is optimized with the Yoast SEO plugin v23.9 - https:\/\/yoast.com\/wordpress\/plugins\/seo\/ -->\n<title>Nicol\u00e1s Meneses - Firma de consultor\u00eda estrat\u00e9gica y de gesti\u00f3n\u00a0<\/title>\n<meta name=\"robots\" content=\"index, follow, max-snippet:-1, max-image-preview:large, max-video-preview:-1\" \/>\n<link rel=\"canonical\" href=\"https:\/\/fidepartners.com\/es\/nicolas-meneses\/\" \/>\n<meta property=\"og:locale\" content=\"es_ES\" \/>\n<meta property=\"og:type\" content=\"article\" \/>\n<meta property=\"og:title\" content=\"Nicol\u00e1s Meneses - Firma de consultor\u00eda estrat\u00e9gica y de gesti\u00f3n\u00a0\" \/>\n<meta property=\"og:url\" content=\"https:\/\/fidepartners.com\/es\/nicolas-meneses\/\" \/>\n<meta property=\"og:site_name\" content=\"Firma de consultor\u00eda estrat\u00e9gica y de gesti\u00f3n\u00a0\" \/>\n<meta property=\"article:modified_time\" content=\"2025-05-08T21:01:29+00:00\" \/>\n<meta name=\"twitter:card\" content=\"summary_large_image\" \/>\n<meta name=\"twitter:label1\" content=\"Tiempo de lectura\" \/>\n\t<meta name=\"twitter:data1\" content=\"2 minutos\" \/>\n<script type=\"application\/ld+json\" class=\"yoast-schema-graph\">{\"@context\":\"https:\/\/schema.org\",\"@graph\":[{\"@type\":\"WebPage\",\"@id\":\"https:\/\/fidepartners.com\/es\/nicolas-meneses\/\",\"url\":\"https:\/\/fidepartners.com\/es\/nicolas-meneses\/\",\"name\":\"Nicol\u00e1s Meneses - Firma de consultor\u00eda estrat\u00e9gica y de gesti\u00f3n\u00a0\",\"isPartOf\":{\"@id\":\"https:\/\/fidepartners.com\/es\/#website\"},\"datePublished\":\"2025-05-08T20:22:32+00:00\",\"dateModified\":\"2025-05-08T21:01:29+00:00\",\"breadcrumb\":{\"@id\":\"https:\/\/fidepartners.com\/es\/nicolas-meneses\/#breadcrumb\"},\"inLanguage\":\"es\",\"potentialAction\":[{\"@type\":\"ReadAction\",\"target\":[\"https:\/\/fidepartners.com\/es\/nicolas-meneses\/\"]}]},{\"@type\":\"BreadcrumbList\",\"@id\":\"https:\/\/fidepartners.com\/es\/nicolas-meneses\/#breadcrumb\",\"itemListElement\":[{\"@type\":\"ListItem\",\"position\":1,\"name\":\"Portada\",\"item\":\"https:\/\/fidepartners.com\/es\/\"},{\"@type\":\"ListItem\",\"position\":2,\"name\":\"Nicol\u00e1s Meneses\"}]},{\"@type\":\"WebSite\",\"@id\":\"https:\/\/fidepartners.com\/es\/#website\",\"url\":\"https:\/\/fidepartners.com\/es\/\",\"name\":\"Firma de consultor\u00eda estrat\u00e9gica y de gesti\u00f3n\u00a0\",\"description\":\"Aportamos y comprometemos nuestra s\u00f3lida experiencia para apoyar a todos los actores de la cadena de valor de las TMT y del ecosistema digital\",\"potentialAction\":[{\"@type\":\"SearchAction\",\"target\":{\"@type\":\"EntryPoint\",\"urlTemplate\":\"https:\/\/fidepartners.com\/es\/?s={search_term_string}\"},\"query-input\":{\"@type\":\"PropertyValueSpecification\",\"valueRequired\":true,\"valueName\":\"search_term_string\"}}],\"inLanguage\":\"es\"}]}<\/script>\n<!-- \/ Yoast SEO plugin. -->","yoast_head_json":{"title":"Nicol\u00e1s Meneses - Firma de consultor\u00eda estrat\u00e9gica y de gesti\u00f3n\u00a0","robots":{"index":"index","follow":"follow","max-snippet":"max-snippet:-1","max-image-preview":"max-image-preview:large","max-video-preview":"max-video-preview:-1"},"canonical":"https:\/\/fidepartners.com\/es\/nicolas-meneses\/","og_locale":"es_ES","og_type":"article","og_title":"Nicol\u00e1s Meneses - Firma de consultor\u00eda estrat\u00e9gica y de gesti\u00f3n\u00a0","og_url":"https:\/\/fidepartners.com\/es\/nicolas-meneses\/","og_site_name":"Firma de consultor\u00eda estrat\u00e9gica y de gesti\u00f3n\u00a0","article_modified_time":"2025-05-08T21:01:29+00:00","twitter_card":"summary_large_image","twitter_misc":{"Tiempo de lectura":"2 minutos"},"schema":{"@context":"https:\/\/schema.org","@graph":[{"@type":"WebPage","@id":"https:\/\/fidepartners.com\/es\/nicolas-meneses\/","url":"https:\/\/fidepartners.com\/es\/nicolas-meneses\/","name":"Nicol\u00e1s Meneses - Firma de consultor\u00eda estrat\u00e9gica y de gesti\u00f3n\u00a0","isPartOf":{"@id":"https:\/\/fidepartners.com\/es\/#website"},"datePublished":"2025-05-08T20:22:32+00:00","dateModified":"2025-05-08T21:01:29+00:00","breadcrumb":{"@id":"https:\/\/fidepartners.com\/es\/nicolas-meneses\/#breadcrumb"},"inLanguage":"es","potentialAction":[{"@type":"ReadAction","target":["https:\/\/fidepartners.com\/es\/nicolas-meneses\/"]}]},{"@type":"BreadcrumbList","@id":"https:\/\/fidepartners.com\/es\/nicolas-meneses\/#breadcrumb","itemListElement":[{"@type":"ListItem","position":1,"name":"Portada","item":"https:\/\/fidepartners.com\/es\/"},{"@type":"ListItem","position":2,"name":"Nicol\u00e1s Meneses"}]},{"@type":"WebSite","@id":"https:\/\/fidepartners.com\/es\/#website","url":"https:\/\/fidepartners.com\/es\/","name":"Firma de consultor\u00eda estrat\u00e9gica y de gesti\u00f3n\u00a0","description":"Aportamos y comprometemos nuestra s\u00f3lida experiencia para apoyar a todos los actores de la cadena de valor de las TMT y del ecosistema digital","potentialAction":[{"@type":"SearchAction","target":{"@type":"EntryPoint","urlTemplate":"https:\/\/fidepartners.com\/es\/?s={search_term_string}"},"query-input":{"@type":"PropertyValueSpecification","valueRequired":true,"valueName":"search_term_string"}}],"inLanguage":"es"}]}},"_links":{"self":[{"href":"https:\/\/fidepartners.com\/es\/wp-json\/wp\/v2\/pages\/4111","targetHints":{"allow":["GET"]}}],"collection":[{"href":"https:\/\/fidepartners.com\/es\/wp-json\/wp\/v2\/pages"}],"about":[{"href":"https:\/\/fidepartners.com\/es\/wp-json\/wp\/v2\/types\/page"}],"author":[{"embeddable":true,"href":"https:\/\/fidepartners.com\/es\/wp-json\/wp\/v2\/users\/1"}],"replies":[{"embeddable":true,"href":"https:\/\/fidepartners.com\/es\/wp-json\/wp\/v2\/comments?post=4111"}],"version-history":[{"count":7,"href":"https:\/\/fidepartners.com\/es\/wp-json\/wp\/v2\/pages\/4111\/revisions"}],"predecessor-version":[{"id":4118,"href":"https:\/\/fidepartners.com\/es\/wp-json\/wp\/v2\/pages\/4111\/revisions\/4118"}],"wp:attachment":[{"href":"https:\/\/fidepartners.com\/es\/wp-json\/wp\/v2\/media?parent=4111"}],"curies":[{"name":"wp","href":"https:\/\/api.w.org\/{rel}","templated":true}]}}