{"id":4134,"date":"2025-05-08T21:19:09","date_gmt":"2025-05-08T21:19:09","guid":{"rendered":"https:\/\/fidepartners.com\/jose-miguel-pena-2\/"},"modified":"2025-05-08T21:22:23","modified_gmt":"2025-05-08T21:22:23","slug":"jose-miguel-pena-2","status":"publish","type":"page","link":"https:\/\/fidepartners.com\/es\/jose-miguel-pena-2\/","title":{"rendered":"Jose Miguel Pe\u00f1a"},"content":{"rendered":"<section class=\"l-section wpb_row us_custom_38d68270 height_auto\"><div class=\"l-section-h i-cf\"><div class=\"g-cols vc_row via_grid cols_3-2 laptops-cols_inherit tablets-cols_1 mobiles-cols_1 valign_middle type_default stacking_default\" style=\"--gap:calc(3rem + 1rem);\"><div class=\"wpb_column vc_column_container us_custom_d5301246\"><div class=\"vc_column-inner\"><div class=\"w-separator size_custom\" style=\"height:50px\" id=\"v446\"><style>@media(max-width:1024px){ #v446{height:100px!important}}@media(max-width:600px){ #v446{height:100px!important}}<\/style><\/div><h1 class=\"w-text us_custom_9de87d4e\"><span class=\"w-text-h\"><span class=\"w-text-value\">Equipo<\/span><\/span><\/h1><div class=\"w-separator size_custom\" style=\"height:50px\" id=\"h709\"><style>@media(max-width:1024px){ #h709{height:100px!important}}@media(max-width:600px){ #h709{height:100px!important}}<\/style><\/div><\/div><\/div><div class=\"wpb_column vc_column_container us_custom_ef2df852\"><div class=\"vc_column-inner\"><\/div><\/div><\/div><\/div><\/section><section class=\"l-section wpb_row height_small\"><div class=\"l-section-h i-cf\"><div class=\"g-cols vc_row via_grid cols_1 laptops-cols_inherit tablets-cols_inherit mobiles-cols_1 valign_top type_default stacking_default\"><div class=\"wpb_column vc_column_container\"><div class=\"vc_column-inner\"><div class=\"w-separator size_custom\" style=\"height:50px\" id=\"p22c\"><style>@media(max-width:1024px){ #p22c{height:100px!important}}@media(max-width:600px){ #p22c{height:100px!important}}<\/style><\/div><div class=\"g-cols wpb_row via_grid cols_2 laptops-cols_inherit tablets-cols_inherit mobiles-cols_1 valign_top type_default stacking_default\" style=\"--gap:3rem;\"><div class=\"wpb_column vc_column_container\"><div class=\"vc_column-inner\"><div class=\"w-image us_custom_7e20fa79 us_animate_this align_center\"><div class=\"w-image-h\"><img decoding=\"async\" width=\"960\" height=\"720\" src=\"https:\/\/fidepartners.com\/wp-content\/uploads\/2025\/05\/Jose-Miguel-Pena-Senior-Consultant.jpg\" class=\"attachment-full size-full\" alt=\"\" loading=\"lazy\" srcset=\"https:\/\/fidepartners.com\/wp-content\/uploads\/2025\/05\/Jose-Miguel-Pena-Senior-Consultant.jpg 960w, https:\/\/fidepartners.com\/wp-content\/uploads\/2025\/05\/Jose-Miguel-Pena-Senior-Consultant-300x225.jpg 300w\" sizes=\"auto, (max-width: 960px) 100vw, 960px\" \/><\/div><\/div><\/div><\/div><div class=\"wpb_column vc_column_container\"><div class=\"vc_column-inner\"><div class=\"wpb_text_column\"><div class=\"wpb_wrapper\"><h2>Jose Miguel Pe\u00f1a<\/h2>\n<p>Jose Miguel cuenta con m\u00e1s de cinco a\u00f1os de experiencia en los que ha participado en m\u00e1s de treinta proyectos, incluyendo proyectos en regulaci\u00f3n y M&amp;A. Tiene experiencia en estudios de mercado, an\u00e1lisis de planes de negocio y estrategias comerciales asesorando a operadores de telecomunicaciones e inversores en Am\u00e9rica y Europa. Su experiencia incluye transacciones relacionadas con centros de datos, redes mayoristas y minoristas de fibra, operadores de telefon\u00eda m\u00f3vil y proveedores de software y hardware.  <\/p>\n<p>Jos\u00e9 Miguel se uni\u00f3 a Fide Partners en 2018 y es profesional en ingenier\u00eda industrial y administraci\u00f3n de empresas.<\/p>\n<\/div><\/div><\/div><\/div><\/div><div class=\"w-separator size_huge\"><\/div><\/div><\/div><\/div><\/div><\/section>\n","protected":false},"excerpt":{"rendered":"EquipoJose Miguel Pe\u00f1a Jose Miguel cuenta con m\u00e1s de cinco a\u00f1os de experiencia en los que ha participado en m\u00e1s de treinta proyectos, incluyendo proyectos en regulaci\u00f3n y M&amp;A. Tiene experiencia en estudios de mercado, an\u00e1lisis de planes de negocio y estrategias comerciales asesorando a operadores de telecomunicaciones e inversores en Am\u00e9rica y Europa. Su...","protected":false},"author":1,"featured_media":0,"parent":0,"menu_order":0,"comment_status":"closed","ping_status":"closed","template":"","meta":{"inline_featured_image":false,"footnotes":""},"class_list":["post-4134","page","type-page","status-publish","hentry"],"yoast_head":"<!-- This site is optimized with the Yoast SEO plugin v23.9 - https:\/\/yoast.com\/wordpress\/plugins\/seo\/ -->\n<title>Jose Miguel Pe\u00f1a - Firma de consultor\u00eda estrat\u00e9gica y de gesti\u00f3n\u00a0<\/title>\n<meta name=\"robots\" content=\"index, follow, max-snippet:-1, max-image-preview:large, max-video-preview:-1\" \/>\n<link rel=\"canonical\" href=\"https:\/\/fidepartners.com\/es\/jose-miguel-pena-2\/\" \/>\n<meta property=\"og:locale\" content=\"es_ES\" \/>\n<meta property=\"og:type\" content=\"article\" \/>\n<meta property=\"og:title\" content=\"Jose Miguel Pe\u00f1a - Firma de consultor\u00eda estrat\u00e9gica y de gesti\u00f3n\u00a0\" \/>\n<meta property=\"og:url\" content=\"https:\/\/fidepartners.com\/es\/jose-miguel-pena-2\/\" \/>\n<meta property=\"og:site_name\" content=\"Firma de consultor\u00eda estrat\u00e9gica y de gesti\u00f3n\u00a0\" \/>\n<meta property=\"article:modified_time\" content=\"2025-05-08T21:22:23+00:00\" \/>\n<meta name=\"twitter:card\" content=\"summary_large_image\" \/>\n<meta name=\"twitter:label1\" content=\"Tiempo de lectura\" \/>\n\t<meta name=\"twitter:data1\" content=\"1 minuto\" \/>\n<script type=\"application\/ld+json\" class=\"yoast-schema-graph\">{\"@context\":\"https:\/\/schema.org\",\"@graph\":[{\"@type\":\"WebPage\",\"@id\":\"https:\/\/fidepartners.com\/es\/jose-miguel-pena-2\/\",\"url\":\"https:\/\/fidepartners.com\/es\/jose-miguel-pena-2\/\",\"name\":\"Jose Miguel Pe\u00f1a - Firma de consultor\u00eda estrat\u00e9gica y de gesti\u00f3n\u00a0\",\"isPartOf\":{\"@id\":\"https:\/\/fidepartners.com\/es\/#website\"},\"datePublished\":\"2025-05-08T21:19:09+00:00\",\"dateModified\":\"2025-05-08T21:22:23+00:00\",\"breadcrumb\":{\"@id\":\"https:\/\/fidepartners.com\/es\/jose-miguel-pena-2\/#breadcrumb\"},\"inLanguage\":\"es\",\"potentialAction\":[{\"@type\":\"ReadAction\",\"target\":[\"https:\/\/fidepartners.com\/es\/jose-miguel-pena-2\/\"]}]},{\"@type\":\"BreadcrumbList\",\"@id\":\"https:\/\/fidepartners.com\/es\/jose-miguel-pena-2\/#breadcrumb\",\"itemListElement\":[{\"@type\":\"ListItem\",\"position\":1,\"name\":\"Portada\",\"item\":\"https:\/\/fidepartners.com\/es\/\"},{\"@type\":\"ListItem\",\"position\":2,\"name\":\"Jose Miguel Pe\u00f1a\"}]},{\"@type\":\"WebSite\",\"@id\":\"https:\/\/fidepartners.com\/es\/#website\",\"url\":\"https:\/\/fidepartners.com\/es\/\",\"name\":\"Firma de consultor\u00eda estrat\u00e9gica y de gesti\u00f3n\u00a0\",\"description\":\"Aportamos y comprometemos nuestra s\u00f3lida experiencia para apoyar a todos los actores de la cadena de valor de las TMT y del ecosistema digital\",\"potentialAction\":[{\"@type\":\"SearchAction\",\"target\":{\"@type\":\"EntryPoint\",\"urlTemplate\":\"https:\/\/fidepartners.com\/es\/?s={search_term_string}\"},\"query-input\":{\"@type\":\"PropertyValueSpecification\",\"valueRequired\":true,\"valueName\":\"search_term_string\"}}],\"inLanguage\":\"es\"}]}<\/script>\n<!-- \/ Yoast SEO plugin. -->","yoast_head_json":{"title":"Jose Miguel Pe\u00f1a - Firma de consultor\u00eda estrat\u00e9gica y de gesti\u00f3n\u00a0","robots":{"index":"index","follow":"follow","max-snippet":"max-snippet:-1","max-image-preview":"max-image-preview:large","max-video-preview":"max-video-preview:-1"},"canonical":"https:\/\/fidepartners.com\/es\/jose-miguel-pena-2\/","og_locale":"es_ES","og_type":"article","og_title":"Jose Miguel Pe\u00f1a - Firma de consultor\u00eda estrat\u00e9gica y de gesti\u00f3n\u00a0","og_url":"https:\/\/fidepartners.com\/es\/jose-miguel-pena-2\/","og_site_name":"Firma de consultor\u00eda estrat\u00e9gica y de gesti\u00f3n\u00a0","article_modified_time":"2025-05-08T21:22:23+00:00","twitter_card":"summary_large_image","twitter_misc":{"Tiempo de lectura":"1 minuto"},"schema":{"@context":"https:\/\/schema.org","@graph":[{"@type":"WebPage","@id":"https:\/\/fidepartners.com\/es\/jose-miguel-pena-2\/","url":"https:\/\/fidepartners.com\/es\/jose-miguel-pena-2\/","name":"Jose Miguel Pe\u00f1a - Firma de consultor\u00eda estrat\u00e9gica y de gesti\u00f3n\u00a0","isPartOf":{"@id":"https:\/\/fidepartners.com\/es\/#website"},"datePublished":"2025-05-08T21:19:09+00:00","dateModified":"2025-05-08T21:22:23+00:00","breadcrumb":{"@id":"https:\/\/fidepartners.com\/es\/jose-miguel-pena-2\/#breadcrumb"},"inLanguage":"es","potentialAction":[{"@type":"ReadAction","target":["https:\/\/fidepartners.com\/es\/jose-miguel-pena-2\/"]}]},{"@type":"BreadcrumbList","@id":"https:\/\/fidepartners.com\/es\/jose-miguel-pena-2\/#breadcrumb","itemListElement":[{"@type":"ListItem","position":1,"name":"Portada","item":"https:\/\/fidepartners.com\/es\/"},{"@type":"ListItem","position":2,"name":"Jose Miguel Pe\u00f1a"}]},{"@type":"WebSite","@id":"https:\/\/fidepartners.com\/es\/#website","url":"https:\/\/fidepartners.com\/es\/","name":"Firma de consultor\u00eda estrat\u00e9gica y de gesti\u00f3n\u00a0","description":"Aportamos y comprometemos nuestra s\u00f3lida experiencia para apoyar a todos los actores de la cadena de valor de las TMT y del ecosistema digital","potentialAction":[{"@type":"SearchAction","target":{"@type":"EntryPoint","urlTemplate":"https:\/\/fidepartners.com\/es\/?s={search_term_string}"},"query-input":{"@type":"PropertyValueSpecification","valueRequired":true,"valueName":"search_term_string"}}],"inLanguage":"es"}]}},"_links":{"self":[{"href":"https:\/\/fidepartners.com\/es\/wp-json\/wp\/v2\/pages\/4134","targetHints":{"allow":["GET"]}}],"collection":[{"href":"https:\/\/fidepartners.com\/es\/wp-json\/wp\/v2\/pages"}],"about":[{"href":"https:\/\/fidepartners.com\/es\/wp-json\/wp\/v2\/types\/page"}],"author":[{"embeddable":true,"href":"https:\/\/fidepartners.com\/es\/wp-json\/wp\/v2\/users\/1"}],"replies":[{"embeddable":true,"href":"https:\/\/fidepartners.com\/es\/wp-json\/wp\/v2\/comments?post=4134"}],"version-history":[{"count":4,"href":"https:\/\/fidepartners.com\/es\/wp-json\/wp\/v2\/pages\/4134\/revisions"}],"predecessor-version":[{"id":4138,"href":"https:\/\/fidepartners.com\/es\/wp-json\/wp\/v2\/pages\/4134\/revisions\/4138"}],"wp:attachment":[{"href":"https:\/\/fidepartners.com\/es\/wp-json\/wp\/v2\/media?parent=4134"}],"curies":[{"name":"wp","href":"https:\/\/api.w.org\/{rel}","templated":true}]}}