{"id":692,"date":"2022-09-22T07:32:10","date_gmt":"2022-09-22T07:32:10","guid":{"rendered":"https:\/\/fidepartners.com\/expertise-areas\/"},"modified":"2023-08-01T08:58:10","modified_gmt":"2023-08-01T08:58:10","slug":"areas-experiencia","status":"publish","type":"page","link":"https:\/\/fidepartners.com\/es\/areas-experiencia\/","title":{"rendered":"\u00c1reas de experiencia"},"content":{"rendered":"<section class=\"l-section wpb_row us_custom_38d68270 height_auto\"><div class=\"l-section-h i-cf\"><div class=\"g-cols vc_row via_grid cols_3-2 laptops-cols_inherit tablets-cols_1 mobiles-cols_1 valign_middle type_default stacking_default\" style=\"--gap:calc(3rem + 1rem);\"><div class=\"wpb_column vc_column_container us_custom_d5301246\"><div class=\"vc_column-inner\"><h1 class=\"w-text\"><span class=\"w-text-h\"><span class=\"w-text-value\"><strong>Experiencia<\/strong><\/span><\/span><\/h1><div class=\"wpb_text_column\"><div class=\"wpb_wrapper\"><ul>\n<li>Nuestros proyectos incluyen <strong>desarrollo de planes estrat\u00e9gicos, planificaci\u00f3n empresarial, apoyo en transacciones de fusiones y adquisiciones, debida diligencia comercial y t\u00e9cnica, asesoramiento normativo, mejoras operativas, estrategia GTM (go-to-market), implementaci\u00f3n y asignaciones de transformaci\u00f3n digital<\/strong><\/li>\n<\/ul>\n<\/div><\/div><\/div><\/div><div class=\"wpb_column vc_column_container us_custom_ef2df852\"><div class=\"vc_column-inner\"><div class=\"w-image us_custom_60e9caca us_animate_this align_center\"><div class=\"w-image-h\"><img decoding=\"async\" width=\"500\" height=\"500\" src=\"https:\/\/fidepartners.com\/wp-content\/uploads\/2022\/09\/especialista.jpg\" class=\"attachment-full size-full\" alt=\"especialista\" loading=\"lazy\" srcset=\"https:\/\/fidepartners.com\/wp-content\/uploads\/2022\/09\/especialista.jpg 500w, https:\/\/fidepartners.com\/wp-content\/uploads\/2022\/09\/especialista-300x300.jpg 300w, https:\/\/fidepartners.com\/wp-content\/uploads\/2022\/09\/especialista-150x150.jpg 150w\" sizes=\"auto, (max-width: 500px) 100vw, 500px\" \/><\/div><\/div><\/div><\/div><\/div><\/div><\/section><section class=\"l-section wpb_row height_small\"><div class=\"l-section-h i-cf\"><div class=\"g-cols vc_row via_grid cols_1 laptops-cols_inherit tablets-cols_inherit mobiles-cols_1 valign_top type_default stacking_default\"><div class=\"wpb_column vc_column_container\"><div class=\"vc_column-inner\"><div class=\"w-separator size_custom\" style=\"height:50px\" id=\"a266\"><style>@media(max-width:1024px){ #a266{height:100px!important}}@media(max-width:600px){ #a266{height:100px!important}}<\/style><\/div><div class=\"wpb_text_column\"><div class=\"wpb_wrapper\"><h2>Nuestra aproximaci\u00f3n integral hacia las necesidades de nuestros clientes nos permite pensar y actuar de manera m\u00e1s \u00e1gil y din\u00e1mica<\/h2>\n<\/div><\/div><div class=\"w-separator size_custom with_line width_30 thick_1 style_solid color_border align_center\" style=\"height:30px\"><div class=\"w-separator-h\"><\/div><\/div><div class=\"wpb_text_column\"><div class=\"wpb_wrapper\"><p>Aportamos nuestra experiencia mundial en servicios de consultor\u00eda TMT con una metodolog\u00eda innovadora adaptada a las nuevas realidades y contextos.<\/p>\n<\/div><\/div><div class=\"w-grid us_custom_22c317d7 type_grid layout_418 cols_5 ratio_1x1\" id=\"us_grid_1\" style=\"--gap:1px;\" data-filterable=\"true\"><style>@media (max-width:1280px){#us_grid_1 .w-grid-item{width:33.3333%}#us_grid_1 .w-grid-item.size_2x1,#us_grid_1 .w-grid-item.size_2x2{width:66.6667%}}@media (max-width:980px){#us_grid_1 .w-grid-item{width:50%}#us_grid_1 .w-grid-item.size_2x1,#us_grid_1 .w-grid-item.size_2x2{width:100%}}@media (max-width:585px){#us_grid_1 .w-grid-list{margin:0}#us_grid_1 .w-grid-item{width:100%;padding:0;margin-bottom:var(--gap,0px)}}.layout_418 .w-grid-item-h:before{padding-bottom:100%}@media (min-width:586px){.layout_418 .w-grid-item.size_1x2 .w-grid-item-h:before{padding-bottom:calc(200% + var(--gap,0px) * 2)}.layout_418 .w-grid-item.size_2x1 .w-grid-item-h:before{padding-bottom:calc(50% - var(--gap,0px) * 1)}.layout_418 .w-grid-item.size_2x2 .w-grid-item-h:before{padding-bottom:calc(100% - var(--gap,0px) * 0)}}.layout_418 .w-grid-item-h{}.layout_418 .usg_post_image_1{transition-duration:0.8s;transform-origin:100% 100%;transform:scale(1) translate(0%,0%)}.layout_418 .w-grid-item-h:hover .usg_post_image_1{transform:scale(1.3) translate(0%,0%);opacity:0.1;color:#074372!important}.layout_418 .usg_vwrapper_1{transition-duration:0.3s;transform-origin:50% 50%;transform:scale(1) translate(0%,0%)}.layout_418 .w-grid-item-h:hover .usg_vwrapper_1{transform:scale(1) translate(0%,0%);opacity:1}.layout_418 .usg_post_title_1{transition-duration:0.4s;transform-origin:0% 0%;transform:scale(0.5) translate(0%,0%)}.layout_418 .w-grid-item-h:hover .usg_post_title_1{transform:scale(1) translate(0%,0%);opacity:1;color:#074372!important}.layout_418 .usg_post_content_1{transition-duration:0.3s;transform-origin:50% 50%;transform:scale(1) translate(0%,0%)}.layout_418 .w-grid-item-h:hover .usg_post_content_1{transform:scale(1) translate(0%,0%);opacity:1;color:#333333!important}.layout_418 .usg_post_image_1{position:absolute!important;left:0!important;top:0!important;bottom:0!important;right:0!important}.layout_418 .usg_vwrapper_1{position:absolute!important;left:0!important;top:0!important;bottom:0!important;right:0!important;padding:10%!important;background:rgba(0,0,0,0.20)!important}.layout_418 .usg_post_title_1{color:#ffffff!important;font-size:2rem!important;font-weight:700!important;margin-bottom:1rem!important}.layout_418 .usg_post_content_1{color:#ffffff!important;font-weight:300!important}<\/style><div class=\"w-grid-list\">\t<article class=\"w-grid-item size_1x1 post-1818 us_portfolio type-us_portfolio status-publish has-post-thumbnail hentry us_portfolio_category-expertise-areas-es\" data-id=\"1818\">\r\n\t\t<div class=\"w-grid-item-h\">\r\n\t\t\t\t\t\t\t<a href=\"https:\/\/fidepartners.com\/es\/portfolio\/estrategia\/\" class=\"w-grid-item-anchor\" aria-label=\"&lt;span style=&quot;color: #C01E2E;&quot;&gt;\u2014&lt;\/span&gt;&lt;br&gt;Estrategia\"><\/a>\r\n\t\t\t\t\t\t<div class=\"w-post-elm post_image usg_post_image_1 stretched\"><img decoding=\"async\" width=\"600\" height=\"400\" src=\"https:\/\/fidepartners.com\/wp-content\/uploads\/2022\/09\/estrategia-fide.png\" class=\"attachment-large size-large wp-post-image\" alt=\"estrategia fide\" srcset=\"https:\/\/fidepartners.com\/wp-content\/uploads\/2022\/09\/estrategia-fide.png 600w, https:\/\/fidepartners.com\/wp-content\/uploads\/2022\/09\/estrategia-fide-300x200.png 300w\" sizes=\"(max-width: 600px) 100vw, 600px\" \/><\/div><div class=\"w-vwrapper usg_vwrapper_1 align_none valign_top\"><h3 class=\"w-post-elm post_title usg_post_title_1 has_text_color entry-title color_link_inherit\"><span style=\"color: #C01E2E;\">\u2014<\/span><br>Estrategia<\/h3><\/div>\t\t<\/div>\r\n\t\t\t<\/article>\r\n\t<article class=\"w-grid-item size_1x1 post-1833 us_portfolio type-us_portfolio status-publish has-post-thumbnail hentry us_portfolio_category-expertise-areas-es\" data-id=\"1833\">\r\n\t\t<div class=\"w-grid-item-h\">\r\n\t\t\t\t\t\t\t<a href=\"https:\/\/fidepartners.com\/es\/portfolio\/transformacion\/\" class=\"w-grid-item-anchor\" aria-label=\"&lt;span style=&quot;color: #C01E2E;&quot;&gt;\u2014&lt;\/span&gt;&lt;br&gt;Transformaci\u00f3n\"><\/a>\r\n\t\t\t\t\t\t<div class=\"w-post-elm post_image usg_post_image_1 stretched\"><img decoding=\"async\" width=\"600\" height=\"400\" src=\"https:\/\/fidepartners.com\/wp-content\/uploads\/2022\/09\/fideparners_transformacion-2.jpg\" class=\"attachment-large size-large wp-post-image\" alt=\"fideparners transformacion 2\" srcset=\"https:\/\/fidepartners.com\/wp-content\/uploads\/2022\/09\/fideparners_transformacion-2.jpg 600w, https:\/\/fidepartners.com\/wp-content\/uploads\/2022\/09\/fideparners_transformacion-2-300x200.jpg 300w\" sizes=\"(max-width: 600px) 100vw, 600px\" \/><\/div><div class=\"w-vwrapper usg_vwrapper_1 align_none valign_top\"><h3 class=\"w-post-elm post_title usg_post_title_1 has_text_color entry-title color_link_inherit\"><span style=\"color: #C01E2E;\">\u2014<\/span><br>Transformaci\u00f3n<\/h3><\/div>\t\t<\/div>\r\n\t\t\t<\/article>\r\n\t<article class=\"w-grid-item size_1x1 post-1848 us_portfolio type-us_portfolio status-publish has-post-thumbnail hentry us_portfolio_category-expertise-areas-es\" data-id=\"1848\">\r\n\t\t<div class=\"w-grid-item-h\">\r\n\t\t\t\t\t\t\t<a href=\"https:\/\/fidepartners.com\/es\/portfolio\/due-diligence-apoyo-transacciones\/\" class=\"w-grid-item-anchor\" aria-label=\"&lt;span style=&quot;color: #C01E2E;&quot;&gt;\u2014&lt;\/span&gt;&lt;br&gt;Debida diligencia y apoyo a las transacciones\"><\/a>\r\n\t\t\t\t\t\t<div class=\"w-post-elm post_image usg_post_image_1 stretched\"><img decoding=\"async\" width=\"600\" height=\"400\" src=\"https:\/\/fidepartners.com\/wp-content\/uploads\/2022\/10\/fideparners_Due-diligence-and-transaction-support-1.jpg\" class=\"attachment-large size-large wp-post-image\" alt=\"fideparners Due diligence and transaction support 1\" srcset=\"https:\/\/fidepartners.com\/wp-content\/uploads\/2022\/10\/fideparners_Due-diligence-and-transaction-support-1.jpg 600w, https:\/\/fidepartners.com\/wp-content\/uploads\/2022\/10\/fideparners_Due-diligence-and-transaction-support-1-300x200.jpg 300w\" sizes=\"(max-width: 600px) 100vw, 600px\" \/><\/div><div class=\"w-vwrapper usg_vwrapper_1 align_none valign_top\"><h3 class=\"w-post-elm post_title usg_post_title_1 has_text_color entry-title color_link_inherit\"><span style=\"color: #C01E2E;\">\u2014<\/span><br>Debida diligencia y apoyo a las transacciones<\/h3><\/div>\t\t<\/div>\r\n\t\t\t<\/article>\r\n\t<article class=\"w-grid-item size_1x1 post-1869 us_portfolio type-us_portfolio status-publish has-post-thumbnail hentry us_portfolio_category-expertise-areas-es\" data-id=\"1869\">\r\n\t\t<div class=\"w-grid-item-h\">\r\n\t\t\t\t\t\t\t<a href=\"https:\/\/fidepartners.com\/es\/portfolio\/politica-sector-publico-asistencia-normativa\/\" class=\"w-grid-item-anchor\" aria-label=\"&lt;span style=&quot;color: #C01E2E;&quot;&gt;\u2014&lt;\/span&gt;&lt;br&gt;Pol\u00edtica del sector p\u00fablico y asistencia normativa\"><\/a>\r\n\t\t\t\t\t\t<div class=\"w-post-elm post_image usg_post_image_1 stretched\"><img decoding=\"async\" width=\"600\" height=\"400\" src=\"https:\/\/fidepartners.com\/wp-content\/uploads\/2022\/10\/fideparners_publicsector.jpg\" class=\"attachment-large size-large wp-post-image\" alt=\"fideparners publicsector\" srcset=\"https:\/\/fidepartners.com\/wp-content\/uploads\/2022\/10\/fideparners_publicsector.jpg 600w, https:\/\/fidepartners.com\/wp-content\/uploads\/2022\/10\/fideparners_publicsector-300x200.jpg 300w\" sizes=\"(max-width: 600px) 100vw, 600px\" \/><\/div><div class=\"w-vwrapper usg_vwrapper_1 align_none valign_top\"><h3 class=\"w-post-elm post_title usg_post_title_1 has_text_color entry-title color_link_inherit\"><span style=\"color: #C01E2E;\">\u2014<\/span><br>Pol\u00edtica del sector p\u00fablico y asistencia normativa<\/h3><\/div>\t\t<\/div>\r\n\t\t\t<\/article>\r\n\t<article class=\"w-grid-item size_1x1 post-1911 us_portfolio type-us_portfolio status-publish has-post-thumbnail hentry us_portfolio_category-expertise-areas-es\" data-id=\"1911\">\r\n\t\t<div class=\"w-grid-item-h\">\r\n\t\t\t\t\t\t\t<a href=\"https:\/\/fidepartners.com\/es\/portfolio\/peritaje-asistencia-legal\/\" class=\"w-grid-item-anchor\" aria-label=\"&lt;span style=&quot;color: #C01E2E;&quot;&gt;\u2014&lt;\/span&gt;&lt;br&gt;Peritaje y asistencia legal\"><\/a>\r\n\t\t\t\t\t\t<div class=\"w-post-elm post_image usg_post_image_1 stretched\"><img decoding=\"async\" width=\"500\" height=\"500\" src=\"https:\/\/fidepartners.com\/wp-content\/uploads\/2022\/10\/Expert-witness-and-legal-support-1-1.jpg\" class=\"attachment-large size-large wp-post-image\" alt=\"Expert witness and legal support 1 1\" srcset=\"https:\/\/fidepartners.com\/wp-content\/uploads\/2022\/10\/Expert-witness-and-legal-support-1-1.jpg 500w, https:\/\/fidepartners.com\/wp-content\/uploads\/2022\/10\/Expert-witness-and-legal-support-1-1-300x300.jpg 300w, https:\/\/fidepartners.com\/wp-content\/uploads\/2022\/10\/Expert-witness-and-legal-support-1-1-150x150.jpg 150w\" sizes=\"(max-width: 500px) 100vw, 500px\" \/><\/div><div class=\"w-vwrapper usg_vwrapper_1 align_none valign_top\"><h3 class=\"w-post-elm post_title usg_post_title_1 has_text_color entry-title color_link_inherit\"><span style=\"color: #C01E2E;\">\u2014<\/span><br>Peritaje y asistencia legal<\/h3><\/div>\t\t<\/div>\r\n\t\t\t<\/article>\r\n<\/div><div class=\"w-grid-preloader\">\t<div class=\"g-preloader type_1\">\r\n\t\t<div><\/div>\r\n\t<\/div>\r\n\t<\/div>\t<div class=\"w-grid-json hidden\" onclick='return {&quot;action&quot;:&quot;us_ajax_grid&quot;,&quot;infinite_scroll&quot;:0,&quot;max_num_pages&quot;:1,&quot;pagination&quot;:&quot;none&quot;,&quot;template_vars&quot;:{&quot;columns&quot;:&quot;5&quot;,&quot;exclude_items&quot;:&quot;none&quot;,&quot;img_size&quot;:&quot;default&quot;,&quot;ignore_items_size&quot;:0,&quot;items_layout&quot;:&quot;418&quot;,&quot;items_offset&quot;:&quot;1&quot;,&quot;load_animation&quot;:&quot;none&quot;,&quot;overriding_link&quot;:&quot;%7B%22type%22%3A%22post%22%7D&quot;,&quot;post_id&quot;:0,&quot;query_args&quot;:{&quot;post_type&quot;:[&quot;us_portfolio&quot;],&quot;tax_query&quot;:[{&quot;taxonomy&quot;:&quot;us_portfolio_category&quot;,&quot;field&quot;:&quot;slug&quot;,&quot;terms&quot;:[&quot;expertise-areas&quot;]}],&quot;post_status&quot;:[&quot;publish&quot;],&quot;posts_per_page&quot;:&quot;5&quot;},&quot;orderby_query_args&quot;:{&quot;orderby&quot;:{&quot;date&quot;:&quot;ASC&quot;}},&quot;type&quot;:&quot;grid&quot;,&quot;us_grid_post_type&quot;:&quot;us_portfolio&quot;,&quot;us_grid_ajax_index&quot;:1,&quot;us_grid_filter_query_string&quot;:null,&quot;us_grid_index&quot;:1,&quot;page_args&quot;:[],&quot;lang&quot;:&quot;es&quot;}}'><\/div>\r\n\t<\/div><div class=\"w-separator size_huge\"><\/div><\/div><\/div><\/div><\/div><\/section>\n","protected":false},"excerpt":{"rendered":"Peritaje y asistencia legal Hemos apoyado a entidades p\u00fablicas y privadas en disputas comerciales y regulatorias, procedimientos legales y arbitrajes internacionales (por ejemplo, valoraciones de da\u00f1os, asistencia a peritos y valoraci\u00f3n de activos). Trabajamos estrechamente con autoridades regulatorias y sus representantes para ofrecer apoyo legal experto y a\u00f1adir valor a sus argumentos. Nuestros consultores aprovechan...","protected":false},"author":1,"featured_media":0,"parent":0,"menu_order":0,"comment_status":"closed","ping_status":"closed","template":"","meta":{"inline_featured_image":false,"footnotes":""},"class_list":["post-692","page","type-page","status-publish","hentry"],"yoast_head":"<!-- This site is optimized with the Yoast SEO plugin v23.9 - https:\/\/yoast.com\/wordpress\/plugins\/seo\/ -->\n<title>\u00c1reas de Experiencia | Fide Partners<\/title>\n<meta name=\"description\" content=\"Somos el mejor asesor de TMT que aporta su experiencia global para marcar una diferencia duradera para nuestros clientes.\" \/>\n<meta name=\"robots\" content=\"index, follow, max-snippet:-1, max-image-preview:large, max-video-preview:-1\" \/>\n<link rel=\"canonical\" href=\"https:\/\/fidepartners.com\/es\/areas-experiencia\/\" \/>\n<meta property=\"og:locale\" content=\"es_ES\" \/>\n<meta property=\"og:type\" content=\"article\" \/>\n<meta property=\"og:title\" content=\"\u00c1reas de Experiencia | Fide Partners\" \/>\n<meta property=\"og:description\" content=\"Somos el mejor asesor de TMT que aporta su experiencia global para marcar una diferencia duradera para nuestros clientes.\" \/>\n<meta property=\"og:url\" content=\"https:\/\/fidepartners.com\/es\/areas-experiencia\/\" \/>\n<meta property=\"og:site_name\" content=\"Firma de consultor\u00eda estrat\u00e9gica y de gesti\u00f3n\u00a0\" \/>\n<meta property=\"article:modified_time\" content=\"2023-08-01T08:58:10+00:00\" \/>\n<meta name=\"twitter:card\" content=\"summary_large_image\" \/>\n<meta name=\"twitter:label1\" content=\"Tiempo de lectura\" \/>\n\t<meta name=\"twitter:data1\" content=\"1 minuto\" \/>\n<script type=\"application\/ld+json\" class=\"yoast-schema-graph\">{\"@context\":\"https:\/\/schema.org\",\"@graph\":[{\"@type\":\"WebPage\",\"@id\":\"https:\/\/fidepartners.com\/es\/areas-experiencia\/\",\"url\":\"https:\/\/fidepartners.com\/es\/areas-experiencia\/\",\"name\":\"\u00c1reas de Experiencia | Fide Partners\",\"isPartOf\":{\"@id\":\"https:\/\/fidepartners.com\/es\/#website\"},\"datePublished\":\"2022-09-22T07:32:10+00:00\",\"dateModified\":\"2023-08-01T08:58:10+00:00\",\"description\":\"Somos el mejor asesor de TMT que aporta su experiencia global para marcar una diferencia duradera para nuestros clientes.\",\"breadcrumb\":{\"@id\":\"https:\/\/fidepartners.com\/es\/areas-experiencia\/#breadcrumb\"},\"inLanguage\":\"es\",\"potentialAction\":[{\"@type\":\"ReadAction\",\"target\":[\"https:\/\/fidepartners.com\/es\/areas-experiencia\/\"]}]},{\"@type\":\"BreadcrumbList\",\"@id\":\"https:\/\/fidepartners.com\/es\/areas-experiencia\/#breadcrumb\",\"itemListElement\":[{\"@type\":\"ListItem\",\"position\":1,\"name\":\"Portada\",\"item\":\"https:\/\/fidepartners.com\/es\/\"},{\"@type\":\"ListItem\",\"position\":2,\"name\":\"\u00c1reas de experiencia\"}]},{\"@type\":\"WebSite\",\"@id\":\"https:\/\/fidepartners.com\/es\/#website\",\"url\":\"https:\/\/fidepartners.com\/es\/\",\"name\":\"Firma de consultor\u00eda estrat\u00e9gica y de gesti\u00f3n\u00a0\",\"description\":\"Aportamos y comprometemos nuestra s\u00f3lida experiencia para apoyar a todos los actores de la cadena de valor de las TMT y del ecosistema digital\",\"potentialAction\":[{\"@type\":\"SearchAction\",\"target\":{\"@type\":\"EntryPoint\",\"urlTemplate\":\"https:\/\/fidepartners.com\/es\/?s={search_term_string}\"},\"query-input\":{\"@type\":\"PropertyValueSpecification\",\"valueRequired\":true,\"valueName\":\"search_term_string\"}}],\"inLanguage\":\"es\"}]}<\/script>\n<!-- \/ Yoast SEO plugin. -->","yoast_head_json":{"title":"\u00c1reas de Experiencia | Fide Partners","description":"Somos el mejor asesor de TMT que aporta su experiencia global para marcar una diferencia duradera para nuestros clientes.","robots":{"index":"index","follow":"follow","max-snippet":"max-snippet:-1","max-image-preview":"max-image-preview:large","max-video-preview":"max-video-preview:-1"},"canonical":"https:\/\/fidepartners.com\/es\/areas-experiencia\/","og_locale":"es_ES","og_type":"article","og_title":"\u00c1reas de Experiencia | Fide Partners","og_description":"Somos el mejor asesor de TMT que aporta su experiencia global para marcar una diferencia duradera para nuestros clientes.","og_url":"https:\/\/fidepartners.com\/es\/areas-experiencia\/","og_site_name":"Firma de consultor\u00eda estrat\u00e9gica y de gesti\u00f3n\u00a0","article_modified_time":"2023-08-01T08:58:10+00:00","twitter_card":"summary_large_image","twitter_misc":{"Tiempo de lectura":"1 minuto"},"schema":{"@context":"https:\/\/schema.org","@graph":[{"@type":"WebPage","@id":"https:\/\/fidepartners.com\/es\/areas-experiencia\/","url":"https:\/\/fidepartners.com\/es\/areas-experiencia\/","name":"\u00c1reas de Experiencia | Fide Partners","isPartOf":{"@id":"https:\/\/fidepartners.com\/es\/#website"},"datePublished":"2022-09-22T07:32:10+00:00","dateModified":"2023-08-01T08:58:10+00:00","description":"Somos el mejor asesor de TMT que aporta su experiencia global para marcar una diferencia duradera para nuestros clientes.","breadcrumb":{"@id":"https:\/\/fidepartners.com\/es\/areas-experiencia\/#breadcrumb"},"inLanguage":"es","potentialAction":[{"@type":"ReadAction","target":["https:\/\/fidepartners.com\/es\/areas-experiencia\/"]}]},{"@type":"BreadcrumbList","@id":"https:\/\/fidepartners.com\/es\/areas-experiencia\/#breadcrumb","itemListElement":[{"@type":"ListItem","position":1,"name":"Portada","item":"https:\/\/fidepartners.com\/es\/"},{"@type":"ListItem","position":2,"name":"\u00c1reas de experiencia"}]},{"@type":"WebSite","@id":"https:\/\/fidepartners.com\/es\/#website","url":"https:\/\/fidepartners.com\/es\/","name":"Firma de consultor\u00eda estrat\u00e9gica y de gesti\u00f3n\u00a0","description":"Aportamos y comprometemos nuestra s\u00f3lida experiencia para apoyar a todos los actores de la cadena de valor de las TMT y del ecosistema digital","potentialAction":[{"@type":"SearchAction","target":{"@type":"EntryPoint","urlTemplate":"https:\/\/fidepartners.com\/es\/?s={search_term_string}"},"query-input":{"@type":"PropertyValueSpecification","valueRequired":true,"valueName":"search_term_string"}}],"inLanguage":"es"}]}},"_links":{"self":[{"href":"https:\/\/fidepartners.com\/es\/wp-json\/wp\/v2\/pages\/692","targetHints":{"allow":["GET"]}}],"collection":[{"href":"https:\/\/fidepartners.com\/es\/wp-json\/wp\/v2\/pages"}],"about":[{"href":"https:\/\/fidepartners.com\/es\/wp-json\/wp\/v2\/types\/page"}],"author":[{"embeddable":true,"href":"https:\/\/fidepartners.com\/es\/wp-json\/wp\/v2\/users\/1"}],"replies":[{"embeddable":true,"href":"https:\/\/fidepartners.com\/es\/wp-json\/wp\/v2\/comments?post=692"}],"version-history":[{"count":0,"href":"https:\/\/fidepartners.com\/es\/wp-json\/wp\/v2\/pages\/692\/revisions"}],"wp:attachment":[{"href":"https:\/\/fidepartners.com\/es\/wp-json\/wp\/v2\/media?parent=692"}],"curies":[{"name":"wp","href":"https:\/\/api.w.org\/{rel}","templated":true}]}}