{"id":704,"date":"2022-01-25T08:59:34","date_gmt":"2022-01-25T08:59:34","guid":{"rendered":"https:\/\/fidepartners.com\/mision-vision-y-valores\/"},"modified":"2024-12-14T17:00:00","modified_gmt":"2024-12-14T17:00:00","slug":"mision-vision-valores","status":"publish","type":"page","link":"https:\/\/fidepartners.com\/es\/mision-vision-valores\/","title":{"rendered":"Misi\u00f3n, visi\u00f3n y valores"},"content":{"rendered":"<section class=\"l-section wpb_row us_custom_38d68270 height_auto\"><div class=\"l-section-h i-cf\"><div class=\"g-cols vc_row via_grid cols_3-2 laptops-cols_inherit tablets-cols_1 mobiles-cols_1 valign_middle type_default stacking_default\" style=\"--gap:calc(3rem + 1rem);\"><div class=\"wpb_column vc_column_container\"><div class=\"vc_column-inner\"><h1 class=\"w-text us_custom_0017b709\"><span class=\"w-text-h\"><span class=\"w-text-value\"><strong>Misi\u00f3n, visi\u00f3n y valores<\/strong><\/span><\/span><\/h1><div class=\"wpb_text_column us_custom_96eed327\"><div class=\"wpb_wrapper\"><p>Nos comprometemos a <strong>apoyar a nuestros clientes para que alcancen sus objetivos<\/strong> con los m\u00e1s altos est\u00e1ndares profesionales. Construimos las bases de nuestras relaciones en la <strong>confianza mutua y la excelencia<\/strong> en asesor\u00eda.<\/p>\n<p>La excelencia solo se alcanza a trav\u00e9s de <strong>la pasi\u00f3n y el trabajo riguroso<\/strong>, por eso creemos que <strong>construir equipos fuertes y cohesionados<\/strong> es la clave del \u00e9xito para nuestros consultores, nuestra firma y todos nuestros clientes.<\/p>\n<\/div><\/div><\/div><\/div><div class=\"wpb_column vc_column_container us_custom_ef2df852\"><div class=\"vc_column-inner\"><div class=\"w-image us_custom_60e9caca us_animate_this align_center\"><div class=\"w-image-h\"><img decoding=\"async\" width=\"500\" height=\"500\" src=\"https:\/\/fidepartners.com\/wp-content\/uploads\/2022\/10\/mission-vision-values.jpg\" class=\"attachment-full size-full\" alt=\"mission vision values\" loading=\"lazy\" srcset=\"https:\/\/fidepartners.com\/wp-content\/uploads\/2022\/10\/mission-vision-values.jpg 500w, https:\/\/fidepartners.com\/wp-content\/uploads\/2022\/10\/mission-vision-values-300x300.jpg 300w, https:\/\/fidepartners.com\/wp-content\/uploads\/2022\/10\/mission-vision-values-150x150.jpg 150w\" sizes=\"auto, (max-width: 500px) 100vw, 500px\" \/><\/div><\/div><\/div><\/div><\/div><\/div><\/section><section class=\"l-section wpb_row height_small\"><div class=\"l-section-h i-cf\"><div class=\"g-cols vc_row via_grid cols_1 laptops-cols_inherit tablets-cols_inherit mobiles-cols_1 valign_top type_default stacking_default\"><div class=\"wpb_column vc_column_container\"><div class=\"vc_column-inner\"><div class=\"w-separator size_large\"><\/div><div class=\"w-separator hide_on_default hide_on_laptops size_large\"><\/div><div class=\"g-cols wpb_row us_custom_ea15b364 via_grid cols_2 laptops-cols_inherit tablets-cols_inherit mobiles-cols_1 valign_top type_default\" style=\"--gap:3rem;\"><div class=\"wpb_column vc_column_container us_custom_a833bf3c\"><div class=\"vc_column-inner\"><div class=\"w-iconbox us_custom_432d3f53 iconpos_left style_outlined color_custom align_left\"><div class=\"w-iconbox-icon\" style=\"font-size:2rem;--icon-color:#C01E2E;--icon-bg-color:#C01E2E;\"><i class=\"fal fa-bullseye-arrow\"><\/i><\/div><div class=\"w-iconbox-meta\"><h4 class=\"w-iconbox-title\">Misi\u00f3n<\/h4><div class=\"w-iconbox-text\"><p><strong>Ser un socio de confianza<\/strong> que brinda servicios de asesor\u00eda TMT de clase mundial que impulse <strong>el \u00e9xito de nuestros clientes,<\/strong> al tiempo que creamos un entorno laboral estimulante y gratificante para nuestros empleados<\/p>\n<\/div><\/div><\/div><\/div><\/div><div class=\"wpb_column vc_column_container us_custom_a833bf3c\"><div class=\"vc_column-inner\"><div class=\"w-iconbox us_custom_432d3f53 iconpos_left style_outlined color_custom align_left\"><div class=\"w-iconbox-icon\" style=\"font-size:2rem;--icon-color:#C01E2E;--icon-bg-color:#C01E2E;\"><i class=\"fal fa-eye\"><\/i><\/div><div class=\"w-iconbox-meta\"><h4 class=\"w-iconbox-title\">Visi\u00f3n<\/h4><div class=\"w-iconbox-text\"><p><strong>Apoyar el esfuerzo internacional de digitalizaci\u00f3n de poblaciones y empresas<\/strong> con bajos niveles de conectividad para generar c\u00edrculos virtuosos en todas las capas productivas de la sociedad a trav\u00e9s de los beneficios transversales del sector TMT<\/p>\n<\/div><\/div><\/div><\/div><\/div><\/div><div class=\"g-cols wpb_row us_custom_32425672 via_grid cols_1 laptops-cols_inherit tablets-cols_inherit mobiles-cols_1 valign_top type_default\" style=\"--gap:3rem;\"><div class=\"wpb_column vc_column_container us_custom_a833bf3c\"><div class=\"vc_column-inner\"><div class=\"w-iconbox us_custom_432d3f53 iconpos_left style_outlined color_custom align_left\"><div class=\"w-iconbox-icon\" style=\"font-size:2rem;--icon-color:#C01E2E;--icon-bg-color:#C01E2E;\"><i class=\"fal fa-users\"><\/i><\/div><div class=\"w-iconbox-meta\"><h4 class=\"w-iconbox-title\">Valores<\/h4><div class=\"w-iconbox-text\"><p><strong>Empoderar a las personas y construir un equipo apasionado<\/strong> Cuando realmente trabajamos como equipo, somos m\u00e1s inteligentes, agiles y competitivos que cualquiera de nosotros por separado. Nos importa lo suficiente ayudarnos, ense\u00f1arnos y aprender los unos de los otros en un ambiente de comunicaci\u00f3n abierta, confianza y respeto. La pasi\u00f3n es el intenso cuidado y sentido de orgullo que nos impulsa a ir m\u00e1s all\u00e1 para comprender y satisfacer las necesidades de nuestros clientes. Cuando trabajamos juntos con creatividad y responsabilidad, sobresalimos, nuestros clientes tienen \u00e9xito y nuestra empresa prospera.<\/p>\n<p>\u00a0<strong>Crear impacto a trav\u00e9s de la excelencia<\/strong> En nuestro espacio de mercado altamente competitivo, somos responsables de entregar resultados de calidad. Fide Partners se destaca por el esfuerzo constante por alcanzar la excelencia en el servicio y el trabajar juntos para alcanzar nuestro m\u00e1ximo potencial. La industria TMT es un importante catalizador para el desarrollo y creador de c\u00edrculos virtuosos para la econom\u00eda global. Trabajamos junto a nuestros clientes para crear una oportunidad trascendental de cambio social, econ\u00f3mico y ambiental.<\/p>\n<\/div><\/div><\/div><\/div><\/div><\/div><\/div><\/div><\/div><\/div><\/section><section class=\"l-section wpb_row us_custom_66e047ae height_custom with_img parallax_fixed\"><div class=\"l-section-img\" role=\"img\" data-img-width=\"1600\" data-img-height=\"1000\" style=\"background-image: url(https:\/\/fidepartners.com\/wp-content\/uploads\/2022\/09\/metas.jpg);background-repeat: no-repeat;\"><\/div><div class=\"l-section-h i-cf\"><div class=\"g-cols vc_row via_grid cols_1 laptops-cols_inherit tablets-cols_inherit mobiles-cols_1 valign_top type_default stacking_default\"><div class=\"wpb_column vc_column_container\"><div class=\"vc_column-inner\"><h3 class=\"w-itext us_custom_78b55091 has_text_color type_typingChars align_left dynamic_bold\" onclick='return {&quot;duration&quot;:100,&quot;delay&quot;:200,&quot;disablePartAnimation&quot;:false,&quot;html_nbsp_char&quot;:true}'>Nuestros\u00a0objetivos ... <span class=\"w-itext-part changesat_0 changesat_1 changesat_2 changesat_3 dynamic\" onclick='return [&quot;Compartir\\u00a0la\\u00a0pasi\\u00f3n&quot;,&quot;Abanderados\\u00a0del\\u00a0trabajo\\u00a0en\\u00a0equipo&quot;,&quot;Aportar\\u00a0soluciones\\u00a0a\\u00a0largo\\u00a0plazo&quot;,&quot;Trabajar\\u00a0para\\u00a0alcanzar\\u00a0los\\u00a0ODS\\u00a02030&quot;]'><span>Compartir&nbsp;la&nbsp;pasi&oacute;n<\/span><i class=\"w-itext-cursor\"><\/i><\/span><\/h3><\/div><\/div><\/div><\/div><\/section>\n","protected":false},"excerpt":{"rendered":"Misi\u00f3n, visi\u00f3n y valoresNos comprometemos a apoyar a nuestros clientes para que alcancen sus objetivos con los m\u00e1s altos est\u00e1ndares profesionales. Construimos las bases de nuestras relaciones en la confianza mutua y la excelencia en asesor\u00eda. La excelencia solo se alcanza a trav\u00e9s de la pasi\u00f3n y el trabajo riguroso, por eso creemos que construir...","protected":false},"author":1,"featured_media":0,"parent":0,"menu_order":0,"comment_status":"closed","ping_status":"closed","template":"","meta":{"inline_featured_image":false,"footnotes":""},"class_list":["post-704","page","type-page","status-publish","hentry"],"yoast_head":"<!-- This site is optimized with the Yoast SEO plugin v23.9 - https:\/\/yoast.com\/wordpress\/plugins\/seo\/ -->\n<title>Misi\u00f3n, Visi\u00f3n y Valores | Fide Partners<\/title>\n<meta name=\"description\" content=\"Nos dedicamos a ayudar a nuestros clientes a alcanzar sus objetivos con la m\u00e1xima profesionalidad. \u00a1Conozca un poco m\u00e1s sobre nosotros!\" \/>\n<meta name=\"robots\" content=\"index, follow, max-snippet:-1, max-image-preview:large, max-video-preview:-1\" \/>\n<link rel=\"canonical\" href=\"https:\/\/fidepartners.com\/es\/mision-vision-valores\/\" \/>\n<meta property=\"og:locale\" content=\"es_ES\" \/>\n<meta property=\"og:type\" content=\"article\" \/>\n<meta property=\"og:title\" content=\"Misi\u00f3n, Visi\u00f3n y Valores | Fide Partners\" \/>\n<meta property=\"og:description\" content=\"Nos dedicamos a ayudar a nuestros clientes a alcanzar sus objetivos con la m\u00e1xima profesionalidad. \u00a1Conozca un poco m\u00e1s sobre nosotros!\" \/>\n<meta property=\"og:url\" content=\"https:\/\/fidepartners.com\/es\/mision-vision-valores\/\" \/>\n<meta property=\"og:site_name\" content=\"Firma de consultor\u00eda estrat\u00e9gica y de gesti\u00f3n\u00a0\" \/>\n<meta property=\"article:modified_time\" content=\"2024-12-14T17:00:00+00:00\" \/>\n<meta name=\"twitter:card\" content=\"summary_large_image\" \/>\n<meta name=\"twitter:label1\" content=\"Tiempo de lectura\" \/>\n\t<meta name=\"twitter:data1\" content=\"2 minutos\" \/>\n<script type=\"application\/ld+json\" class=\"yoast-schema-graph\">{\"@context\":\"https:\/\/schema.org\",\"@graph\":[{\"@type\":\"WebPage\",\"@id\":\"https:\/\/fidepartners.com\/es\/mision-vision-valores\/\",\"url\":\"https:\/\/fidepartners.com\/es\/mision-vision-valores\/\",\"name\":\"Misi\u00f3n, Visi\u00f3n y Valores | Fide Partners\",\"isPartOf\":{\"@id\":\"https:\/\/fidepartners.com\/es\/#website\"},\"datePublished\":\"2022-01-25T08:59:34+00:00\",\"dateModified\":\"2024-12-14T17:00:00+00:00\",\"description\":\"Nos dedicamos a ayudar a nuestros clientes a alcanzar sus objetivos con la m\u00e1xima profesionalidad. \u00a1Conozca un poco m\u00e1s sobre nosotros!\",\"breadcrumb\":{\"@id\":\"https:\/\/fidepartners.com\/es\/mision-vision-valores\/#breadcrumb\"},\"inLanguage\":\"es\",\"potentialAction\":[{\"@type\":\"ReadAction\",\"target\":[\"https:\/\/fidepartners.com\/es\/mision-vision-valores\/\"]}]},{\"@type\":\"BreadcrumbList\",\"@id\":\"https:\/\/fidepartners.com\/es\/mision-vision-valores\/#breadcrumb\",\"itemListElement\":[{\"@type\":\"ListItem\",\"position\":1,\"name\":\"Portada\",\"item\":\"https:\/\/fidepartners.com\/es\/\"},{\"@type\":\"ListItem\",\"position\":2,\"name\":\"Misi\u00f3n, visi\u00f3n y valores\"}]},{\"@type\":\"WebSite\",\"@id\":\"https:\/\/fidepartners.com\/es\/#website\",\"url\":\"https:\/\/fidepartners.com\/es\/\",\"name\":\"Firma de consultor\u00eda estrat\u00e9gica y de gesti\u00f3n\u00a0\",\"description\":\"Aportamos y comprometemos nuestra s\u00f3lida experiencia para apoyar a todos los actores de la cadena de valor de las TMT y del ecosistema digital\",\"potentialAction\":[{\"@type\":\"SearchAction\",\"target\":{\"@type\":\"EntryPoint\",\"urlTemplate\":\"https:\/\/fidepartners.com\/es\/?s={search_term_string}\"},\"query-input\":{\"@type\":\"PropertyValueSpecification\",\"valueRequired\":true,\"valueName\":\"search_term_string\"}}],\"inLanguage\":\"es\"}]}<\/script>\n<!-- \/ Yoast SEO plugin. -->","yoast_head_json":{"title":"Misi\u00f3n, Visi\u00f3n y Valores | Fide Partners","description":"Nos dedicamos a ayudar a nuestros clientes a alcanzar sus objetivos con la m\u00e1xima profesionalidad. \u00a1Conozca un poco m\u00e1s sobre nosotros!","robots":{"index":"index","follow":"follow","max-snippet":"max-snippet:-1","max-image-preview":"max-image-preview:large","max-video-preview":"max-video-preview:-1"},"canonical":"https:\/\/fidepartners.com\/es\/mision-vision-valores\/","og_locale":"es_ES","og_type":"article","og_title":"Misi\u00f3n, Visi\u00f3n y Valores | Fide Partners","og_description":"Nos dedicamos a ayudar a nuestros clientes a alcanzar sus objetivos con la m\u00e1xima profesionalidad. \u00a1Conozca un poco m\u00e1s sobre nosotros!","og_url":"https:\/\/fidepartners.com\/es\/mision-vision-valores\/","og_site_name":"Firma de consultor\u00eda estrat\u00e9gica y de gesti\u00f3n\u00a0","article_modified_time":"2024-12-14T17:00:00+00:00","twitter_card":"summary_large_image","twitter_misc":{"Tiempo de lectura":"2 minutos"},"schema":{"@context":"https:\/\/schema.org","@graph":[{"@type":"WebPage","@id":"https:\/\/fidepartners.com\/es\/mision-vision-valores\/","url":"https:\/\/fidepartners.com\/es\/mision-vision-valores\/","name":"Misi\u00f3n, Visi\u00f3n y Valores | Fide Partners","isPartOf":{"@id":"https:\/\/fidepartners.com\/es\/#website"},"datePublished":"2022-01-25T08:59:34+00:00","dateModified":"2024-12-14T17:00:00+00:00","description":"Nos dedicamos a ayudar a nuestros clientes a alcanzar sus objetivos con la m\u00e1xima profesionalidad. \u00a1Conozca un poco m\u00e1s sobre nosotros!","breadcrumb":{"@id":"https:\/\/fidepartners.com\/es\/mision-vision-valores\/#breadcrumb"},"inLanguage":"es","potentialAction":[{"@type":"ReadAction","target":["https:\/\/fidepartners.com\/es\/mision-vision-valores\/"]}]},{"@type":"BreadcrumbList","@id":"https:\/\/fidepartners.com\/es\/mision-vision-valores\/#breadcrumb","itemListElement":[{"@type":"ListItem","position":1,"name":"Portada","item":"https:\/\/fidepartners.com\/es\/"},{"@type":"ListItem","position":2,"name":"Misi\u00f3n, visi\u00f3n y valores"}]},{"@type":"WebSite","@id":"https:\/\/fidepartners.com\/es\/#website","url":"https:\/\/fidepartners.com\/es\/","name":"Firma de consultor\u00eda estrat\u00e9gica y de gesti\u00f3n\u00a0","description":"Aportamos y comprometemos nuestra s\u00f3lida experiencia para apoyar a todos los actores de la cadena de valor de las TMT y del ecosistema digital","potentialAction":[{"@type":"SearchAction","target":{"@type":"EntryPoint","urlTemplate":"https:\/\/fidepartners.com\/es\/?s={search_term_string}"},"query-input":{"@type":"PropertyValueSpecification","valueRequired":true,"valueName":"search_term_string"}}],"inLanguage":"es"}]}},"_links":{"self":[{"href":"https:\/\/fidepartners.com\/es\/wp-json\/wp\/v2\/pages\/704","targetHints":{"allow":["GET"]}}],"collection":[{"href":"https:\/\/fidepartners.com\/es\/wp-json\/wp\/v2\/pages"}],"about":[{"href":"https:\/\/fidepartners.com\/es\/wp-json\/wp\/v2\/types\/page"}],"author":[{"embeddable":true,"href":"https:\/\/fidepartners.com\/es\/wp-json\/wp\/v2\/users\/1"}],"replies":[{"embeddable":true,"href":"https:\/\/fidepartners.com\/es\/wp-json\/wp\/v2\/comments?post=704"}],"version-history":[{"count":2,"href":"https:\/\/fidepartners.com\/es\/wp-json\/wp\/v2\/pages\/704\/revisions"}],"predecessor-version":[{"id":3917,"href":"https:\/\/fidepartners.com\/es\/wp-json\/wp\/v2\/pages\/704\/revisions\/3917"}],"wp:attachment":[{"href":"https:\/\/fidepartners.com\/es\/wp-json\/wp\/v2\/media?parent=704"}],"curies":[{"name":"wp","href":"https:\/\/api.w.org\/{rel}","templated":true}]}}